{"id":3507,"date":"2025-05-16T16:29:00","date_gmt":"2025-05-16T14:29:00","guid":{"rendered":"https:\/\/dev.atriographics.es\/politica-de-privacidade\/"},"modified":"2025-07-08T10:18:37","modified_gmt":"2025-07-08T08:18:37","slug":"politica-de-privacidade","status":"publish","type":"page","link":"https:\/\/atriographics.es\/pt-pt\/politica-de-privacidade\/","title":{"rendered":"Pol\u00edtica de Privacidade"},"content":{"rendered":"<section class=\"l-section wpb_row height_medium\"><div class=\"l-section-h i-cf\"><div class=\"g-cols vc_row via_flex valign_top type_default stacking_default\"><div class=\"vc_col-sm-12 wpb_column vc_column_container\"><div class=\"vc_column-inner\"><div class=\"wpb_wrapper\"><h1 class=\"w-post-elm post_title entry-title\">Pol\u00edtica de Privacidade<\/h1><div class=\"w-separator size_medium\"><\/div><div class=\"wpb_text_column\"><div class=\"wpb_wrapper\"><h2>1. Respons\u00e1vel pelo tratamento<\/h2>\n<\/div><\/div><div class=\"w-separator size_small\"><\/div><div class=\"wpb_text_column\"><div class=\"wpb_wrapper\"><p>3D Atrio Gr\u00e1ficos Sl<\/p>\n<p>Nome comercial: Atrio Graphics<\/p>\n<p>CIF: B02785558<\/p>\n<p>Endere\u00e7o: Plza. Ricardo Molina, 2, Blq 1, 3\u00baB, 14500 Puente Genil (C\u00f3rdoba) <\/p>\n<p>E-mail: <a href=\"mailto:info@atriographics.es\" target=\"_blank\" rel=\"noopener\">info@atriographics.es<\/a><\/p>\n<\/div><\/div><div class=\"w-separator size_medium\"><\/div><div class=\"wpb_text_column\"><div class=\"wpb_wrapper\"><h2>2. Que dados recolhemos?<\/h2>\n<\/div><\/div><div class=\"w-separator size_small\"><\/div><div class=\"wpb_text_column\"><div class=\"wpb_wrapper\"><p>O Regulamento Geral sobre a Prote\u00e7\u00e3o de Dados define dados pessoais como qualquer informa\u00e7\u00e3o sobre uma pessoa singular identificada ou identific\u00e1vel, ou seja, qualquer informa\u00e7\u00e3o capaz de identificar uma pessoa. Tal n\u00e3o incluiria dados anonimizados, nem percentagens. <\/p>\n<p>Os dados pessoais que possam ser recolhidos diretamente junto do interessado ser\u00e3o tratados confidencialmente e incorporados nas atividades de tratamento correspondentes, propriedade da 3D Atrio Graphics S.L.<\/p>\n<p>No nosso Website podemos processar certos tipos de dados pessoais, que podem incluir:<\/p>\n<ul>\n<li>Dados de identidade: nome.<\/li>\n<li>Dados de contacto: e-mail e telefone.<\/li>\n<\/ul>\n<p>N\u00e3o recolhemos quaisquer dados relacionados com categorias especiais de dados pessoais (aqueles que revelem a sua origem racial ou \u00e9tnica, opini\u00f5es pol\u00edticas, convic\u00e7\u00f5es religiosas ou filos\u00f3ficas, filia\u00e7\u00e3o sindical e informa\u00e7\u00f5es de sa\u00fade, dados gen\u00e9ticos ou biom\u00e9tricos).<\/p>\n<p>No caso de ser obrigado a recolher dados pessoais por lei ou nos termos do contrato entre n\u00f3s e se recusar a fornec\u00ea-los, poderemos n\u00e3o ser capazes de executar tal contrato ou fornecer o servi\u00e7o e deve notificar-nos com anteced\u00eancia.<\/p>\n<\/div><\/div><div class=\"w-separator size_medium\"><\/div><div class=\"wpb_text_column\"><div class=\"wpb_wrapper\"><h2>3. Como recolhemos os seus dados pessoais?<\/h2>\n<\/div><\/div><div class=\"w-separator size_small\"><\/div><div class=\"wpb_text_column\"><div class=\"wpb_wrapper\"><p>Os meios que utilizamos para recolher dados pessoais s\u00e3o:<\/p>\n<ul>\n<li><b>Atrav\u00e9s do formul\u00e1rio no nosso site, atrav\u00e9s do nosso email de contacto, por telefone ou correio, quando:<\/b>\n<ul>\n<li style=\"font-weight: 400;\" aria-level=\"2\">Solicite informa\u00e7\u00f5es sobre os nossos servi\u00e7os<\/li>\n<li style=\"font-weight: 400;\" aria-level=\"2\">Contratar a presta\u00e7\u00e3o dos nossos servi\u00e7os<\/li>\n<li style=\"font-weight: 400;\" aria-level=\"2\">Pedir or\u00e7amento<\/li>\n<li style=\"font-weight: 400;\" aria-level=\"2\">Envie os seus coment\u00e1rios<\/li>\n<\/ul>\n<\/li>\n<\/ul>\n<p>Para garantir a qualidade do nosso site, reservamo-nos o direito de recusar qualquer pedido de registo ou de suspender ou cancelar um registo previamente aceite se acreditarmos que n\u00e3o cumpre estes requisitos ou qualquer outra lei ou regulamento. Se isso acontecer, tentaremos explicar as raz\u00f5es da nossa decis\u00e3o, mas n\u00e3o podemos comprometer-nos a faz\u00ea-lo em todos os casos. <\/p>\n<ul>\n<li><b>Atrav\u00e9s de tecnologia ou intera\u00e7\u00f5es automatizadas<\/b>: No nosso site podemos recolher automaticamente dados t\u00e9cnicos sobre o seu equipamento, a\u00e7\u00f5es de navega\u00e7\u00e3o e padr\u00f5es de utiliza\u00e7\u00e3o. Estes dados s\u00e3o recolhidos atrav\u00e9s de cookies ou tecnologias semelhantes. <\/li>\n<li aria-level=\"1\"><b>Atrav\u00e9s de terceiros:<\/b><\/li>\n<\/ul>\n<ul>\n<li style=\"list-style-type: none;\">\n<ul>\n<li style=\"font-weight: 400;\" aria-level=\"2\"><b>Google:<\/b> dados anal\u00edticos ou de pesquisa. Fora da Uni\u00e3o Europeia. <\/li>\n<\/ul>\n<\/li>\n<\/ul>\n<\/div><\/div><div class=\"w-separator size_medium\"><\/div><div class=\"wpb_text_column\"><div class=\"wpb_wrapper\"><h2>4. Finalidade e legitimidade para a utiliza\u00e7\u00e3o dos seus dados<\/h2>\n<\/div><\/div><div class=\"w-separator size_small\"><\/div><div class=\"wpb_text_column\"><div class=\"wpb_wrapper\"><p>As utiliza\u00e7\u00f5es mais comuns dos seus dados pessoais s\u00e3o:<\/p>\n<ul>\n<li style=\"font-weight: 400;\" aria-level=\"1\">Para a formaliza\u00e7\u00e3o de um contrato entre a 3D Atrio Graphics S.L. e voc\u00ea.<\/li>\n<li style=\"font-weight: 400;\" aria-level=\"1\">Quando d\u00e1 o seu consentimento para o tratamento dos seus dados.<\/li>\n<li style=\"font-weight: 400;\" aria-level=\"1\">Quando precisamos deles para cumprir uma obriga\u00e7\u00e3o legal ou regulamentar.<\/li>\n<li style=\"font-weight: 400;\" aria-level=\"1\">Quando for necess\u00e1rio para o nosso interesse leg\u00edtimo ou de um terceiro.<\/li>\n<\/ul>\n<p>O Utilizador pode revogar o consentimento dado a qualquer momento, enviando um e-mail para <a href=\"mailto:info@atriographics.es\" target=\"_blank\" rel=\"noopener\">info@atriographics.es<\/a> ou consultando a sec\u00e7\u00e3o sobre o exerc\u00edcio de direitos abaixo.<\/p>\n<\/div><\/div><div class=\"w-separator size_medium\"><\/div><div class=\"wpb_text_column\"><div class=\"wpb_wrapper\"><h2>5. Durante quanto tempo conservaremos os seus dados?<\/h2>\n<\/div><\/div><div class=\"w-separator size_small\"><\/div><div class=\"wpb_text_column\"><div class=\"wpb_wrapper\"><p>Ser\u00e3o conservados pelo tempo necess\u00e1rio para cumprir com a finalidade para a qual foram recolhidos e para determinar as poss\u00edveis responsabilidades que possam advir dessa finalidade e do tratamento dos dados. Aplicar-se-\u00e3o as disposi\u00e7\u00f5es dos diferentes regulamentos relativos ao per\u00edodo de armazenamento, na medida em que sejam aplic\u00e1veis a este tratamento.<\/p>\n<\/div><\/div><div class=\"w-separator size_medium\"><\/div><div class=\"wpb_text_column\"><div class=\"wpb_wrapper\"><h2>6. Menores<\/h2>\n<\/div><\/div><div class=\"w-separator size_small\"><\/div><div class=\"wpb_text_column\"><div class=\"wpb_wrapper\"><p>A 3D Atrio Graphics S.L. n\u00e3o autoriza menores de 14 anos a fornecer os seus dados pessoais atrav\u00e9s dos meios disponibilizados neste website (preenchimento dos formul\u00e1rios web para solicitar servi\u00e7os, contactar ou enviar e-mails). Portanto, as pessoas que fornecem dados pessoais usando esses meios declaram formalmente que s\u00e3o maiores de 14 anos, e a 3D Atrio Graphics S.L. est\u00e1 isenta de qualquer responsabilidade pelo n\u00e3o cumprimento deste requisito. <\/p>\n<p>Se o seu filho com idade inferior ao limite de idade forneceu informa\u00e7\u00f5es pessoais \u00e0 3D Atrio Graphics S.L., contacte-nos para solicitar o exerc\u00edcio dos seus direitos aplic\u00e1veis.<\/p>\n<p>Nos casos em que os servi\u00e7os oferecidos pela 3D Atrio Graphics S.L. se destinam a menores de 14 anos, os meios ser\u00e3o habilitados para obter a autoriza\u00e7\u00e3o dos pais ou respons\u00e1veis legais do menor.<\/p>\n<\/div><\/div><div class=\"w-separator size_medium\"><\/div><div class=\"wpb_text_column\"><div class=\"wpb_wrapper\"><h2>7. Exerc\u00edcio dos direitos em mat\u00e9ria de prote\u00e7\u00e3o de dados<\/h2>\n<\/div><\/div><div class=\"w-separator size_small\"><\/div><div class=\"wpb_text_column\"><div class=\"wpb_wrapper\"><p>Como exercer estes direitos? Os usu\u00e1rios podem enviar uma comunica\u00e7\u00e3o para a sede social da 3D Atrio Graphics S.L. ou <a href=\"mailto:info@atriographics.es\" target=\"_blank\" rel=\"noopener\">info@atriographics.es<\/a> endere\u00e7o de e-mail, incluindo, em ambos os casos, uma fotoc\u00f3pia de seu cart\u00e3o de identidade ou outro documento de identifica\u00e7\u00e3o similar, para solicitar o exerc\u00edcio dos seguintes direitos: <\/p>\n<ul>\n<li style=\"font-weight: 400;\" aria-level=\"1\">Acesso aos seus dados pessoais: pode perguntar \u00e0 3D Atrio Graphics S.L. se est\u00e1 a utilizar os seus dados pessoais.<\/li>\n<li style=\"font-weight: 400;\" aria-level=\"1\">Solicitar a sua retifica\u00e7\u00e3o, caso n\u00e3o estejam corretas, ou exercer o direito a ser esquecido em rela\u00e7\u00e3o a elas.<\/li>\n<li style=\"font-weight: 400;\" aria-level=\"1\">Para solicitar a limita\u00e7\u00e3o do processamento, neste caso, s\u00f3 ser\u00e1 mantido pela 3D Atrio Graphics S.L. para o exerc\u00edcio ou defesa de reivindica\u00e7\u00f5es.<\/li>\n<li style=\"font-weight: 400;\" aria-level=\"1\">Para se opor ao seu processamento: a 3D Atrio Graphics S.L. permitir\u00e1 que os dados sejam processados da maneira que voc\u00ea indicar, a menos que por motivos leg\u00edtimos ou para o exerc\u00edcio ou defesa de poss\u00edveis reivindica\u00e7\u00f5es, eles devem continuar a ser processados.<\/li>\n<li style=\"font-weight: 400;\" aria-level=\"1\">Portabilidade de dados: caso pretenda que os seus dados sejam processados por outra empresa, a 3D Atrio Graphics S.L., facilitar\u00e1 a portabilidade dos seus dados para o novo controlador.<\/li>\n<\/ul>\n<p>Pode utilizar os formul\u00e1rios disponibilizados pela Ag\u00eancia Espanhola de Prote\u00e7\u00e3o de Dados para exercer os seus direitos acima: <a href=\"https:\/\/www.aepd.es\/reglamento\/derechos\/index.html\" target=\"_blank\" rel=\"noopener\">Aqui<\/a>.<\/p>\n<p>Reclame com a AEPD: se considerar que existe um problema com a forma como a 3D Atrio Graphics S.L. est\u00e1 a processar os seus dados, pode dirigir as suas reclama\u00e7\u00f5es \u00e0 autoridade de controlo correspondente, que em Espanha \u00e9 a autoridade competente: <a href=\"https:\/\/sedeagpd.gob.es\/sede-electronica-web\/vistas\/formNuevaReclamacion\/solicitudReclamacion.jsf;jsessionid=5085E2038B4210818633610065963C3E\" target=\"_blank\" rel=\"noopener\">Ag\u00eancia Espanhola de Prote\u00e7\u00e3o de Dados<\/a>.<\/p>\n<p>Iremos pedir-lhe informa\u00e7\u00f5es espec\u00edficas para nos ajudar a confirmar a sua identidade e garantir o seu direito de aceder aos seus dados pessoais (ou exercer qualquer um dos outros direitos mencionados acima). Trata-se de uma medida de seguran\u00e7a para garantir que os dados pessoais n\u00e3o s\u00e3o divulgados a qualquer pessoa que n\u00e3o tenha o direito de os receber. <\/p>\n<p>Todos os pedidos ser\u00e3o resolvidos dentro do prazo legal indicado de um m\u00eas. No entanto, pode demorar mais de um m\u00eas se a sua candidatura for particularmente complexa. Neste caso, iremos notific\u00e1-lo e mant\u00ea-lo atualizado.<\/p>\n<\/div><\/div><div class=\"w-separator size_medium\"><\/div><div class=\"wpb_text_column\"><div class=\"wpb_wrapper\"><h2>8. Comunica\u00e7\u00e3o de Dados: Presta\u00e7\u00e3o de Servi\u00e7os<\/h2>\n<\/div><\/div><div class=\"w-separator size_small\"><\/div><div class=\"wpb_text_column\"><div class=\"wpb_wrapper\"><p>\u00c9 poss\u00edvel que, no desempenho do nosso trabalho, precisemos da ajuda de terceiros, que apenas tratar\u00e3o os dados para prestar o servi\u00e7o contratado, e com os quais temos as medidas correspondentes para garantir os seus direitos:<\/p>\n<ul>\n<li style=\"font-weight: 400;\" aria-level=\"1\">Prestadores de servi\u00e7os que prestam servi\u00e7os de administra\u00e7\u00e3o de sistemas e tecnologia da informa\u00e7\u00e3o.<\/li>\n<li style=\"font-weight: 400;\" aria-level=\"1\">Consultores profissionais, incluindo advogados, auditores e seguradoras que prestam servi\u00e7os de consultoria banc\u00e1ria, jur\u00eddica, de seguros e contabil\u00edstica.<\/li>\n<\/ul>\n<p>Todos os processadores para os quais transferimos os seus dados respeitar\u00e3o a seguran\u00e7a dos seus dados pessoais e process\u00e1-los-\u00e3o de acordo com o RGPD.<\/p>\n<p>Apenas permitimos que esses processadores processem os seus dados para determinados fins e de acordo com as nossas instru\u00e7\u00f5es. No entanto, pode solicitar-nos, em conformidade com a transpar\u00eancia, uma lista de quem s\u00e3o estas empresas que prestam servi\u00e7os, pode faz\u00ea-lo por email: <a href=\"mailto:info@atriographics.es\" target=\"_blank\" rel=\"noopener\">info@atriographics.es<\/a>.<\/p>\n<\/div><\/div><div class=\"w-separator size_medium\"><\/div><div class=\"wpb_text_column\"><div class=\"wpb_wrapper\"><h2>9. Seguran\u00e7a dos Dados<\/h2>\n<\/div><\/div><div class=\"w-separator size_small\"><\/div><div class=\"wpb_text_column\"><div class=\"wpb_wrapper\"><p>Implement\u00e1mos medidas de seguran\u00e7a adequadas para evitar que os seus dados pessoais sejam acidentalmente perdidos, utilizados ou acedidos de forma n\u00e3o autorizada, modificados ou divulgados. Al\u00e9m disso, limitamos o acesso aos seus dados pessoais aos funcion\u00e1rios, agentes, contratantes e outros terceiros que t\u00eam uma necessidade comercial de conhecer esses dados. Apenas tratar\u00e3o os seus dados pessoais de acordo com as nossas instru\u00e7\u00f5es e estar\u00e3o sujeitos a um dever de confidencialidade.  <\/p>\n<p>Implement\u00e1mos procedimentos para lidar com qualquer suspeita de viola\u00e7\u00e3o dos seus dados pessoais e notific\u00e1-lo-emos a si e \u00e0 Autoridade de Supervis\u00e3o em caso de viola\u00e7\u00e3o de seguran\u00e7a, conforme regulado pelos Artigos 33.\u00ba e 34.\u00ba do RGPD.<\/p>\n<\/div><\/div><\/div><\/div><\/div><\/div><\/div><\/section>\n","protected":false},"excerpt":{"rendered":"Pol\u00edtica de Privacidade1. Respons\u00e1vel pelo tratamento 3D Atrio Gr\u00e1ficos Sl Nome comercial: Atrio Graphics CIF: B02785558 Endere\u00e7o: Plza. Ricardo Molina, 2, Blq 1, 3\u00baB, 14500 Puente Genil (C\u00f3rdoba) E-mail: info@atriographics.es 2. Que dados recolhemos? O Regulamento Geral sobre a Prote\u00e7\u00e3o de Dados define dados pessoais como qualquer informa\u00e7\u00e3o sobre uma pessoa singular identificada ou identific\u00e1vel,...","protected":false},"author":1,"featured_media":0,"parent":0,"menu_order":0,"comment_status":"closed","ping_status":"open","template":"","meta":{"footnotes":""},"class_list":["post-3507","page","type-page","status-publish","hentry"],"yoast_head":"<!-- This site is optimized with the Yoast SEO plugin v27.4 - https:\/\/yoast.com\/product\/yoast-seo-wordpress\/ -->\n<title>Pol\u00edtica de Privacidade | Atrio Graphics<\/title>\n<meta name=\"robots\" content=\"index, follow, max-snippet:-1, max-image-preview:large, max-video-preview:-1\" \/>\n<link rel=\"canonical\" href=\"https:\/\/atriographics.es\/pt-pt\/politica-de-privacidade\/\" \/>\n<meta property=\"og:locale\" content=\"pt_PT\" \/>\n<meta property=\"og:type\" content=\"article\" \/>\n<meta property=\"og:title\" content=\"Pol\u00edtica de Privacidade | Atrio Graphics\" \/>\n<meta property=\"og:url\" content=\"https:\/\/atriographics.es\/pt-pt\/politica-de-privacidade\/\" \/>\n<meta property=\"og:site_name\" content=\"Atrio Graphics\" \/>\n<meta property=\"article:modified_time\" content=\"2025-07-08T08:18:37+00:00\" \/>\n<meta name=\"twitter:card\" content=\"summary_large_image\" \/>\n<meta name=\"twitter:label1\" content=\"Tempo estimado de leitura\" \/>\n\t<meta name=\"twitter:data1\" content=\"8 minutos\" \/>\n<script type=\"application\/ld+json\" class=\"yoast-schema-graph\">{\"@context\":\"https:\\\/\\\/schema.org\",\"@graph\":[{\"@type\":\"WebPage\",\"@id\":\"https:\\\/\\\/atriographics.es\\\/pt-pt\\\/politica-de-privacidade\\\/\",\"url\":\"https:\\\/\\\/atriographics.es\\\/pt-pt\\\/politica-de-privacidade\\\/\",\"name\":\"Pol\u00edtica de Privacidade | Atrio Graphics\",\"isPartOf\":{\"@id\":\"https:\\\/\\\/atriographics.es\\\/#website\"},\"datePublished\":\"2025-05-16T14:29:00+00:00\",\"dateModified\":\"2025-07-08T08:18:37+00:00\",\"breadcrumb\":{\"@id\":\"https:\\\/\\\/atriographics.es\\\/pt-pt\\\/politica-de-privacidade\\\/#breadcrumb\"},\"inLanguage\":\"pt-PT\",\"potentialAction\":[{\"@type\":\"ReadAction\",\"target\":[\"https:\\\/\\\/atriographics.es\\\/pt-pt\\\/politica-de-privacidade\\\/\"]}]},{\"@type\":\"BreadcrumbList\",\"@id\":\"https:\\\/\\\/atriographics.es\\\/pt-pt\\\/politica-de-privacidade\\\/#breadcrumb\",\"itemListElement\":[{\"@type\":\"ListItem\",\"position\":1,\"name\":\"Inicio\",\"item\":\"https:\\\/\\\/atriographics.es\\\/pt-pt\\\/\"},{\"@type\":\"ListItem\",\"position\":2,\"name\":\"Pol\u00edtica de Privacidade\"}]},{\"@type\":\"WebSite\",\"@id\":\"https:\\\/\\\/atriographics.es\\\/#website\",\"url\":\"https:\\\/\\\/atriographics.es\\\/\",\"name\":\"Atrio Graphics\",\"description\":\"Dise\u00f1o de espacios en la nube.\",\"publisher\":{\"@id\":\"https:\\\/\\\/atriographics.es\\\/#organization\"},\"potentialAction\":[{\"@type\":\"SearchAction\",\"target\":{\"@type\":\"EntryPoint\",\"urlTemplate\":\"https:\\\/\\\/atriographics.es\\\/?s={search_term_string}\"},\"query-input\":{\"@type\":\"PropertyValueSpecification\",\"valueRequired\":true,\"valueName\":\"search_term_string\"}}],\"inLanguage\":\"pt-PT\"},{\"@type\":\"Organization\",\"@id\":\"https:\\\/\\\/atriographics.es\\\/#organization\",\"name\":\"Atrio Graphics\",\"url\":\"https:\\\/\\\/atriographics.es\\\/\",\"logo\":{\"@type\":\"ImageObject\",\"inLanguage\":\"pt-PT\",\"@id\":\"https:\\\/\\\/atriographics.es\\\/#\\\/schema\\\/logo\\\/image\\\/\",\"url\":\"https:\\\/\\\/dev.atriographics.es\\\/wp-content\\\/uploads\\\/2025\\\/06\\\/logo_Atriographics.svg\",\"contentUrl\":\"https:\\\/\\\/dev.atriographics.es\\\/wp-content\\\/uploads\\\/2025\\\/06\\\/logo_Atriographics.svg\",\"width\":\"1024\",\"height\":\"1024\",\"caption\":\"Atrio Graphics\"},\"image\":{\"@id\":\"https:\\\/\\\/atriographics.es\\\/#\\\/schema\\\/logo\\\/image\\\/\"}}]}<\/script>\n<!-- \/ Yoast SEO plugin. -->","yoast_head_json":{"title":"Pol\u00edtica de Privacidade | Atrio Graphics","robots":{"index":"index","follow":"follow","max-snippet":"max-snippet:-1","max-image-preview":"max-image-preview:large","max-video-preview":"max-video-preview:-1"},"canonical":"https:\/\/atriographics.es\/pt-pt\/politica-de-privacidade\/","og_locale":"pt_PT","og_type":"article","og_title":"Pol\u00edtica de Privacidade | Atrio Graphics","og_url":"https:\/\/atriographics.es\/pt-pt\/politica-de-privacidade\/","og_site_name":"Atrio Graphics","article_modified_time":"2025-07-08T08:18:37+00:00","twitter_card":"summary_large_image","twitter_misc":{"Tempo estimado de leitura":"8 minutos"},"schema":{"@context":"https:\/\/schema.org","@graph":[{"@type":"WebPage","@id":"https:\/\/atriographics.es\/pt-pt\/politica-de-privacidade\/","url":"https:\/\/atriographics.es\/pt-pt\/politica-de-privacidade\/","name":"Pol\u00edtica de Privacidade | Atrio Graphics","isPartOf":{"@id":"https:\/\/atriographics.es\/#website"},"datePublished":"2025-05-16T14:29:00+00:00","dateModified":"2025-07-08T08:18:37+00:00","breadcrumb":{"@id":"https:\/\/atriographics.es\/pt-pt\/politica-de-privacidade\/#breadcrumb"},"inLanguage":"pt-PT","potentialAction":[{"@type":"ReadAction","target":["https:\/\/atriographics.es\/pt-pt\/politica-de-privacidade\/"]}]},{"@type":"BreadcrumbList","@id":"https:\/\/atriographics.es\/pt-pt\/politica-de-privacidade\/#breadcrumb","itemListElement":[{"@type":"ListItem","position":1,"name":"Inicio","item":"https:\/\/atriographics.es\/pt-pt\/"},{"@type":"ListItem","position":2,"name":"Pol\u00edtica de Privacidade"}]},{"@type":"WebSite","@id":"https:\/\/atriographics.es\/#website","url":"https:\/\/atriographics.es\/","name":"Atrio Graphics","description":"Dise\u00f1o de espacios en la nube.","publisher":{"@id":"https:\/\/atriographics.es\/#organization"},"potentialAction":[{"@type":"SearchAction","target":{"@type":"EntryPoint","urlTemplate":"https:\/\/atriographics.es\/?s={search_term_string}"},"query-input":{"@type":"PropertyValueSpecification","valueRequired":true,"valueName":"search_term_string"}}],"inLanguage":"pt-PT"},{"@type":"Organization","@id":"https:\/\/atriographics.es\/#organization","name":"Atrio Graphics","url":"https:\/\/atriographics.es\/","logo":{"@type":"ImageObject","inLanguage":"pt-PT","@id":"https:\/\/atriographics.es\/#\/schema\/logo\/image\/","url":"https:\/\/dev.atriographics.es\/wp-content\/uploads\/2025\/06\/logo_Atriographics.svg","contentUrl":"https:\/\/dev.atriographics.es\/wp-content\/uploads\/2025\/06\/logo_Atriographics.svg","width":"1024","height":"1024","caption":"Atrio Graphics"},"image":{"@id":"https:\/\/atriographics.es\/#\/schema\/logo\/image\/"}}]}},"_links":{"self":[{"href":"https:\/\/atriographics.es\/pt-pt\/wp-json\/wp\/v2\/pages\/3507","targetHints":{"allow":["GET"]}}],"collection":[{"href":"https:\/\/atriographics.es\/pt-pt\/wp-json\/wp\/v2\/pages"}],"about":[{"href":"https:\/\/atriographics.es\/pt-pt\/wp-json\/wp\/v2\/types\/page"}],"author":[{"embeddable":true,"href":"https:\/\/atriographics.es\/pt-pt\/wp-json\/wp\/v2\/users\/1"}],"replies":[{"embeddable":true,"href":"https:\/\/atriographics.es\/pt-pt\/wp-json\/wp\/v2\/comments?post=3507"}],"version-history":[{"count":1,"href":"https:\/\/atriographics.es\/pt-pt\/wp-json\/wp\/v2\/pages\/3507\/revisions"}],"predecessor-version":[{"id":3510,"href":"https:\/\/atriographics.es\/pt-pt\/wp-json\/wp\/v2\/pages\/3507\/revisions\/3510"}],"wp:attachment":[{"href":"https:\/\/atriographics.es\/pt-pt\/wp-json\/wp\/v2\/media?parent=3507"}],"curies":[{"name":"wp","href":"https:\/\/api.w.org\/{rel}","templated":true}]}}