{"id":3489,"date":"2025-06-03T11:12:36","date_gmt":"2025-06-03T09:12:36","guid":{"rendered":"https:\/\/dev.atriographics.es\/politica-de-cookies\/"},"modified":"2025-07-08T10:17:12","modified_gmt":"2025-07-08T08:17:12","slug":"politica-de-cookies","status":"publish","type":"page","link":"https:\/\/atriographics.es\/pt-pt\/politica-de-cookies\/","title":{"rendered":"Pol\u00edtica de Cookies"},"content":{"rendered":"<section class=\"l-section wpb_row height_medium\"><div class=\"l-section-h i-cf\"><div class=\"g-cols vc_row via_flex valign_top type_default stacking_default\"><div class=\"vc_col-sm-12 wpb_column vc_column_container\"><div class=\"vc_column-inner\"><div class=\"wpb_wrapper\"><h1 class=\"w-post-elm post_title entry-title\">Pol\u00edtica de Cookies<\/h1><div class=\"w-separator size_medium\"><\/div><div class=\"wpb_text_column\"><div class=\"wpb_wrapper\"><h2>1. O que s\u00e3o cookies?<\/h2>\n<\/div><\/div><div class=\"w-separator size_small\"><\/div><div class=\"wpb_text_column\"><div class=\"wpb_wrapper\"><p>A 3D Atrio Graphics S.L. \u00e9 respons\u00e1vel pelo atriographics.es do site e utiliza cookies e\/ou outros ficheiros de funcionalidade semelhante (doravante &#8220;Cookies&#8221;).<\/p>\n<p>Os cookies s\u00e3o pequenos ficheiros de dados que s\u00e3o enviados para o computador, telem\u00f3vel ou outro dispositivo de acesso do utilizador quando este visita um website e que permitem obter informa\u00e7\u00e3o relativa \u00e0 sua navega\u00e7\u00e3o ou um c\u00f3digo que permite identificar inequivocamente o utilizador.<\/p>\n<\/div><\/div><div class=\"w-separator size_medium\"><\/div><div class=\"wpb_text_column\"><div class=\"wpb_wrapper\"><h2>2. Tipos de cookies e finalidades de utiliza\u00e7\u00e3o<\/h2>\n<\/div><\/div><div class=\"w-separator size_small\"><\/div><div class=\"wpb_text_column\"><div class=\"wpb_wrapper\"><p>O website atriographics.es utiliza cookies de sess\u00e3o e\/ou cookies persistentes que, por sua vez, podem ser cookies pr\u00f3prios e\/ou de terceiros.<\/p>\n<p>Cookies de sess\u00e3o s\u00e3o cookies projetados para coletar e armazenar dados enquanto o usu\u00e1rio acessa um site. Geralmente s\u00e3o usados para armazenar informa\u00e7\u00f5es que s\u00e3o apenas de interesse para serem mantidas para a presta\u00e7\u00e3o do servi\u00e7o solicitado pelo usu\u00e1rio em uma \u00fanica ocasi\u00e3o. <\/p>\n<p>Cookies persistentes s\u00e3o um tipo de cookies em que os dados ainda s\u00e3o armazenados no terminal e podem ser acessados e processados por um per\u00edodo definido pela pessoa respons\u00e1vel pelo cookie, e que pode variar de alguns minutos a v\u00e1rios anos.<\/p>\n<p><strong>Cookies prim\u00e1rios<\/strong>: aqueles criados ou geridos pela pessoa respons\u00e1vel pelo website. O website atriographics.es utiliza os seus pr\u00f3prios Cookies para os seguintes fins: <\/p>\n<ul>\n<li><strong>T\u00e9cnico<\/strong>: permitem ao utilizador navegar nas diferentes op\u00e7\u00f5es ou servi\u00e7os que nele existem, como, por exemplo, controlar o tr\u00e1fego e a comunica\u00e7\u00e3o de dados, identificar a sess\u00e3o, aceder a partes de acesso restrito, utilizar elementos de seguran\u00e7a durante a navega\u00e7\u00e3o, armazenar conte\u00fados.<\/li>\n<li><strong>Personaliza\u00e7\u00e3o<\/strong>: permitem ao utilizador aceder ao servi\u00e7o com algumas caracter\u00edsticas gerais predefinidas com base numa s\u00e9rie de crit\u00e9rios no terminal do utilizador, como, por exemplo, recordar prefer\u00eancias de reprodu\u00e7\u00e3o de v\u00eddeo.<\/li>\n<\/ul>\n<p><strong>Cookies de terceiros<\/strong>: aqueles gerenciados por provedores de servi\u00e7os que n\u00e3o a 3D Atrio Graphics S.L.<\/p>\n<\/div><\/div><div class=\"w-separator size_medium\"><\/div><div class=\"wpb_text_column\"><div class=\"wpb_wrapper\"><h2>3. Desativar ou apagar cookies<\/h2>\n<\/div><\/div><div class=\"w-separator size_small\"><\/div><div class=\"wpb_text_column\"><div class=\"wpb_wrapper\"><p>A maioria dos browsers permite-lhe gerir, a qualquer momento, as prefer\u00eancias do utilizador relativamente \u00e0 utiliza\u00e7\u00e3o de Cookies. Voc\u00ea pode configurar seu navegador para recusar Cookies ou excluir determinados Cookies a seu crit\u00e9rio. <\/p>\n<p>Para configurar os Cookies, o utilizador pode aceder:<\/p>\n<p><a href=\"https:\/\/support.google.com\/chrome\/answer\/95647?co=GENIE.Platform=Desktop&amp;&amp;hl=es\" target=\"_blank\" rel=\"noopener\">Google Chrome<\/a><br \/>\n<a href=\"https:\/\/support.mozilla.org\/es\/kb\/impedir-que-los-sitios-web-guarden-sus-preferencia\" target=\"_blank\" rel=\"noopener\">Mozilla Firefox<\/a><br \/>\n<a href=\"https:\/\/support.microsoft.com\/es-es\/windows\/eliminar-y-administrar-cookies-168dab11-0753-043d-7c16-ede5947fc64d\" target=\"_blank\" rel=\"noopener\">Explorador do Internet<\/a><br \/>\n<a href=\"https:\/\/support.microsoft.com\/es-es\/windows\/microsoft-edge-datos-de-exploraci%C3%B3n-y-privacidad-bb8174ba-9d73-dcf2-9b4a-c582b4e640dd\" target=\"_blank\" rel=\"noopener\">Borda da Microsoft<\/a><br \/>\n<a href=\"https:\/\/support.apple.com\/es-es\/HT201265\" target=\"_blank\" rel=\"noopener\">Saf\u00e1ri<\/a><br \/>\n<a href=\"https:\/\/help.opera.com\/en\/latest\/web-preferences\/#cookies\" target=\"_blank\" rel=\"noopener\">\u00d3pera<\/a><\/p>\n<p>O utilizador pode revogar o seu consentimento para a utiliza\u00e7\u00e3o de Cookies no seu navegador atrav\u00e9s das indica\u00e7\u00f5es acima ou atrav\u00e9s da instala\u00e7\u00e3o de um sistema de opt-out no seu navegador web.<\/p>\n<p>No caso dos Cookies do Google Analytics, o opt-out pode ser feito atrav\u00e9s do <a href=\"https:\/\/tools.google.com\/dlpage\/gaoptout?hl=None\" target=\"_blank\" rel=\"noopener\">seguinte link<\/a>.<\/p>\n<p>O utilizador deve estar ciente de que algumas funcionalidades dos conte\u00fados do website s\u00f3 atriographics.es est\u00e3o dispon\u00edveis se a instala\u00e7\u00e3o de Cookies for permitida no seu browser. Se optar por n\u00e3o aceitar ou bloquear determinados Cookies (dependendo da sua finalidade), tal poder\u00e1 afetar, no todo ou em parte, o normal funcionamento do website ou impedir o acesso a alguns servi\u00e7os do website.<\/p>\n<\/div><\/div><div class=\"w-separator size_medium\"><\/div><div class=\"wpb_text_column\"><div class=\"wpb_wrapper\"><h2>4. Atualiza\u00e7\u00f5es e altera\u00e7\u00f5es \u00e0 pol\u00edtica de cookies<\/h2>\n<\/div><\/div><div class=\"w-separator size_small\"><\/div><div class=\"wpb_text_column\"><div class=\"wpb_wrapper\"><p>A 3D Atrio Graphics S.L. pode modificar esta Pol\u00edtica de Cookies de acordo com novos requisitos legislativos ou regulamentares, ou para adaptar a referida pol\u00edtica \u00e0s instru\u00e7\u00f5es emitidas pela Ag\u00eancia Espanhola de Prote\u00e7\u00e3o de Dados.<\/p>\n<p>Se pretender obter mais informa\u00e7\u00f5es sobre como utilizamos os Cookies, pode enviar-nos um e-mail para: <a href=\"mailto:info@atriographics.es\" target=\"_blank\" rel=\"noopener\">info@atriographics.es<\/a>.<\/p>\n<\/div><\/div><\/div><\/div><\/div><\/div><\/div><\/section>\n","protected":false},"excerpt":{"rendered":"Pol\u00edtica de Cookies1. O que s\u00e3o cookies? A 3D Atrio Graphics S.L. \u00e9 respons\u00e1vel pelo atriographics.es do site e utiliza cookies e\/ou outros ficheiros de funcionalidade semelhante (doravante &#8220;Cookies&#8221;). Os cookies s\u00e3o pequenos ficheiros de dados que s\u00e3o enviados para o computador, telem\u00f3vel ou outro dispositivo de acesso do utilizador quando este visita um website...","protected":false},"author":1,"featured_media":0,"parent":0,"menu_order":0,"comment_status":"closed","ping_status":"open","template":"","meta":{"footnotes":""},"class_list":["post-3489","page","type-page","status-publish","hentry"],"yoast_head":"<!-- This site is optimized with the Yoast SEO plugin v27.4 - https:\/\/yoast.com\/product\/yoast-seo-wordpress\/ -->\n<title>Pol\u00edtica de Cookies | Atrio Graphics<\/title>\n<meta name=\"robots\" content=\"index, follow, max-snippet:-1, max-image-preview:large, max-video-preview:-1\" \/>\n<link rel=\"canonical\" href=\"https:\/\/atriographics.es\/pt-pt\/politica-de-cookies\/\" \/>\n<meta property=\"og:locale\" content=\"pt_PT\" \/>\n<meta property=\"og:type\" content=\"article\" \/>\n<meta property=\"og:title\" content=\"Pol\u00edtica de Cookies | Atrio Graphics\" \/>\n<meta property=\"og:url\" content=\"https:\/\/atriographics.es\/pt-pt\/politica-de-cookies\/\" \/>\n<meta property=\"og:site_name\" content=\"Atrio Graphics\" \/>\n<meta property=\"article:modified_time\" content=\"2025-07-08T08:17:12+00:00\" \/>\n<meta name=\"twitter:card\" content=\"summary_large_image\" \/>\n<meta name=\"twitter:label1\" content=\"Tempo estimado de leitura\" \/>\n\t<meta name=\"twitter:data1\" content=\"3 minutos\" \/>\n<script type=\"application\/ld+json\" class=\"yoast-schema-graph\">{\"@context\":\"https:\\\/\\\/schema.org\",\"@graph\":[{\"@type\":\"WebPage\",\"@id\":\"https:\\\/\\\/atriographics.es\\\/pt-pt\\\/politica-de-cookies\\\/\",\"url\":\"https:\\\/\\\/atriographics.es\\\/pt-pt\\\/politica-de-cookies\\\/\",\"name\":\"Pol\u00edtica de Cookies | Atrio Graphics\",\"isPartOf\":{\"@id\":\"https:\\\/\\\/atriographics.es\\\/#website\"},\"datePublished\":\"2025-06-03T09:12:36+00:00\",\"dateModified\":\"2025-07-08T08:17:12+00:00\",\"breadcrumb\":{\"@id\":\"https:\\\/\\\/atriographics.es\\\/pt-pt\\\/politica-de-cookies\\\/#breadcrumb\"},\"inLanguage\":\"pt-PT\",\"potentialAction\":[{\"@type\":\"ReadAction\",\"target\":[\"https:\\\/\\\/atriographics.es\\\/pt-pt\\\/politica-de-cookies\\\/\"]}]},{\"@type\":\"BreadcrumbList\",\"@id\":\"https:\\\/\\\/atriographics.es\\\/pt-pt\\\/politica-de-cookies\\\/#breadcrumb\",\"itemListElement\":[{\"@type\":\"ListItem\",\"position\":1,\"name\":\"Inicio\",\"item\":\"https:\\\/\\\/atriographics.es\\\/pt-pt\\\/\"},{\"@type\":\"ListItem\",\"position\":2,\"name\":\"Pol\u00edtica de Cookies\"}]},{\"@type\":\"WebSite\",\"@id\":\"https:\\\/\\\/atriographics.es\\\/#website\",\"url\":\"https:\\\/\\\/atriographics.es\\\/\",\"name\":\"Atrio Graphics\",\"description\":\"Dise\u00f1o de espacios en la nube.\",\"publisher\":{\"@id\":\"https:\\\/\\\/atriographics.es\\\/#organization\"},\"potentialAction\":[{\"@type\":\"SearchAction\",\"target\":{\"@type\":\"EntryPoint\",\"urlTemplate\":\"https:\\\/\\\/atriographics.es\\\/?s={search_term_string}\"},\"query-input\":{\"@type\":\"PropertyValueSpecification\",\"valueRequired\":true,\"valueName\":\"search_term_string\"}}],\"inLanguage\":\"pt-PT\"},{\"@type\":\"Organization\",\"@id\":\"https:\\\/\\\/atriographics.es\\\/#organization\",\"name\":\"Atrio Graphics\",\"url\":\"https:\\\/\\\/atriographics.es\\\/\",\"logo\":{\"@type\":\"ImageObject\",\"inLanguage\":\"pt-PT\",\"@id\":\"https:\\\/\\\/atriographics.es\\\/#\\\/schema\\\/logo\\\/image\\\/\",\"url\":\"https:\\\/\\\/dev.atriographics.es\\\/wp-content\\\/uploads\\\/2025\\\/06\\\/logo_Atriographics.svg\",\"contentUrl\":\"https:\\\/\\\/dev.atriographics.es\\\/wp-content\\\/uploads\\\/2025\\\/06\\\/logo_Atriographics.svg\",\"width\":\"1024\",\"height\":\"1024\",\"caption\":\"Atrio Graphics\"},\"image\":{\"@id\":\"https:\\\/\\\/atriographics.es\\\/#\\\/schema\\\/logo\\\/image\\\/\"}}]}<\/script>\n<!-- \/ Yoast SEO plugin. -->","yoast_head_json":{"title":"Pol\u00edtica de Cookies | Atrio Graphics","robots":{"index":"index","follow":"follow","max-snippet":"max-snippet:-1","max-image-preview":"max-image-preview:large","max-video-preview":"max-video-preview:-1"},"canonical":"https:\/\/atriographics.es\/pt-pt\/politica-de-cookies\/","og_locale":"pt_PT","og_type":"article","og_title":"Pol\u00edtica de Cookies | Atrio Graphics","og_url":"https:\/\/atriographics.es\/pt-pt\/politica-de-cookies\/","og_site_name":"Atrio Graphics","article_modified_time":"2025-07-08T08:17:12+00:00","twitter_card":"summary_large_image","twitter_misc":{"Tempo estimado de leitura":"3 minutos"},"schema":{"@context":"https:\/\/schema.org","@graph":[{"@type":"WebPage","@id":"https:\/\/atriographics.es\/pt-pt\/politica-de-cookies\/","url":"https:\/\/atriographics.es\/pt-pt\/politica-de-cookies\/","name":"Pol\u00edtica de Cookies | Atrio Graphics","isPartOf":{"@id":"https:\/\/atriographics.es\/#website"},"datePublished":"2025-06-03T09:12:36+00:00","dateModified":"2025-07-08T08:17:12+00:00","breadcrumb":{"@id":"https:\/\/atriographics.es\/pt-pt\/politica-de-cookies\/#breadcrumb"},"inLanguage":"pt-PT","potentialAction":[{"@type":"ReadAction","target":["https:\/\/atriographics.es\/pt-pt\/politica-de-cookies\/"]}]},{"@type":"BreadcrumbList","@id":"https:\/\/atriographics.es\/pt-pt\/politica-de-cookies\/#breadcrumb","itemListElement":[{"@type":"ListItem","position":1,"name":"Inicio","item":"https:\/\/atriographics.es\/pt-pt\/"},{"@type":"ListItem","position":2,"name":"Pol\u00edtica de Cookies"}]},{"@type":"WebSite","@id":"https:\/\/atriographics.es\/#website","url":"https:\/\/atriographics.es\/","name":"Atrio Graphics","description":"Dise\u00f1o de espacios en la nube.","publisher":{"@id":"https:\/\/atriographics.es\/#organization"},"potentialAction":[{"@type":"SearchAction","target":{"@type":"EntryPoint","urlTemplate":"https:\/\/atriographics.es\/?s={search_term_string}"},"query-input":{"@type":"PropertyValueSpecification","valueRequired":true,"valueName":"search_term_string"}}],"inLanguage":"pt-PT"},{"@type":"Organization","@id":"https:\/\/atriographics.es\/#organization","name":"Atrio Graphics","url":"https:\/\/atriographics.es\/","logo":{"@type":"ImageObject","inLanguage":"pt-PT","@id":"https:\/\/atriographics.es\/#\/schema\/logo\/image\/","url":"https:\/\/dev.atriographics.es\/wp-content\/uploads\/2025\/06\/logo_Atriographics.svg","contentUrl":"https:\/\/dev.atriographics.es\/wp-content\/uploads\/2025\/06\/logo_Atriographics.svg","width":"1024","height":"1024","caption":"Atrio Graphics"},"image":{"@id":"https:\/\/atriographics.es\/#\/schema\/logo\/image\/"}}]}},"_links":{"self":[{"href":"https:\/\/atriographics.es\/pt-pt\/wp-json\/wp\/v2\/pages\/3489","targetHints":{"allow":["GET"]}}],"collection":[{"href":"https:\/\/atriographics.es\/pt-pt\/wp-json\/wp\/v2\/pages"}],"about":[{"href":"https:\/\/atriographics.es\/pt-pt\/wp-json\/wp\/v2\/types\/page"}],"author":[{"embeddable":true,"href":"https:\/\/atriographics.es\/pt-pt\/wp-json\/wp\/v2\/users\/1"}],"replies":[{"embeddable":true,"href":"https:\/\/atriographics.es\/pt-pt\/wp-json\/wp\/v2\/comments?post=3489"}],"version-history":[{"count":4,"href":"https:\/\/atriographics.es\/pt-pt\/wp-json\/wp\/v2\/pages\/3489\/revisions"}],"predecessor-version":[{"id":3494,"href":"https:\/\/atriographics.es\/pt-pt\/wp-json\/wp\/v2\/pages\/3489\/revisions\/3494"}],"wp:attachment":[{"href":"https:\/\/atriographics.es\/pt-pt\/wp-json\/wp\/v2\/media?parent=3489"}],"curies":[{"name":"wp","href":"https:\/\/api.w.org\/{rel}","templated":true}]}}