{"id":3478,"date":"2021-11-22T16:52:46","date_gmt":"2021-11-22T15:52:46","guid":{"rendered":"https:\/\/dev.atriographics.es\/servicos\/"},"modified":"2025-07-08T10:15:08","modified_gmt":"2025-07-08T08:15:08","slug":"servicos","status":"publish","type":"page","link":"https:\/\/atriographics.es\/pt-pt\/servicos\/","title":{"rendered":"Servi\u00e7os"},"content":{"rendered":"<section class=\"l-section wpb_row height_medium\"><div class=\"l-section-h i-cf\"><div class=\"g-cols vc_row via_flex valign_top type_default stacking_default\"><div class=\"vc_col-sm-12 wpb_column vc_column_container\"><div class=\"vc_column-inner\"><div class=\"wpb_wrapper\"><h1 class=\"w-text us_custom_df3b3b1a\"><span class=\"w-text-h\"><span class=\"w-text-value\">Servi\u00e7o de Design de Interiores<\/span><\/span><\/h1><div class=\"w-separator size_small\"><\/div><div class=\"wpb_text_column us_custom_df3b3b1a\"><div class=\"wpb_wrapper\"><p>Lista de v\u00eddeos de demonstra\u00e7\u00e3o que mostram exemplos de designs criados com ATRIO GRAPHICS.<\/p>\n<\/div><\/div><\/div><\/div><\/div><\/div><\/div><\/section><section class=\"l-section wpb_row height_medium\"><div class=\"l-section-h i-cf\"><div class=\"g-cols vc_row via_flex valign_middle type_default stacking_default\"><div class=\"vc_col-sm-12 vc_col-lg-2\/5 vc_col-md-2\/5 wpb_column vc_column_container\"><div class=\"vc_column-inner\"><div class=\"wpb_wrapper\"><div class=\"w-text us_custom_799c2bf6 has_text_color\"><span class=\"w-text-h\"><span class=\"w-text-value\">V\u00eddeo de demonstra\u00e7\u00e3o 1<\/span><\/span><\/div><h2 class=\"w-text\"><span class=\"w-text-h\"><span class=\"w-text-value\">Design de Quarto de Juventude (Industrias Rodrigo)<\/span><\/span><\/h2><div class=\"w-separator size_small\"><\/div><div class=\"wpb_text_column\"><div class=\"wpb_wrapper\"><p>Design de um quarto de juventude com um roupeiro de canto composto por 2 pe\u00e7as, um compacto com 3 gavetas e arrasto e uma bancada no peito. \u00c9 mostrado com um corredor anexado e decora\u00e7\u00e3o e or\u00e7amento s\u00e3o adicionados.<\/p>\n<\/div><\/div><div class=\"w-separator size_small\"><\/div><div class=\"w-btn-wrapper default_align_none laptops_align_none tablets_align_none mobiles_align_center\"><a class=\"w-btn us-btn-style_1 us_custom_14373e58 icon_atright\" target=\"_blank\" href=\"https:\/\/www.youtube.com\/watch?v=kRiZjb_xqmg\"><span class=\"w-btn-label\">Ver v\u00eddeo completo<\/span><i class=\"fab fa-youtube\"><\/i><\/a><\/div><\/div><\/div><\/div><div class=\"vc_col-sm-12 vc_col-lg-3\/5 vc_col-md-3\/5 wpb_column vc_column_container\"><div class=\"vc_column-inner\"><div class=\"wpb_wrapper\"><div class=\"w-video us_custom_fca8cc99 align_none ratio_16x9 has_border_radius\"><div class=\"w-video-h\"><video  preload=\"metadata\" playsinline autoplay loop muted><source type=\"video\/mp4\" src=\"\/wp-content\/uploads\/2025\/06\/VideoDemostrativo1.mp4\" \/><\/video><\/div><\/div><\/div><\/div><\/div><\/div><\/div><\/section><section class=\"l-section wpb_row height_auto\"><div class=\"l-section-h i-cf\"><div class=\"g-cols vc_row via_flex valign_middle type_default reversed stacking_default\"><div class=\"vc_col-sm-12 vc_col-lg-3\/5 vc_col-md-3\/5 vc_hidden-sm wpb_column vc_column_container\"><div class=\"vc_column-inner\"><div class=\"wpb_wrapper\"><div class=\"w-video us_custom_fca8cc99 align_none ratio_16x9 has_border_radius\"><div class=\"w-video-h\"><video  preload=\"metadata\" playsinline autoplay loop muted><source type=\"video\/mp4\" src=\"\/wp-content\/uploads\/2025\/06\/VideoDemostrativo2.mp4\" \/><\/video><\/div><\/div><\/div><\/div><\/div><div class=\"vc_col-sm-12 vc_col-lg-2\/5 vc_col-md-2\/5 wpb_column vc_column_container\"><div class=\"vc_column-inner\"><div class=\"wpb_wrapper\"><div class=\"w-text us_custom_799c2bf6 has_text_color\"><span class=\"w-text-h\"><span class=\"w-text-value\">V\u00eddeo de demonstra\u00e7\u00e3o 2<\/span><\/span><\/div><h2 class=\"w-text\"><span class=\"w-text-h\"><span class=\"w-text-value\">Design de quarto duplo (Kiare)<\/span><\/span><\/h2><div class=\"w-separator size_small\"><\/div><div class=\"wpb_text_column\"><div class=\"wpb_wrapper\"><p>Design de um quarto duplo sem roupeiro, 2 mesas assim\u00e9tricas, prateleiras e c\u00f4moda dupla nas pernas. C\u00f4moda e espelho em sala adjacente. Decora\u00e7\u00e3o e or\u00e7amento s\u00e3o adicionados.<\/p>\n<\/div><\/div><div class=\"w-separator size_small\"><\/div><div class=\"w-btn-wrapper default_align_none laptops_align_none tablets_align_none mobiles_align_center\"><a class=\"w-btn us-btn-style_1 us_custom_14373e58 icon_atright\" target=\"_blank\" href=\"https:\/\/www.youtube.com\/watch?v=fPuAqz_snN0\"><span class=\"w-btn-label\">Ver v\u00eddeo completo<\/span><i class=\"fab fa-youtube\"><\/i><\/a><\/div><div class=\"w-video us_custom_ca6fefed hide_on_default hide_on_laptops hide_on_mobiles align_none ratio_16x9 has_border_radius\"><div class=\"w-video-h\"><video  preload=\"metadata\" playsinline autoplay loop muted><source type=\"video\/mp4\" src=\"\/wp-content\/uploads\/2025\/06\/VideoDemostrativo2.mp4\" \/><\/video><\/div><\/div><\/div><\/div><\/div><\/div><\/div><\/section><section class=\"l-section wpb_row height_medium\"><div class=\"l-section-h i-cf\"><div class=\"g-cols vc_row via_flex valign_middle type_default stacking_default\"><div class=\"vc_col-sm-12 vc_col-lg-2\/5 vc_col-md-2\/5 wpb_column vc_column_container\"><div class=\"vc_column-inner\"><div class=\"wpb_wrapper\"><div class=\"w-text us_custom_799c2bf6 has_text_color\"><span class=\"w-text-h\"><span class=\"w-text-value\">V\u00eddeo de demonstra\u00e7\u00e3o 3<\/span><\/span><\/div><h2 class=\"w-text\"><span class=\"w-text-h\"><span class=\"w-text-value\">Design de sal\u00e3o (Kiare)<\/span><\/span><\/h2><div class=\"w-separator size_small\"><\/div><div class=\"wpb_text_column\"><div class=\"wpb_wrapper\"><p>Cria\u00e7\u00e3o do projeto de uma sala de estar completa, com mesa de TV e lou\u00e7as, mesa de centro tripla a 3 alturas, prateleira e mesa redonda com cadeiras. Corredor com espelho na entrada e decora\u00e7\u00e3o e or\u00e7amento s\u00e3o adicionados.<\/p>\n<\/div><\/div><div class=\"w-separator size_small\"><\/div><div class=\"w-btn-wrapper default_align_none laptops_align_none tablets_align_none mobiles_align_center\"><a class=\"w-btn us-btn-style_1 us_custom_14373e58 icon_atright\" target=\"_blank\" href=\"https:\/\/www.youtube.com\/watch?v=6we6hS2nocI\"><span class=\"w-btn-label\">Ver v\u00eddeo completo<\/span><i class=\"fab fa-youtube\"><\/i><\/a><\/div><\/div><\/div><\/div><div class=\"vc_col-sm-12 vc_col-lg-3\/5 vc_col-md-3\/5 wpb_column vc_column_container\"><div class=\"vc_column-inner\"><div class=\"wpb_wrapper\"><div class=\"w-video us_custom_fca8cc99 align_none ratio_16x9 has_border_radius\"><div class=\"w-video-h\"><video  preload=\"metadata\" playsinline autoplay loop muted><source type=\"video\/mp4\" src=\"\/wp-content\/uploads\/2025\/06\/VideoDemostrativo3.mp4\" \/><\/video><\/div><\/div><\/div><\/div><\/div><\/div><\/div><\/section><section class=\"l-section wpb_row height_auto\"><div class=\"l-section-h i-cf\"><div class=\"g-cols vc_row via_flex valign_middle type_default reversed stacking_default\"><div class=\"vc_col-sm-12 vc_col-lg-3\/5 vc_col-md-3\/5 vc_hidden-sm wpb_column vc_column_container\"><div class=\"vc_column-inner\"><div class=\"wpb_wrapper\"><div class=\"w-video us_custom_fca8cc99 align_none ratio_16x9 has_border_radius\"><div class=\"w-video-h\"><video  preload=\"metadata\" playsinline autoplay loop muted><source type=\"video\/mp4\" src=\"\/wp-content\/uploads\/2025\/06\/VideoDemostrativo4.mp4\" \/><\/video><\/div><\/div><\/div><\/div><\/div><div class=\"vc_col-sm-12 vc_col-lg-2\/5 vc_col-md-2\/5 wpb_column vc_column_container\"><div class=\"vc_column-inner\"><div class=\"wpb_wrapper\"><div class=\"w-text us_custom_799c2bf6 has_text_color\"><span class=\"w-text-h\"><span class=\"w-text-value\">V\u00eddeo de demonstra\u00e7\u00e3o 4<\/span><\/span><\/div><h2 class=\"w-text\"><span class=\"w-text-h\"><span class=\"w-text-value\">Design de sala de estar (Franco Furniture)<\/span><\/span><\/h2><div class=\"w-separator size_small\"><\/div><div class=\"wpb_text_column\"><div class=\"wpb_wrapper\"><p>Design de uma sala de estar completa com mesas de vidro e mobili\u00e1rio de alto brilho. \u00c9 mostrado com um sal\u00e3o adjacente com poltrona e console, al\u00e9m de decora\u00e7\u00e3o e or\u00e7amento s\u00e3o adicionados.<\/p>\n<\/div><\/div><div class=\"w-separator size_small\"><\/div><div class=\"w-btn-wrapper default_align_none laptops_align_none tablets_align_none mobiles_align_center\"><a class=\"w-btn us-btn-style_1 us_custom_14373e58 icon_atright\" target=\"_blank\" href=\"https:\/\/www.youtube.com\/watch?v=wWaRMYrkgJs\"><span class=\"w-btn-label\">Ver v\u00eddeo completo<\/span><i class=\"fab fa-youtube\"><\/i><\/a><\/div><div class=\"w-video us_custom_ca6fefed hide_on_default hide_on_laptops hide_on_mobiles align_none ratio_16x9 has_border_radius\"><div class=\"w-video-h\"><video  preload=\"metadata\" playsinline autoplay loop muted><source type=\"video\/mp4\" src=\"\/wp-content\/uploads\/2025\/06\/VideoDemostrativo4.mp4\" \/><\/video><\/div><\/div><\/div><\/div><\/div><\/div><\/div><\/section><section class=\"l-section wpb_row height_medium\"><div class=\"l-section-h i-cf\"><div class=\"g-cols vc_row via_flex valign_middle type_default stacking_default\"><div class=\"vc_col-sm-12 vc_col-lg-2\/5 vc_col-md-2\/5 wpb_column vc_column_container\"><div class=\"vc_column-inner\"><div class=\"wpb_wrapper\"><div class=\"w-text us_custom_799c2bf6 has_text_color\"><span class=\"w-text-h\"><span class=\"w-text-value\">V\u00eddeo de demonstra\u00e7\u00e3o 5<\/span><\/span><\/div><h2 class=\"w-text\"><span class=\"w-text-h\"><span class=\"w-text-value\">Design de um quarto duplo (Grupo Seys)<\/span><\/span><\/h2><div class=\"w-separator size_small\"><\/div><div class=\"wpb_text_column\"><div class=\"wpb_wrapper\"><p>Design de um quarto duplo completo em estilo colonial no qual um banco estofado e poltrona s\u00e3o adicionados. \u00c9 mostrado com um corredor anexo com mais m\u00f3veis e decora\u00e7\u00e3o e or\u00e7amento s\u00e3o adicionados.<\/p>\n<\/div><\/div><div class=\"w-separator size_small\"><\/div><div class=\"w-btn-wrapper default_align_none laptops_align_none tablets_align_none mobiles_align_center\"><a class=\"w-btn us-btn-style_1 us_custom_14373e58 icon_atright\" target=\"_blank\" href=\"https:\/\/www.youtube.com\/watch?v=OZ1MMK1pYII\"><span class=\"w-btn-label\">Ver v\u00eddeo completo<\/span><i class=\"fab fa-youtube\"><\/i><\/a><\/div><\/div><\/div><\/div><div class=\"vc_col-sm-12 vc_col-lg-3\/5 vc_col-md-3\/5 wpb_column vc_column_container\"><div class=\"vc_column-inner\"><div class=\"wpb_wrapper\"><div class=\"w-video us_custom_fca8cc99 align_none ratio_16x9 has_border_radius\"><div class=\"w-video-h\"><video  preload=\"metadata\" playsinline autoplay loop muted><source type=\"video\/mp4\" src=\"\/wp-content\/uploads\/2025\/06\/VideoDemostrativo5.mp4\" \/><\/video><\/div><\/div><\/div><\/div><\/div><\/div><\/div><\/section><section class=\"l-section wpb_row height_auto\"><div class=\"l-section-h i-cf\"><div class=\"g-cols vc_row via_flex valign_middle type_default reversed stacking_default\"><div class=\"vc_col-sm-12 vc_col-lg-3\/5 vc_col-md-3\/5 vc_hidden-sm wpb_column vc_column_container\"><div class=\"vc_column-inner\"><div class=\"wpb_wrapper\"><div class=\"w-video us_custom_fca8cc99 align_none ratio_16x9 has_border_radius\"><div class=\"w-video-h\"><video  preload=\"metadata\" playsinline autoplay loop muted><source type=\"video\/mp4\" src=\"\/wp-content\/uploads\/2025\/06\/VideoDemostrativo6.mp4\" \/><\/video><\/div><\/div><\/div><\/div><\/div><div class=\"vc_col-sm-12 vc_col-lg-2\/5 vc_col-md-2\/5 wpb_column vc_column_container\"><div class=\"vc_column-inner\"><div class=\"wpb_wrapper\"><div class=\"w-text us_custom_799c2bf6 has_text_color\"><span class=\"w-text-h\"><span class=\"w-text-value\">V\u00eddeo de demonstra\u00e7\u00e3o 6<\/span><\/span><\/div><h2 class=\"w-text\"><span class=\"w-text-h\"><span class=\"w-text-value\">Design de quarto de juventude (Montes Design)<\/span><\/span><\/h2><div class=\"w-separator size_small\"><\/div><div class=\"wpb_text_column\"><div class=\"wpb_wrapper\"><p>Design de um quarto de juventude com um roupeiro de canto composto por 2 pe\u00e7as, um compacto com 4 gavetas e uma cama m\u00f3vel, bem como uma bancada sobre um ba\u00fa. \u00c9 mostrado com um corredor anexado e decora\u00e7\u00e3o e or\u00e7amento s\u00e3o adicionados.<\/p>\n<\/div><\/div><div class=\"w-separator size_small\"><\/div><div class=\"w-btn-wrapper default_align_none laptops_align_none tablets_align_none mobiles_align_center\"><a class=\"w-btn us-btn-style_1 us_custom_14373e58 icon_atright\" target=\"_blank\" href=\"https:\/\/www.youtube.com\/watch?v=-C3tZZVAbY8\"><span class=\"w-btn-label\">Ver v\u00eddeo completo<\/span><i class=\"fab fa-youtube\"><\/i><\/a><\/div><div class=\"w-video us_custom_ca6fefed hide_on_default hide_on_laptops hide_on_mobiles align_none ratio_16x9 has_border_radius\"><div class=\"w-video-h\"><video  preload=\"metadata\" playsinline autoplay loop muted><source type=\"video\/mp4\" src=\"\/wp-content\/uploads\/2025\/06\/VideoDemostrativo6.mp4\" \/><\/video><\/div><\/div><\/div><\/div><\/div><\/div><\/div><\/section><section class=\"l-section wpb_row height_medium\"><div class=\"l-section-h i-cf\"><div class=\"g-cols vc_row via_flex valign_top type_default stacking_default\"><div class=\"vc_col-sm-12 wpb_column vc_column_container\"><div class=\"vc_column-inner\"><div class=\"wpb_wrapper\"><div class=\"g-cols wpb_row us_custom_70fa8e0f via_flex valign_top type_default stacking_default\"><div class=\"vc_col-sm-12 wpb_column vc_column_container\"><div class=\"vc_column-inner\"><div class=\"wpb_wrapper\"><h2 class=\"w-text\"><span class=\"w-text-h\"><span class=\"w-text-value\">Dossi\u00ea de informa\u00e7\u00e3o<\/span><\/span><\/h2><div class=\"w-separator size_small\"><\/div><div class=\"wpb_text_column\"><div class=\"wpb_wrapper\"><p>Saiba mais sobre quem somos, o que fazemos e como podemos ajud\u00e1-lo a transformar suas ideias em projetos visuais impactantes. Descarregue o nosso dossi\u00ea informativo e descubra os nossos servi\u00e7os, abordagem criativa e hist\u00f3rias de sucesso.<\/p>\n<\/div><\/div><div class=\"w-separator size_medium\"><\/div><div class=\"w-btn-wrapper default_align_none laptops_align_none tablets_align_none mobiles_align_center\"><a class=\"w-btn us-btn-style_1 us_custom_14373e58 icon_atright\" target=\"_blank\" href=\"\/wp-content\/uploads\/2025\/06\/INFO-ATRIO-GRAPHICS.pdf\"><span class=\"w-btn-label\">Download do dossi\u00ea<\/span><i class=\"fas fa-download\"><\/i><\/a><\/div><\/div><\/div><\/div><\/div><\/div><\/div><\/div><\/div><\/div><\/section>\n","protected":false},"excerpt":{"rendered":"Servi\u00e7o de Design de InterioresLista de v\u00eddeos de demonstra\u00e7\u00e3o que mostram exemplos de designs criados com ATRIO GRAPHICS. V\u00eddeo de demonstra\u00e7\u00e3o 1Design de Quarto de Juventude (Industrias Rodrigo)Design de um quarto de juventude com um roupeiro de canto composto por 2 pe\u00e7as, um compacto com 3 gavetas e arrasto e uma bancada no peito. \u00c9...","protected":false},"author":1,"featured_media":0,"parent":0,"menu_order":0,"comment_status":"closed","ping_status":"closed","template":"","meta":{"footnotes":""},"class_list":["post-3478","page","type-page","status-publish","hentry"],"yoast_head":"<!-- This site is optimized with the Yoast SEO plugin v27.4 - https:\/\/yoast.com\/product\/yoast-seo-wordpress\/ -->\n<title>Servi\u00e7os | Atrio Graphics<\/title>\n<meta name=\"robots\" content=\"index, follow, max-snippet:-1, max-image-preview:large, max-video-preview:-1\" \/>\n<link rel=\"canonical\" href=\"https:\/\/atriographics.es\/pt-pt\/servicos\/\" \/>\n<meta property=\"og:locale\" content=\"pt_PT\" \/>\n<meta property=\"og:type\" content=\"article\" \/>\n<meta property=\"og:title\" content=\"Servi\u00e7os | Atrio Graphics\" \/>\n<meta property=\"og:url\" content=\"https:\/\/atriographics.es\/pt-pt\/servicos\/\" \/>\n<meta property=\"og:site_name\" content=\"Atrio Graphics\" \/>\n<meta property=\"article:modified_time\" content=\"2025-07-08T08:15:08+00:00\" \/>\n<meta name=\"twitter:card\" content=\"summary_large_image\" \/>\n<meta name=\"twitter:label1\" content=\"Tempo estimado de leitura\" \/>\n\t<meta name=\"twitter:data1\" content=\"10 minutos\" \/>\n<script type=\"application\/ld+json\" class=\"yoast-schema-graph\">{\"@context\":\"https:\\\/\\\/schema.org\",\"@graph\":[{\"@type\":\"WebPage\",\"@id\":\"https:\\\/\\\/atriographics.es\\\/pt-pt\\\/servicos\\\/\",\"url\":\"https:\\\/\\\/atriographics.es\\\/pt-pt\\\/servicos\\\/\",\"name\":\"Servi\u00e7os | Atrio Graphics\",\"isPartOf\":{\"@id\":\"https:\\\/\\\/atriographics.es\\\/#website\"},\"datePublished\":\"2021-11-22T15:52:46+00:00\",\"dateModified\":\"2025-07-08T08:15:08+00:00\",\"breadcrumb\":{\"@id\":\"https:\\\/\\\/atriographics.es\\\/pt-pt\\\/servicos\\\/#breadcrumb\"},\"inLanguage\":\"pt-PT\",\"potentialAction\":[{\"@type\":\"ReadAction\",\"target\":[\"https:\\\/\\\/atriographics.es\\\/pt-pt\\\/servicos\\\/\"]}]},{\"@type\":\"BreadcrumbList\",\"@id\":\"https:\\\/\\\/atriographics.es\\\/pt-pt\\\/servicos\\\/#breadcrumb\",\"itemListElement\":[{\"@type\":\"ListItem\",\"position\":1,\"name\":\"Inicio\",\"item\":\"https:\\\/\\\/atriographics.es\\\/pt-pt\\\/\"},{\"@type\":\"ListItem\",\"position\":2,\"name\":\"Servi\u00e7os\"}]},{\"@type\":\"WebSite\",\"@id\":\"https:\\\/\\\/atriographics.es\\\/#website\",\"url\":\"https:\\\/\\\/atriographics.es\\\/\",\"name\":\"Atrio Graphics\",\"description\":\"Dise\u00f1o de espacios en la nube.\",\"publisher\":{\"@id\":\"https:\\\/\\\/atriographics.es\\\/#organization\"},\"potentialAction\":[{\"@type\":\"SearchAction\",\"target\":{\"@type\":\"EntryPoint\",\"urlTemplate\":\"https:\\\/\\\/atriographics.es\\\/?s={search_term_string}\"},\"query-input\":{\"@type\":\"PropertyValueSpecification\",\"valueRequired\":true,\"valueName\":\"search_term_string\"}}],\"inLanguage\":\"pt-PT\"},{\"@type\":\"Organization\",\"@id\":\"https:\\\/\\\/atriographics.es\\\/#organization\",\"name\":\"Atrio Graphics\",\"url\":\"https:\\\/\\\/atriographics.es\\\/\",\"logo\":{\"@type\":\"ImageObject\",\"inLanguage\":\"pt-PT\",\"@id\":\"https:\\\/\\\/atriographics.es\\\/#\\\/schema\\\/logo\\\/image\\\/\",\"url\":\"https:\\\/\\\/dev.atriographics.es\\\/wp-content\\\/uploads\\\/2025\\\/06\\\/logo_Atriographics.svg\",\"contentUrl\":\"https:\\\/\\\/dev.atriographics.es\\\/wp-content\\\/uploads\\\/2025\\\/06\\\/logo_Atriographics.svg\",\"width\":\"1024\",\"height\":\"1024\",\"caption\":\"Atrio Graphics\"},\"image\":{\"@id\":\"https:\\\/\\\/atriographics.es\\\/#\\\/schema\\\/logo\\\/image\\\/\"}}]}<\/script>\n<!-- \/ Yoast SEO plugin. -->","yoast_head_json":{"title":"Servi\u00e7os | Atrio Graphics","robots":{"index":"index","follow":"follow","max-snippet":"max-snippet:-1","max-image-preview":"max-image-preview:large","max-video-preview":"max-video-preview:-1"},"canonical":"https:\/\/atriographics.es\/pt-pt\/servicos\/","og_locale":"pt_PT","og_type":"article","og_title":"Servi\u00e7os | Atrio Graphics","og_url":"https:\/\/atriographics.es\/pt-pt\/servicos\/","og_site_name":"Atrio Graphics","article_modified_time":"2025-07-08T08:15:08+00:00","twitter_card":"summary_large_image","twitter_misc":{"Tempo estimado de leitura":"10 minutos"},"schema":{"@context":"https:\/\/schema.org","@graph":[{"@type":"WebPage","@id":"https:\/\/atriographics.es\/pt-pt\/servicos\/","url":"https:\/\/atriographics.es\/pt-pt\/servicos\/","name":"Servi\u00e7os | Atrio Graphics","isPartOf":{"@id":"https:\/\/atriographics.es\/#website"},"datePublished":"2021-11-22T15:52:46+00:00","dateModified":"2025-07-08T08:15:08+00:00","breadcrumb":{"@id":"https:\/\/atriographics.es\/pt-pt\/servicos\/#breadcrumb"},"inLanguage":"pt-PT","potentialAction":[{"@type":"ReadAction","target":["https:\/\/atriographics.es\/pt-pt\/servicos\/"]}]},{"@type":"BreadcrumbList","@id":"https:\/\/atriographics.es\/pt-pt\/servicos\/#breadcrumb","itemListElement":[{"@type":"ListItem","position":1,"name":"Inicio","item":"https:\/\/atriographics.es\/pt-pt\/"},{"@type":"ListItem","position":2,"name":"Servi\u00e7os"}]},{"@type":"WebSite","@id":"https:\/\/atriographics.es\/#website","url":"https:\/\/atriographics.es\/","name":"Atrio Graphics","description":"Dise\u00f1o de espacios en la nube.","publisher":{"@id":"https:\/\/atriographics.es\/#organization"},"potentialAction":[{"@type":"SearchAction","target":{"@type":"EntryPoint","urlTemplate":"https:\/\/atriographics.es\/?s={search_term_string}"},"query-input":{"@type":"PropertyValueSpecification","valueRequired":true,"valueName":"search_term_string"}}],"inLanguage":"pt-PT"},{"@type":"Organization","@id":"https:\/\/atriographics.es\/#organization","name":"Atrio Graphics","url":"https:\/\/atriographics.es\/","logo":{"@type":"ImageObject","inLanguage":"pt-PT","@id":"https:\/\/atriographics.es\/#\/schema\/logo\/image\/","url":"https:\/\/dev.atriographics.es\/wp-content\/uploads\/2025\/06\/logo_Atriographics.svg","contentUrl":"https:\/\/dev.atriographics.es\/wp-content\/uploads\/2025\/06\/logo_Atriographics.svg","width":"1024","height":"1024","caption":"Atrio Graphics"},"image":{"@id":"https:\/\/atriographics.es\/#\/schema\/logo\/image\/"}}]}},"_links":{"self":[{"href":"https:\/\/atriographics.es\/pt-pt\/wp-json\/wp\/v2\/pages\/3478","targetHints":{"allow":["GET"]}}],"collection":[{"href":"https:\/\/atriographics.es\/pt-pt\/wp-json\/wp\/v2\/pages"}],"about":[{"href":"https:\/\/atriographics.es\/pt-pt\/wp-json\/wp\/v2\/types\/page"}],"author":[{"embeddable":true,"href":"https:\/\/atriographics.es\/pt-pt\/wp-json\/wp\/v2\/users\/1"}],"replies":[{"embeddable":true,"href":"https:\/\/atriographics.es\/pt-pt\/wp-json\/wp\/v2\/comments?post=3478"}],"version-history":[{"count":1,"href":"https:\/\/atriographics.es\/pt-pt\/wp-json\/wp\/v2\/pages\/3478\/revisions"}],"predecessor-version":[{"id":3485,"href":"https:\/\/atriographics.es\/pt-pt\/wp-json\/wp\/v2\/pages\/3478\/revisions\/3485"}],"wp:attachment":[{"href":"https:\/\/atriographics.es\/pt-pt\/wp-json\/wp\/v2\/media?parent=3478"}],"curies":[{"name":"wp","href":"https:\/\/api.w.org\/{rel}","templated":true}]}}