{"id":3463,"date":"2021-11-21T17:21:10","date_gmt":"2021-11-21T16:21:10","guid":{"rendered":"https:\/\/dev.atriographics.es\/quem-somos\/"},"modified":"2025-07-08T10:15:08","modified_gmt":"2025-07-08T08:15:08","slug":"quem-somos","status":"publish","type":"page","link":"https:\/\/atriographics.es\/pt-pt\/quem-somos\/","title":{"rendered":"Quem somos"},"content":{"rendered":"<section class=\"l-section wpb_row height_medium\"><div class=\"l-section-h i-cf\"><div class=\"g-cols vc_row via_flex valign_top type_default stacking_default\"><div class=\"vc_col-sm-12 wpb_column vc_column_container\"><div class=\"vc_column-inner\"><div class=\"wpb_wrapper\"><h1 class=\"w-text us_custom_df3b3b1a\"><span class=\"w-text-h\"><span class=\"w-text-value\">Oferecemos solu\u00e7\u00f5es de design 3D para criar o espa\u00e7o dos seus sonhos<\/span><\/span><\/h1><div class=\"w-separator size_small\"><\/div><div class=\"wpb_text_column us_custom_7a339e96\"><div class=\"wpb_wrapper\"><p>Na Atrio Graphics damos-lhe as ferramentas para transformar as suas ideias em espa\u00e7os \u00fanicos. Projete interiores 3D de forma r\u00e1pida, precisa e sem a necessidade de instala\u00e7\u00e3o. Personalize paredes, acabamentos e m\u00f3veis com cat\u00e1logos atualizados, e visualize o resultado em tempo real.<\/p>\n<\/div><\/div><div class=\"w-separator size_medium\"><\/div><div class=\"w-btn-wrapper default_align_center laptops_align_center tablets_align_none mobiles_align_center\"><a class=\"w-btn us-btn-style_1 us_custom_14373e58\" target=\"_blank\" href=\"https:\/\/clientes.atriographics.es\/AtrioGraphics\/\"><span class=\"w-btn-label\">Clientes<\/span><\/a><\/div><div class=\"w-separator size_medium\"><\/div><div class=\"w-gallery fit_cover type_grid action_popup_image ratio_4x3 count_9\" style=\"--columns:3;--items-gap:10px;\"><div class=\"w-gallery-list\"><div class=\"w-gallery-item\"><div class=\"w-gallery-item-img\"><img decoding=\"async\" width=\"2118\" height=\"1188\" src=\"https:\/\/atriographics.es\/wp-content\/uploads\/2025\/07\/Diseno-AZOR-Juvenil-7_7_2025-13_39_07.png\" class=\"attachment-full size-full\" alt=\"\" srcset=\"https:\/\/atriographics.es\/wp-content\/uploads\/2025\/07\/Diseno-AZOR-Juvenil-7_7_2025-13_39_07.png 2118w, https:\/\/atriographics.es\/wp-content\/uploads\/2025\/07\/Diseno-AZOR-Juvenil-7_7_2025-13_39_07-300x168.png 300w, https:\/\/atriographics.es\/wp-content\/uploads\/2025\/07\/Diseno-AZOR-Juvenil-7_7_2025-13_39_07-1024x574.png 1024w, https:\/\/atriographics.es\/wp-content\/uploads\/2025\/07\/Diseno-AZOR-Juvenil-7_7_2025-13_39_07-600x337.png 600w\" sizes=\"(max-width: 2118px) 100vw, 2118px\" \/><\/div><a class=\"w-gallery-item-link\" aria-label=\"Dise\u00f1o - AZOR Juvenil - 7_7_2025, 13_39_07\" href=\"https:\/\/atriographics.es\/wp-content\/uploads\/2025\/07\/Diseno-AZOR-Juvenil-7_7_2025-13_39_07.png\"><\/a><\/div><div class=\"w-gallery-item\"><div class=\"w-gallery-item-img\"><img decoding=\"async\" width=\"2118\" height=\"1188\" src=\"https:\/\/atriographics.es\/wp-content\/uploads\/2025\/07\/Diseno-Dormitorio-GLICERIO-ECI-7_7_2025-13_35_44.png\" class=\"attachment-full size-full\" alt=\"\" srcset=\"https:\/\/atriographics.es\/wp-content\/uploads\/2025\/07\/Diseno-Dormitorio-GLICERIO-ECI-7_7_2025-13_35_44.png 2118w, https:\/\/atriographics.es\/wp-content\/uploads\/2025\/07\/Diseno-Dormitorio-GLICERIO-ECI-7_7_2025-13_35_44-300x168.png 300w, https:\/\/atriographics.es\/wp-content\/uploads\/2025\/07\/Diseno-Dormitorio-GLICERIO-ECI-7_7_2025-13_35_44-1024x574.png 1024w, https:\/\/atriographics.es\/wp-content\/uploads\/2025\/07\/Diseno-Dormitorio-GLICERIO-ECI-7_7_2025-13_35_44-600x337.png 600w\" sizes=\"(max-width: 2118px) 100vw, 2118px\" \/><\/div><a class=\"w-gallery-item-link\" aria-label=\"Dise\u00f1o - Dormitorio GLICERIO ECI - 7_7_2025, 13_35_44\" href=\"https:\/\/atriographics.es\/wp-content\/uploads\/2025\/07\/Diseno-Dormitorio-GLICERIO-ECI-7_7_2025-13_35_44.png\"><\/a><\/div><div class=\"w-gallery-item\"><div class=\"w-gallery-item-img\"><img decoding=\"async\" width=\"2118\" height=\"1188\" src=\"https:\/\/atriographics.es\/wp-content\/uploads\/2025\/07\/Diseno-EJEMPLO-Salon-7_7_2025-13_37_50.png\" class=\"attachment-full size-full\" alt=\"\" srcset=\"https:\/\/atriographics.es\/wp-content\/uploads\/2025\/07\/Diseno-EJEMPLO-Salon-7_7_2025-13_37_50.png 2118w, https:\/\/atriographics.es\/wp-content\/uploads\/2025\/07\/Diseno-EJEMPLO-Salon-7_7_2025-13_37_50-300x168.png 300w, https:\/\/atriographics.es\/wp-content\/uploads\/2025\/07\/Diseno-EJEMPLO-Salon-7_7_2025-13_37_50-1024x574.png 1024w, https:\/\/atriographics.es\/wp-content\/uploads\/2025\/07\/Diseno-EJEMPLO-Salon-7_7_2025-13_37_50-600x337.png 600w\" sizes=\"(max-width: 2118px) 100vw, 2118px\" \/><\/div><a class=\"w-gallery-item-link\" aria-label=\"Dise\u00f1o - EJEMPLO Sal\u00f3n - 7_7_2025, 13_37_50\" href=\"https:\/\/atriographics.es\/wp-content\/uploads\/2025\/07\/Diseno-EJEMPLO-Salon-7_7_2025-13_37_50.png\"><\/a><\/div><div class=\"w-gallery-item\"><div class=\"w-gallery-item-img\"><img decoding=\"async\" width=\"2118\" height=\"1188\" src=\"https:\/\/atriographics.es\/wp-content\/uploads\/2025\/07\/Diseno-EJEMPLO-Salon-7_7_2025-13_38_23.png\" class=\"attachment-full size-full\" alt=\"\" srcset=\"https:\/\/atriographics.es\/wp-content\/uploads\/2025\/07\/Diseno-EJEMPLO-Salon-7_7_2025-13_38_23.png 2118w, https:\/\/atriographics.es\/wp-content\/uploads\/2025\/07\/Diseno-EJEMPLO-Salon-7_7_2025-13_38_23-300x168.png 300w, https:\/\/atriographics.es\/wp-content\/uploads\/2025\/07\/Diseno-EJEMPLO-Salon-7_7_2025-13_38_23-1024x574.png 1024w, https:\/\/atriographics.es\/wp-content\/uploads\/2025\/07\/Diseno-EJEMPLO-Salon-7_7_2025-13_38_23-600x337.png 600w\" sizes=\"(max-width: 2118px) 100vw, 2118px\" \/><\/div><a class=\"w-gallery-item-link\" aria-label=\"Dise\u00f1o - EJEMPLO Sal\u00f3n - 7_7_2025, 13_38_23\" href=\"https:\/\/atriographics.es\/wp-content\/uploads\/2025\/07\/Diseno-EJEMPLO-Salon-7_7_2025-13_38_23.png\"><\/a><\/div><div class=\"w-gallery-item\"><div class=\"w-gallery-item-img\"><img decoding=\"async\" width=\"2118\" height=\"1188\" src=\"https:\/\/atriographics.es\/wp-content\/uploads\/2025\/07\/Diseno-EL-CORTE-INGLES-juvenil-7_7_2025-13_39_56.png\" class=\"attachment-full size-full\" alt=\"\" srcset=\"https:\/\/atriographics.es\/wp-content\/uploads\/2025\/07\/Diseno-EL-CORTE-INGLES-juvenil-7_7_2025-13_39_56.png 2118w, https:\/\/atriographics.es\/wp-content\/uploads\/2025\/07\/Diseno-EL-CORTE-INGLES-juvenil-7_7_2025-13_39_56-300x168.png 300w, https:\/\/atriographics.es\/wp-content\/uploads\/2025\/07\/Diseno-EL-CORTE-INGLES-juvenil-7_7_2025-13_39_56-1024x574.png 1024w, https:\/\/atriographics.es\/wp-content\/uploads\/2025\/07\/Diseno-EL-CORTE-INGLES-juvenil-7_7_2025-13_39_56-600x337.png 600w\" sizes=\"(max-width: 2118px) 100vw, 2118px\" \/><\/div><a class=\"w-gallery-item-link\" aria-label=\"Dise\u00f1o - EL CORTE INGL\u00c9S juvenil - 7_7_2025, 13_39_56\" href=\"https:\/\/atriographics.es\/wp-content\/uploads\/2025\/07\/Diseno-EL-CORTE-INGLES-juvenil-7_7_2025-13_39_56.png\"><\/a><\/div><div class=\"w-gallery-item\"><div class=\"w-gallery-item-img\"><img decoding=\"async\" width=\"2118\" height=\"1188\" src=\"https:\/\/atriographics.es\/wp-content\/uploads\/2025\/07\/Diseno-GALLARDO-Salon-Cocina-7_7_2025-13_47_37.png\" class=\"attachment-full size-full\" alt=\"\" srcset=\"https:\/\/atriographics.es\/wp-content\/uploads\/2025\/07\/Diseno-GALLARDO-Salon-Cocina-7_7_2025-13_47_37.png 2118w, https:\/\/atriographics.es\/wp-content\/uploads\/2025\/07\/Diseno-GALLARDO-Salon-Cocina-7_7_2025-13_47_37-300x168.png 300w, https:\/\/atriographics.es\/wp-content\/uploads\/2025\/07\/Diseno-GALLARDO-Salon-Cocina-7_7_2025-13_47_37-1024x574.png 1024w, https:\/\/atriographics.es\/wp-content\/uploads\/2025\/07\/Diseno-GALLARDO-Salon-Cocina-7_7_2025-13_47_37-600x337.png 600w\" sizes=\"(max-width: 2118px) 100vw, 2118px\" \/><\/div><a class=\"w-gallery-item-link\" aria-label=\"Dise\u00f1o - GALLARDO Sal\u00f3n Cocina - 7_7_2025, 13_47_37\" href=\"https:\/\/atriographics.es\/wp-content\/uploads\/2025\/07\/Diseno-GALLARDO-Salon-Cocina-7_7_2025-13_47_37.png\"><\/a><\/div><div class=\"w-gallery-item\"><div class=\"w-gallery-item-img\"><img decoding=\"async\" width=\"2118\" height=\"1188\" src=\"https:\/\/atriographics.es\/wp-content\/uploads\/2025\/07\/Diseno-GRUPO-SEYS-Banos-7_7_2025-13_49_56.png\" class=\"attachment-full size-full\" alt=\"\" srcset=\"https:\/\/atriographics.es\/wp-content\/uploads\/2025\/07\/Diseno-GRUPO-SEYS-Banos-7_7_2025-13_49_56.png 2118w, https:\/\/atriographics.es\/wp-content\/uploads\/2025\/07\/Diseno-GRUPO-SEYS-Banos-7_7_2025-13_49_56-300x168.png 300w, https:\/\/atriographics.es\/wp-content\/uploads\/2025\/07\/Diseno-GRUPO-SEYS-Banos-7_7_2025-13_49_56-1024x574.png 1024w, https:\/\/atriographics.es\/wp-content\/uploads\/2025\/07\/Diseno-GRUPO-SEYS-Banos-7_7_2025-13_49_56-600x337.png 600w\" sizes=\"(max-width: 2118px) 100vw, 2118px\" \/><\/div><a class=\"w-gallery-item-link\" aria-label=\"Dise\u00f1o - GRUPO SEYS Ba\u00f1os - 7_7_2025, 13_49_56\" href=\"https:\/\/atriographics.es\/wp-content\/uploads\/2025\/07\/Diseno-GRUPO-SEYS-Banos-7_7_2025-13_49_56.png\"><\/a><\/div><div class=\"w-gallery-item\"><div class=\"w-gallery-item-img\"><img decoding=\"async\" width=\"2118\" height=\"1188\" src=\"https:\/\/atriographics.es\/wp-content\/uploads\/2025\/07\/Diseno-EJEMPLO-Dormitorio-7_7_2025-13_37_04.png\" class=\"attachment-full size-full\" alt=\"\" srcset=\"https:\/\/atriographics.es\/wp-content\/uploads\/2025\/07\/Diseno-EJEMPLO-Dormitorio-7_7_2025-13_37_04.png 2118w, https:\/\/atriographics.es\/wp-content\/uploads\/2025\/07\/Diseno-EJEMPLO-Dormitorio-7_7_2025-13_37_04-300x168.png 300w, https:\/\/atriographics.es\/wp-content\/uploads\/2025\/07\/Diseno-EJEMPLO-Dormitorio-7_7_2025-13_37_04-1024x574.png 1024w, https:\/\/atriographics.es\/wp-content\/uploads\/2025\/07\/Diseno-EJEMPLO-Dormitorio-7_7_2025-13_37_04-600x337.png 600w\" sizes=\"(max-width: 2118px) 100vw, 2118px\" \/><\/div><a class=\"w-gallery-item-link\" aria-label=\"Dise\u00f1o - EJEMPLO Dormitorio - 7_7_2025, 13_37_04\" href=\"https:\/\/atriographics.es\/wp-content\/uploads\/2025\/07\/Diseno-EJEMPLO-Dormitorio-7_7_2025-13_37_04.png\"><\/a><\/div><div class=\"w-gallery-item\"><div class=\"w-gallery-item-img\"><img decoding=\"async\" width=\"2118\" height=\"1188\" src=\"https:\/\/atriographics.es\/wp-content\/uploads\/2025\/07\/Diseno-GALLARDO-Salon-Cocina-7_7_2025-13_48_54.png\" class=\"attachment-full size-full\" alt=\"\" srcset=\"https:\/\/atriographics.es\/wp-content\/uploads\/2025\/07\/Diseno-GALLARDO-Salon-Cocina-7_7_2025-13_48_54.png 2118w, https:\/\/atriographics.es\/wp-content\/uploads\/2025\/07\/Diseno-GALLARDO-Salon-Cocina-7_7_2025-13_48_54-300x168.png 300w, https:\/\/atriographics.es\/wp-content\/uploads\/2025\/07\/Diseno-GALLARDO-Salon-Cocina-7_7_2025-13_48_54-1024x574.png 1024w, https:\/\/atriographics.es\/wp-content\/uploads\/2025\/07\/Diseno-GALLARDO-Salon-Cocina-7_7_2025-13_48_54-600x337.png 600w\" sizes=\"(max-width: 2118px) 100vw, 2118px\" \/><\/div><a class=\"w-gallery-item-link\" aria-label=\"Dise\u00f1o - GALLARDO Sal\u00f3n Cocina - 7_7_2025, 13_48_54\" href=\"https:\/\/atriographics.es\/wp-content\/uploads\/2025\/07\/Diseno-GALLARDO-Salon-Cocina-7_7_2025-13_48_54.png\"><\/a><\/div><\/div><\/div><\/div><\/div><\/div><\/div><\/div><\/section><section class=\"l-section wpb_row us_custom_887a049b height_medium\"><div class=\"l-section-h i-cf\"><div class=\"g-cols vc_row via_flex valign_top type_default stacking_default\"><div class=\"vc_col-sm-12 wpb_column vc_column_container\"><div class=\"vc_column-inner\"><div class=\"wpb_wrapper\"><div class=\"g-cols wpb_row us_custom_70fa8e0f via_flex valign_top type_default stacking_default\"><div class=\"vc_col-sm-12 wpb_column vc_column_container\"><div class=\"vc_column-inner\"><div class=\"wpb_wrapper\"><h2 class=\"w-text\"><span class=\"w-text-h\"><span class=\"w-text-value\">Trabalhe connosco<\/span><\/span><\/h2><div class=\"w-separator size_small\"><\/div><div class=\"wpb_text_column\"><div class=\"wpb_wrapper\"><p>Quer juntar-se \u00e0 nossa equipa? Contacte-nos!<\/p>\n<\/div><\/div><div class=\"w-separator size_medium\"><\/div><div class=\"w-btn-wrapper default_align_none laptops_align_none tablets_align_none mobiles_align_center\"><a class=\"w-btn us-btn-style_1 us_custom_14373e58\" href=\"https:\/\/dev.atriographics.es\/pt-pt\/contacto\/\"><span class=\"w-btn-label\">Contacte-nos<\/span><\/a><\/div><\/div><\/div><\/div><\/div><\/div><\/div><\/div><\/div><\/div><\/section>\n","protected":false},"excerpt":{"rendered":"Oferecemos solu\u00e7\u00f5es de design 3D para criar o espa\u00e7o dos seus sonhosNa Atrio Graphics damos-lhe as ferramentas para transformar as suas ideias em espa\u00e7os \u00fanicos. Projete interiores 3D de forma r\u00e1pida, precisa e sem a necessidade de instala\u00e7\u00e3o. Personalize paredes, acabamentos e m\u00f3veis com cat\u00e1logos atualizados, e visualize o resultado em tempo real. ClientesTrabalhe connoscoQuer...","protected":false},"author":1,"featured_media":0,"parent":0,"menu_order":0,"comment_status":"closed","ping_status":"closed","template":"","meta":{"footnotes":""},"class_list":["post-3463","page","type-page","status-publish","hentry"],"yoast_head":"<!-- This site is optimized with the Yoast SEO plugin v27.4 - https:\/\/yoast.com\/product\/yoast-seo-wordpress\/ -->\n<title>Quem somos | Atrio Graphics<\/title>\n<meta name=\"robots\" content=\"index, follow, max-snippet:-1, max-image-preview:large, max-video-preview:-1\" \/>\n<link rel=\"canonical\" href=\"https:\/\/atriographics.es\/pt-pt\/quem-somos\/\" \/>\n<meta property=\"og:locale\" content=\"pt_PT\" \/>\n<meta property=\"og:type\" content=\"article\" \/>\n<meta property=\"og:title\" content=\"Quem somos | Atrio Graphics\" \/>\n<meta property=\"og:url\" content=\"https:\/\/atriographics.es\/pt-pt\/quem-somos\/\" \/>\n<meta property=\"og:site_name\" content=\"Atrio Graphics\" \/>\n<meta property=\"article:modified_time\" content=\"2025-07-08T08:15:08+00:00\" \/>\n<meta name=\"twitter:card\" content=\"summary_large_image\" \/>\n<meta name=\"twitter:label1\" content=\"Tempo estimado de leitura\" \/>\n\t<meta name=\"twitter:data1\" content=\"5 minutos\" \/>\n<script type=\"application\/ld+json\" class=\"yoast-schema-graph\">{\"@context\":\"https:\\\/\\\/schema.org\",\"@graph\":[{\"@type\":\"WebPage\",\"@id\":\"https:\\\/\\\/atriographics.es\\\/pt-pt\\\/quem-somos\\\/\",\"url\":\"https:\\\/\\\/atriographics.es\\\/pt-pt\\\/quem-somos\\\/\",\"name\":\"Quem somos | Atrio Graphics\",\"isPartOf\":{\"@id\":\"https:\\\/\\\/atriographics.es\\\/#website\"},\"datePublished\":\"2021-11-21T16:21:10+00:00\",\"dateModified\":\"2025-07-08T08:15:08+00:00\",\"breadcrumb\":{\"@id\":\"https:\\\/\\\/atriographics.es\\\/pt-pt\\\/quem-somos\\\/#breadcrumb\"},\"inLanguage\":\"pt-PT\",\"potentialAction\":[{\"@type\":\"ReadAction\",\"target\":[\"https:\\\/\\\/atriographics.es\\\/pt-pt\\\/quem-somos\\\/\"]}]},{\"@type\":\"BreadcrumbList\",\"@id\":\"https:\\\/\\\/atriographics.es\\\/pt-pt\\\/quem-somos\\\/#breadcrumb\",\"itemListElement\":[{\"@type\":\"ListItem\",\"position\":1,\"name\":\"Inicio\",\"item\":\"https:\\\/\\\/atriographics.es\\\/pt-pt\\\/\"},{\"@type\":\"ListItem\",\"position\":2,\"name\":\"Quem somos\"}]},{\"@type\":\"WebSite\",\"@id\":\"https:\\\/\\\/atriographics.es\\\/#website\",\"url\":\"https:\\\/\\\/atriographics.es\\\/\",\"name\":\"Atrio Graphics\",\"description\":\"Dise\u00f1o de espacios en la nube.\",\"publisher\":{\"@id\":\"https:\\\/\\\/atriographics.es\\\/#organization\"},\"potentialAction\":[{\"@type\":\"SearchAction\",\"target\":{\"@type\":\"EntryPoint\",\"urlTemplate\":\"https:\\\/\\\/atriographics.es\\\/?s={search_term_string}\"},\"query-input\":{\"@type\":\"PropertyValueSpecification\",\"valueRequired\":true,\"valueName\":\"search_term_string\"}}],\"inLanguage\":\"pt-PT\"},{\"@type\":\"Organization\",\"@id\":\"https:\\\/\\\/atriographics.es\\\/#organization\",\"name\":\"Atrio Graphics\",\"url\":\"https:\\\/\\\/atriographics.es\\\/\",\"logo\":{\"@type\":\"ImageObject\",\"inLanguage\":\"pt-PT\",\"@id\":\"https:\\\/\\\/atriographics.es\\\/#\\\/schema\\\/logo\\\/image\\\/\",\"url\":\"https:\\\/\\\/dev.atriographics.es\\\/wp-content\\\/uploads\\\/2025\\\/06\\\/logo_Atriographics.svg\",\"contentUrl\":\"https:\\\/\\\/dev.atriographics.es\\\/wp-content\\\/uploads\\\/2025\\\/06\\\/logo_Atriographics.svg\",\"width\":\"1024\",\"height\":\"1024\",\"caption\":\"Atrio Graphics\"},\"image\":{\"@id\":\"https:\\\/\\\/atriographics.es\\\/#\\\/schema\\\/logo\\\/image\\\/\"}}]}<\/script>\n<!-- \/ Yoast SEO plugin. -->","yoast_head_json":{"title":"Quem somos | Atrio Graphics","robots":{"index":"index","follow":"follow","max-snippet":"max-snippet:-1","max-image-preview":"max-image-preview:large","max-video-preview":"max-video-preview:-1"},"canonical":"https:\/\/atriographics.es\/pt-pt\/quem-somos\/","og_locale":"pt_PT","og_type":"article","og_title":"Quem somos | Atrio Graphics","og_url":"https:\/\/atriographics.es\/pt-pt\/quem-somos\/","og_site_name":"Atrio Graphics","article_modified_time":"2025-07-08T08:15:08+00:00","twitter_card":"summary_large_image","twitter_misc":{"Tempo estimado de leitura":"5 minutos"},"schema":{"@context":"https:\/\/schema.org","@graph":[{"@type":"WebPage","@id":"https:\/\/atriographics.es\/pt-pt\/quem-somos\/","url":"https:\/\/atriographics.es\/pt-pt\/quem-somos\/","name":"Quem somos | Atrio Graphics","isPartOf":{"@id":"https:\/\/atriographics.es\/#website"},"datePublished":"2021-11-21T16:21:10+00:00","dateModified":"2025-07-08T08:15:08+00:00","breadcrumb":{"@id":"https:\/\/atriographics.es\/pt-pt\/quem-somos\/#breadcrumb"},"inLanguage":"pt-PT","potentialAction":[{"@type":"ReadAction","target":["https:\/\/atriographics.es\/pt-pt\/quem-somos\/"]}]},{"@type":"BreadcrumbList","@id":"https:\/\/atriographics.es\/pt-pt\/quem-somos\/#breadcrumb","itemListElement":[{"@type":"ListItem","position":1,"name":"Inicio","item":"https:\/\/atriographics.es\/pt-pt\/"},{"@type":"ListItem","position":2,"name":"Quem somos"}]},{"@type":"WebSite","@id":"https:\/\/atriographics.es\/#website","url":"https:\/\/atriographics.es\/","name":"Atrio Graphics","description":"Dise\u00f1o de espacios en la nube.","publisher":{"@id":"https:\/\/atriographics.es\/#organization"},"potentialAction":[{"@type":"SearchAction","target":{"@type":"EntryPoint","urlTemplate":"https:\/\/atriographics.es\/?s={search_term_string}"},"query-input":{"@type":"PropertyValueSpecification","valueRequired":true,"valueName":"search_term_string"}}],"inLanguage":"pt-PT"},{"@type":"Organization","@id":"https:\/\/atriographics.es\/#organization","name":"Atrio Graphics","url":"https:\/\/atriographics.es\/","logo":{"@type":"ImageObject","inLanguage":"pt-PT","@id":"https:\/\/atriographics.es\/#\/schema\/logo\/image\/","url":"https:\/\/dev.atriographics.es\/wp-content\/uploads\/2025\/06\/logo_Atriographics.svg","contentUrl":"https:\/\/dev.atriographics.es\/wp-content\/uploads\/2025\/06\/logo_Atriographics.svg","width":"1024","height":"1024","caption":"Atrio Graphics"},"image":{"@id":"https:\/\/atriographics.es\/#\/schema\/logo\/image\/"}}]}},"_links":{"self":[{"href":"https:\/\/atriographics.es\/pt-pt\/wp-json\/wp\/v2\/pages\/3463","targetHints":{"allow":["GET"]}}],"collection":[{"href":"https:\/\/atriographics.es\/pt-pt\/wp-json\/wp\/v2\/pages"}],"about":[{"href":"https:\/\/atriographics.es\/pt-pt\/wp-json\/wp\/v2\/types\/page"}],"author":[{"embeddable":true,"href":"https:\/\/atriographics.es\/pt-pt\/wp-json\/wp\/v2\/users\/1"}],"replies":[{"embeddable":true,"href":"https:\/\/atriographics.es\/pt-pt\/wp-json\/wp\/v2\/comments?post=3463"}],"version-history":[{"count":8,"href":"https:\/\/atriographics.es\/pt-pt\/wp-json\/wp\/v2\/pages\/3463\/revisions"}],"predecessor-version":[{"id":3482,"href":"https:\/\/atriographics.es\/pt-pt\/wp-json\/wp\/v2\/pages\/3463\/revisions\/3482"}],"wp:attachment":[{"href":"https:\/\/atriographics.es\/pt-pt\/wp-json\/wp\/v2\/media?parent=3463"}],"curies":[{"name":"wp","href":"https:\/\/api.w.org\/{rel}","templated":true}]}}