{"id":3459,"date":"2025-06-17T18:21:05","date_gmt":"2025-06-17T16:21:05","guid":{"rendered":"https:\/\/dev.atriographics.es\/tutoriais\/"},"modified":"2025-07-08T11:52:44","modified_gmt":"2025-07-08T09:52:44","slug":"tutoriais","status":"publish","type":"page","link":"https:\/\/atriographics.es\/pt-pt\/tutoriais\/","title":{"rendered":"Tutoriais"},"content":{"rendered":"<section class=\"l-section wpb_row height_medium\"><div class=\"l-section-h i-cf\"><div class=\"g-cols vc_row via_flex valign_top type_default stacking_default\"><div class=\"vc_col-sm-12 wpb_column vc_column_container\"><div class=\"vc_column-inner\"><div class=\"wpb_wrapper\"><h1 class=\"w-text us_custom_df3b3b1a\"><span class=\"w-text-h\"><span class=\"w-text-value\">Bem-vindo \u00e0 nossa sec\u00e7\u00e3o de tutoriais<\/span><\/span><\/h1><\/div><\/div><\/div><\/div><\/div><\/section><section class=\"l-section wpb_row height_medium\"><div class=\"l-section-h i-cf\"><div class=\"g-cols vc_row via_flex valign_middle type_default stacking_default\"><div class=\"vc_col-sm-12 vc_col-lg-2\/5 vc_col-md-2\/5 wpb_column vc_column_container\"><div class=\"vc_column-inner\"><div class=\"wpb_wrapper\"><div class=\"w-text us_custom_799c2bf6 has_text_color\"><span class=\"w-text-h\"><span class=\"w-text-value\">Tutorial 1<\/span><\/span><\/div><h2 class=\"w-text\"><span class=\"w-text-h\"><span class=\"w-text-value\">B\u00e1sico<\/span><\/span><\/h2><div class=\"w-separator size_small\"><\/div><div class=\"wpb_text_column\"><div class=\"wpb_wrapper\"><p>Neste tutorial poderemos aprender os primeiros passos para utilizar esta aplica\u00e7\u00e3o: Cria\u00e7\u00e3o de salas, portas, janelas, instala\u00e7\u00f5es, etc.<\/p>\n<\/div><\/div><div class=\"w-separator size_small\"><\/div><div class=\"w-btn-wrapper default_align_none laptops_align_none tablets_align_none mobiles_align_center\"><a class=\"w-btn us-btn-style_1 us_custom_14373e58 icon_atright\" target=\"_blank\" href=\"https:\/\/www.youtube.com\/watch?v=lUwWKqsEeaE\"><span class=\"w-btn-label\">Ver v\u00eddeo completo<\/span><i class=\"fab fa-youtube\"><\/i><\/a><\/div><\/div><\/div><\/div><div class=\"vc_col-sm-12 vc_col-lg-3\/5 vc_col-md-3\/5 wpb_column vc_column_container\"><div class=\"vc_column-inner\"><div class=\"wpb_wrapper\"><div class=\"w-video us_custom_fca8cc99 align_none ratio_16x9 has_border_radius\"><div class=\"w-video-h\"><video  preload=\"metadata\" playsinline autoplay loop muted><source type=\"video\/mp4\" src=\"\/wp-content\/uploads\/2025\/06\/Miniatura1.mp4\" \/><\/video><\/div><\/div><\/div><\/div><\/div><\/div><\/div><\/section><section class=\"l-section wpb_row height_auto\"><div class=\"l-section-h i-cf\"><div class=\"g-cols vc_row via_flex valign_middle type_default reversed stacking_default\"><div class=\"vc_col-sm-12 vc_col-lg-3\/5 vc_col-md-3\/5 vc_hidden-sm wpb_column vc_column_container\"><div class=\"vc_column-inner\"><div class=\"wpb_wrapper\"><div class=\"w-video us_custom_fca8cc99 align_none ratio_16x9 has_border_radius\"><div class=\"w-video-h\"><video  preload=\"metadata\" playsinline autoplay loop muted><source type=\"video\/mp4\" src=\"\/wp-content\/uploads\/2025\/06\/Miniatura2.mp4\" \/><\/video><\/div><\/div><\/div><\/div><\/div><div class=\"vc_col-sm-12 vc_col-lg-2\/5 vc_col-md-2\/5 wpb_column vc_column_container\"><div class=\"vc_column-inner\"><div class=\"wpb_wrapper\"><div class=\"w-text us_custom_799c2bf6 has_text_color\"><span class=\"w-text-h\"><span class=\"w-text-value\">Tutorial 2<\/span><\/span><\/div><h2 class=\"w-text\"><span class=\"w-text-h\"><span class=\"w-text-value\">Inserindo objetos<\/span><\/span><\/h2><div class=\"w-separator size_small\"><\/div><div class=\"wpb_text_column\"><div class=\"wpb_wrapper\"><p>Neste tutorial poderemos aprender como introduzir m\u00f3veis e decora\u00e7\u00e3o em cena, bem como escolher acabamentos, op\u00e7\u00f5es de puxadores, portas, etc.<\/p>\n<\/div><\/div><div class=\"w-separator size_small\"><\/div><div class=\"w-btn-wrapper default_align_none laptops_align_none tablets_align_none mobiles_align_center\"><a class=\"w-btn us-btn-style_1 us_custom_14373e58 icon_atright\" target=\"_blank\" href=\"https:\/\/www.youtube.com\/watch?v=m0MaOVyTAfk\"><span class=\"w-btn-label\">Ver v\u00eddeo completo<\/span><i class=\"fab fa-youtube\"><\/i><\/a><\/div><div class=\"w-video us_custom_ca6fefed hide_on_default hide_on_laptops hide_on_mobiles align_none ratio_16x9 has_border_radius\"><div class=\"w-video-h\"><video  preload=\"metadata\" playsinline autoplay loop muted><source type=\"video\/mp4\" src=\"\/wp-content\/uploads\/2025\/06\/Miniatura2.mp4\" \/><\/video><\/div><\/div><\/div><\/div><\/div><\/div><\/div><\/section><section class=\"l-section wpb_row height_medium\"><div class=\"l-section-h i-cf\"><div class=\"g-cols vc_row via_flex valign_middle type_default stacking_default\"><div class=\"vc_col-sm-12 vc_col-lg-2\/5 vc_col-md-2\/5 wpb_column vc_column_container\"><div class=\"vc_column-inner\"><div class=\"wpb_wrapper\"><div class=\"w-text us_custom_799c2bf6 has_text_color\"><span class=\"w-text-h\"><span class=\"w-text-value\">Tutorial 3<\/span><\/span><\/div><h2 class=\"w-text\"><span class=\"w-text-h\"><span class=\"w-text-value\">Gest\u00e3o de or\u00e7amentos e encomendas<\/span><\/span><\/h2><div class=\"w-separator size_small\"><\/div><div class=\"wpb_text_column\"><div class=\"wpb_wrapper\"><p>Neste tutorial vamos aprender como escolher as prefer\u00eancias do usu\u00e1rio, bem como gerenciar os or\u00e7amentos e ordens das cenas criadas.<\/p>\n<\/div><\/div><div class=\"w-separator size_small\"><\/div><div class=\"w-btn-wrapper default_align_none laptops_align_none tablets_align_none mobiles_align_center\"><a class=\"w-btn us-btn-style_1 us_custom_14373e58 icon_atright\" target=\"_blank\" href=\"https:\/\/www.youtube.com\/watch?v=jUPd16sDqxQ\"><span class=\"w-btn-label\">Ver v\u00eddeo completo<\/span><i class=\"fab fa-youtube\"><\/i><\/a><\/div><\/div><\/div><\/div><div class=\"vc_col-sm-12 vc_col-lg-3\/5 vc_col-md-3\/5 wpb_column vc_column_container\"><div class=\"vc_column-inner\"><div class=\"wpb_wrapper\"><div class=\"w-video us_custom_fca8cc99 align_none ratio_16x9 has_border_radius\"><div class=\"w-video-h\"><video  preload=\"metadata\" playsinline autoplay loop muted><source type=\"video\/mp4\" src=\"\/wp-content\/uploads\/2025\/06\/Miniatura3.mp4\" \/><\/video><\/div><\/div><\/div><\/div><\/div><\/div><\/div><\/section>\n","protected":false},"excerpt":{"rendered":"Bem-vindo \u00e0 nossa sec\u00e7\u00e3o de tutoriaisTutorial 1B\u00e1sicoNeste tutorial poderemos aprender os primeiros passos para utilizar esta aplica\u00e7\u00e3o: Cria\u00e7\u00e3o de salas, portas, janelas, instala\u00e7\u00f5es, etc. Ver v\u00eddeo completoTutorial 2Inserindo objetosNeste tutorial poderemos aprender como introduzir m\u00f3veis e decora\u00e7\u00e3o em cena, bem como escolher acabamentos, op\u00e7\u00f5es de puxadores, portas, etc. Ver v\u00eddeo completoTutorial 3Gest\u00e3o de or\u00e7amentos e...","protected":false},"author":1,"featured_media":0,"parent":0,"menu_order":0,"comment_status":"closed","ping_status":"closed","template":"","meta":{"footnotes":""},"class_list":["post-3459","page","type-page","status-publish","hentry"],"yoast_head":"<!-- This site is optimized with the Yoast SEO plugin v27.4 - https:\/\/yoast.com\/product\/yoast-seo-wordpress\/ -->\n<title>Tutoriais | Atrio Graphics<\/title>\n<meta name=\"robots\" content=\"index, follow, max-snippet:-1, max-image-preview:large, max-video-preview:-1\" \/>\n<link rel=\"canonical\" href=\"https:\/\/atriographics.es\/pt-pt\/tutoriais\/\" \/>\n<meta property=\"og:locale\" content=\"pt_PT\" \/>\n<meta property=\"og:type\" content=\"article\" \/>\n<meta property=\"og:title\" content=\"Tutoriais | Atrio Graphics\" \/>\n<meta property=\"og:url\" content=\"https:\/\/atriographics.es\/pt-pt\/tutoriais\/\" \/>\n<meta property=\"og:site_name\" content=\"Atrio Graphics\" \/>\n<meta property=\"article:modified_time\" content=\"2025-07-08T09:52:44+00:00\" \/>\n<meta name=\"twitter:card\" content=\"summary_large_image\" \/>\n<meta name=\"twitter:label1\" content=\"Tempo estimado de leitura\" \/>\n\t<meta name=\"twitter:data1\" content=\"4 minutos\" \/>\n<script type=\"application\/ld+json\" class=\"yoast-schema-graph\">{\"@context\":\"https:\\\/\\\/schema.org\",\"@graph\":[{\"@type\":\"WebPage\",\"@id\":\"https:\\\/\\\/atriographics.es\\\/pt-pt\\\/tutoriais\\\/\",\"url\":\"https:\\\/\\\/atriographics.es\\\/pt-pt\\\/tutoriais\\\/\",\"name\":\"Tutoriais | Atrio Graphics\",\"isPartOf\":{\"@id\":\"https:\\\/\\\/atriographics.es\\\/#website\"},\"datePublished\":\"2025-06-17T16:21:05+00:00\",\"dateModified\":\"2025-07-08T09:52:44+00:00\",\"breadcrumb\":{\"@id\":\"https:\\\/\\\/atriographics.es\\\/pt-pt\\\/tutoriais\\\/#breadcrumb\"},\"inLanguage\":\"pt-PT\",\"potentialAction\":[{\"@type\":\"ReadAction\",\"target\":[\"https:\\\/\\\/atriographics.es\\\/pt-pt\\\/tutoriais\\\/\"]}]},{\"@type\":\"BreadcrumbList\",\"@id\":\"https:\\\/\\\/atriographics.es\\\/pt-pt\\\/tutoriais\\\/#breadcrumb\",\"itemListElement\":[{\"@type\":\"ListItem\",\"position\":1,\"name\":\"Inicio\",\"item\":\"https:\\\/\\\/atriographics.es\\\/pt-pt\\\/\"},{\"@type\":\"ListItem\",\"position\":2,\"name\":\"Tutoriais\"}]},{\"@type\":\"WebSite\",\"@id\":\"https:\\\/\\\/atriographics.es\\\/#website\",\"url\":\"https:\\\/\\\/atriographics.es\\\/\",\"name\":\"Atrio Graphics\",\"description\":\"Dise\u00f1o de espacios en la nube.\",\"publisher\":{\"@id\":\"https:\\\/\\\/atriographics.es\\\/#organization\"},\"potentialAction\":[{\"@type\":\"SearchAction\",\"target\":{\"@type\":\"EntryPoint\",\"urlTemplate\":\"https:\\\/\\\/atriographics.es\\\/?s={search_term_string}\"},\"query-input\":{\"@type\":\"PropertyValueSpecification\",\"valueRequired\":true,\"valueName\":\"search_term_string\"}}],\"inLanguage\":\"pt-PT\"},{\"@type\":\"Organization\",\"@id\":\"https:\\\/\\\/atriographics.es\\\/#organization\",\"name\":\"Atrio Graphics\",\"url\":\"https:\\\/\\\/atriographics.es\\\/\",\"logo\":{\"@type\":\"ImageObject\",\"inLanguage\":\"pt-PT\",\"@id\":\"https:\\\/\\\/atriographics.es\\\/#\\\/schema\\\/logo\\\/image\\\/\",\"url\":\"https:\\\/\\\/dev.atriographics.es\\\/wp-content\\\/uploads\\\/2025\\\/06\\\/logo_Atriographics.svg\",\"contentUrl\":\"https:\\\/\\\/dev.atriographics.es\\\/wp-content\\\/uploads\\\/2025\\\/06\\\/logo_Atriographics.svg\",\"width\":\"1024\",\"height\":\"1024\",\"caption\":\"Atrio Graphics\"},\"image\":{\"@id\":\"https:\\\/\\\/atriographics.es\\\/#\\\/schema\\\/logo\\\/image\\\/\"}}]}<\/script>\n<!-- \/ Yoast SEO plugin. -->","yoast_head_json":{"title":"Tutoriais | Atrio Graphics","robots":{"index":"index","follow":"follow","max-snippet":"max-snippet:-1","max-image-preview":"max-image-preview:large","max-video-preview":"max-video-preview:-1"},"canonical":"https:\/\/atriographics.es\/pt-pt\/tutoriais\/","og_locale":"pt_PT","og_type":"article","og_title":"Tutoriais | Atrio Graphics","og_url":"https:\/\/atriographics.es\/pt-pt\/tutoriais\/","og_site_name":"Atrio Graphics","article_modified_time":"2025-07-08T09:52:44+00:00","twitter_card":"summary_large_image","twitter_misc":{"Tempo estimado de leitura":"4 minutos"},"schema":{"@context":"https:\/\/schema.org","@graph":[{"@type":"WebPage","@id":"https:\/\/atriographics.es\/pt-pt\/tutoriais\/","url":"https:\/\/atriographics.es\/pt-pt\/tutoriais\/","name":"Tutoriais | Atrio Graphics","isPartOf":{"@id":"https:\/\/atriographics.es\/#website"},"datePublished":"2025-06-17T16:21:05+00:00","dateModified":"2025-07-08T09:52:44+00:00","breadcrumb":{"@id":"https:\/\/atriographics.es\/pt-pt\/tutoriais\/#breadcrumb"},"inLanguage":"pt-PT","potentialAction":[{"@type":"ReadAction","target":["https:\/\/atriographics.es\/pt-pt\/tutoriais\/"]}]},{"@type":"BreadcrumbList","@id":"https:\/\/atriographics.es\/pt-pt\/tutoriais\/#breadcrumb","itemListElement":[{"@type":"ListItem","position":1,"name":"Inicio","item":"https:\/\/atriographics.es\/pt-pt\/"},{"@type":"ListItem","position":2,"name":"Tutoriais"}]},{"@type":"WebSite","@id":"https:\/\/atriographics.es\/#website","url":"https:\/\/atriographics.es\/","name":"Atrio Graphics","description":"Dise\u00f1o de espacios en la nube.","publisher":{"@id":"https:\/\/atriographics.es\/#organization"},"potentialAction":[{"@type":"SearchAction","target":{"@type":"EntryPoint","urlTemplate":"https:\/\/atriographics.es\/?s={search_term_string}"},"query-input":{"@type":"PropertyValueSpecification","valueRequired":true,"valueName":"search_term_string"}}],"inLanguage":"pt-PT"},{"@type":"Organization","@id":"https:\/\/atriographics.es\/#organization","name":"Atrio Graphics","url":"https:\/\/atriographics.es\/","logo":{"@type":"ImageObject","inLanguage":"pt-PT","@id":"https:\/\/atriographics.es\/#\/schema\/logo\/image\/","url":"https:\/\/dev.atriographics.es\/wp-content\/uploads\/2025\/06\/logo_Atriographics.svg","contentUrl":"https:\/\/dev.atriographics.es\/wp-content\/uploads\/2025\/06\/logo_Atriographics.svg","width":"1024","height":"1024","caption":"Atrio Graphics"},"image":{"@id":"https:\/\/atriographics.es\/#\/schema\/logo\/image\/"}}]}},"_links":{"self":[{"href":"https:\/\/atriographics.es\/pt-pt\/wp-json\/wp\/v2\/pages\/3459","targetHints":{"allow":["GET"]}}],"collection":[{"href":"https:\/\/atriographics.es\/pt-pt\/wp-json\/wp\/v2\/pages"}],"about":[{"href":"https:\/\/atriographics.es\/pt-pt\/wp-json\/wp\/v2\/types\/page"}],"author":[{"embeddable":true,"href":"https:\/\/atriographics.es\/pt-pt\/wp-json\/wp\/v2\/users\/1"}],"replies":[{"embeddable":true,"href":"https:\/\/atriographics.es\/pt-pt\/wp-json\/wp\/v2\/comments?post=3459"}],"version-history":[{"count":2,"href":"https:\/\/atriographics.es\/pt-pt\/wp-json\/wp\/v2\/pages\/3459\/revisions"}],"predecessor-version":[{"id":3570,"href":"https:\/\/atriographics.es\/pt-pt\/wp-json\/wp\/v2\/pages\/3459\/revisions\/3570"}],"wp:attachment":[{"href":"https:\/\/atriographics.es\/pt-pt\/wp-json\/wp\/v2\/media?parent=3459"}],"curies":[{"name":"wp","href":"https:\/\/api.w.org\/{rel}","templated":true}]}}