{"id":3511,"date":"2025-05-16T16:29:00","date_gmt":"2025-05-16T14:29:00","guid":{"rendered":"https:\/\/dev.atriographics.es\/politique-de-confidentialite\/"},"modified":"2025-07-08T10:30:21","modified_gmt":"2025-07-08T08:30:21","slug":"politique-de-confidentialite","status":"publish","type":"page","link":"https:\/\/atriographics.es\/fr\/politique-de-confidentialite\/","title":{"rendered":"Politique de Confidentialit\u00e9"},"content":{"rendered":"<section class=\"l-section wpb_row height_medium\"><div class=\"l-section-h i-cf\"><div class=\"g-cols vc_row via_flex valign_top type_default stacking_default\"><div class=\"vc_col-sm-12 wpb_column vc_column_container\"><div class=\"vc_column-inner\"><div class=\"wpb_wrapper\"><h1 class=\"w-post-elm post_title entry-title\">Politique de Confidentialit\u00e9<\/h1><div class=\"w-separator size_medium\"><\/div><div class=\"wpb_text_column\"><div class=\"wpb_wrapper\"><h2>1. Responsable du traitement des donn\u00e9es<\/h2>\n<\/div><\/div><div class=\"w-separator size_small\"><\/div><div class=\"wpb_text_column\"><div class=\"wpb_wrapper\"><p>3D Atrio Graphics SL<\/p>\n<p>Nom commercial : Atrio Graphics<\/p>\n<p>CIF : B02785558<\/p>\n<p>Adresse : Plaza Ricardo Molina, 2, Bloc 1, 3\u00baB, 14500 Puente Genil (Cordoue) <\/p>\n<p>Courriel : <a href=\"mailto:info@atriographics.es\" target=\"_blank\" rel=\"noopener\">info@atriographics.es<\/a><\/p>\n<\/div><\/div><div class=\"w-separator size_medium\"><\/div><div class=\"wpb_text_column\"><div class=\"wpb_wrapper\"><h2>2. Quelles donn\u00e9es collectons-nous ?<\/h2>\n<\/div><\/div><div class=\"w-separator size_small\"><\/div><div class=\"wpb_text_column\"><div class=\"wpb_wrapper\"><p>Le R\u00e8glement g\u00e9n\u00e9ral sur la protection des donn\u00e9es d\u00e9finit les donn\u00e9es personnelles comme toute information relative \u00e0 une personne physique identifi\u00e9e ou identifiable, c&rsquo;est-\u00e0-dire toute information permettant d&rsquo;identifier une personne. Cela n&rsquo;inclut pas les donn\u00e9es anonymis\u00e9es ou bas\u00e9es sur des pourcentages. <\/p>\n<p>Toutes les donn\u00e9es personnelles qui pourraient \u00eatre collect\u00e9es directement aupr\u00e8s de l&rsquo;int\u00e9ress\u00e9 seront trait\u00e9es de mani\u00e8re confidentielle et seront int\u00e9gr\u00e9es aux activit\u00e9s de traitement correspondantes, propri\u00e9t\u00e9 de 3D Atrio Graphics SL.<\/p>\n<p>Sur notre site Web, nous pouvons traiter certains types de donn\u00e9es personnelles, qui peuvent inclure :<\/p>\n<ul>\n<li>Donn\u00e9es d&rsquo;identit\u00e9 : nom.<\/li>\n<li>Coordonn\u00e9es : email et t\u00e9l\u00e9phone.<\/li>\n<\/ul>\n<p>Nous ne collectons aucune cat\u00e9gorie particuli\u00e8re de donn\u00e9es personnelles (telles que l\u2019origine raciale ou ethnique, les opinions politiques, les croyances religieuses ou philosophiques, l\u2019appartenance syndicale, les informations sur la sant\u00e9, les donn\u00e9es g\u00e9n\u00e9tiques ou biom\u00e9triques).<\/p>\n<p>Si vous \u00eates tenu de collecter des donn\u00e9es personnelles en vertu de la loi ou des termes d&rsquo;un contrat entre nous et que vous refusez de les fournir, nous pourrions ne pas \u00eatre en mesure d&rsquo;ex\u00e9cuter le contrat ou de fournir le service, et vous devez nous en informer \u00e0 l&rsquo;avance.<\/p>\n<\/div><\/div><div class=\"w-separator size_medium\"><\/div><div class=\"wpb_text_column\"><div class=\"wpb_wrapper\"><h2>3. Comment collectons-nous vos donn\u00e9es personnelles ?<\/h2>\n<\/div><\/div><div class=\"w-separator size_small\"><\/div><div class=\"wpb_text_column\"><div class=\"wpb_wrapper\"><p>Les moyens que nous utilisons pour collecter des donn\u00e9es personnelles sont :<\/p>\n<ul>\n<li><b>Via le formulaire sur notre site internet, via notre email de contact, par t\u00e9l\u00e9phone ou par courrier, lorsque :<\/b>\n<ul>\n<li style=\"font-weight: 400;\" aria-level=\"2\">Demandez des informations sur nos services<\/li>\n<li style=\"font-weight: 400;\" aria-level=\"2\">Louez nos services<\/li>\n<li style=\"font-weight: 400;\" aria-level=\"2\">Demander des devis<\/li>\n<li style=\"font-weight: 400;\" aria-level=\"2\">Envoyez vos commentaires<\/li>\n<\/ul>\n<\/li>\n<\/ul>\n<p>Afin de garantir la qualit\u00e9 de notre portail, nous nous r\u00e9servons le droit de rejeter toute demande d&rsquo;inscription ou de suspendre ou d&rsquo;annuler une inscription pr\u00e9c\u00e9demment accept\u00e9e si nous estimons qu&rsquo;elle ne r\u00e9pond pas aux pr\u00e9sentes exigences ou \u00e0 toute autre loi ou r\u00e9glementation. Dans ce cas, nous nous efforcerons d&rsquo;expliquer les raisons de notre d\u00e9cision, mais nous ne pouvons nous y engager dans tous les cas. <\/p>\n<ul>\n<li><b>Gr\u00e2ce \u00e0 la technologie ou \u00e0 des interactions automatis\u00e9es<\/b>&nbsp;: nous pouvons collecter automatiquement des donn\u00e9es techniques sur votre \u00e9quipement, vos actions de navigation et vos habitudes d&rsquo;utilisation de notre site. Ces donn\u00e9es sont collect\u00e9es via des cookies ou des technologies similaires. <\/li>\n<li aria-level=\"1\"><b>Par l&rsquo;interm\u00e9diaire de tiers :<\/b><\/li>\n<\/ul>\n<ul>\n<li style=\"list-style-type: none;\">\n<ul>\n<li style=\"font-weight: 400;\" aria-level=\"2\"><b>Google&nbsp;:<\/b> donn\u00e9es d&rsquo;analyse ou de recherche. Hors Union europ\u00e9enne. <\/li>\n<\/ul>\n<\/li>\n<\/ul>\n<\/div><\/div><div class=\"w-separator size_medium\"><\/div><div class=\"wpb_text_column\"><div class=\"wpb_wrapper\"><h2>4. Finalit\u00e9 et l\u00e9gitimit\u00e9 de l&rsquo;utilisation de vos donn\u00e9es<\/h2>\n<\/div><\/div><div class=\"w-separator size_small\"><\/div><div class=\"wpb_text_column\"><div class=\"wpb_wrapper\"><p>Les utilisations les plus courantes de vos donn\u00e9es personnelles sont&nbsp;:<\/p>\n<ul>\n<li style=\"font-weight: 400;\" aria-level=\"1\">Pour la formalisation d&rsquo;un contrat entre 3D Atrio Graphics SL et vous.<\/li>\n<li style=\"font-weight: 400;\" aria-level=\"1\">Lorsque vous donnez votre consentement au traitement de vos donn\u00e9es.<\/li>\n<li style=\"font-weight: 400;\" aria-level=\"1\">Lorsque nous en avons besoin pour nous conformer \u00e0 une obligation l\u00e9gale ou r\u00e9glementaire.<\/li>\n<li style=\"font-weight: 400;\" aria-level=\"1\">Lorsque cela est n\u00e9cessaire pour notre int\u00e9r\u00eat l\u00e9gitime ou celui d\u2019un tiers.<\/li>\n<\/ul>\n<p>L&rsquo;Utilisateur peut r\u00e9voquer le consentement donn\u00e9 \u00e0 tout moment en envoyant un courrier \u00e9lectronique \u00e0 <a href=\"mailto:info@atriographics.es\" target=\"_blank\" rel=\"noopener\">info@atriographics.es<\/a> ou en consultant la section relative \u00e0 l&rsquo;exercice des droits ci-dessous.<\/p>\n<\/div><\/div><div class=\"w-separator size_medium\"><\/div><div class=\"wpb_text_column\"><div class=\"wpb_wrapper\"><h2>5. Combien de temps conserverons-nous vos donn\u00e9es ?<\/h2>\n<\/div><\/div><div class=\"w-separator size_small\"><\/div><div class=\"wpb_text_column\"><div class=\"wpb_wrapper\"><p>Elles seront conserv\u00e9es pendant la dur\u00e9e n\u00e9cessaire \u00e0 la r\u00e9alisation de la finalit\u00e9 pour laquelle elles ont \u00e9t\u00e9 collect\u00e9es et \u00e0 la d\u00e9termination des \u00e9ventuelles responsabilit\u00e9s pouvant d\u00e9couler de cette finalit\u00e9 et du traitement des donn\u00e9es. Les dispositions des diff\u00e9rentes r\u00e9glementations relatives aux dur\u00e9es de conservation s&rsquo;appliqueront dans la mesure applicable \u00e0 ce traitement.<\/p>\n<\/div><\/div><div class=\"w-separator size_medium\"><\/div><div class=\"wpb_text_column\"><div class=\"wpb_wrapper\"><h2>6. Mineurs<\/h2>\n<\/div><\/div><div class=\"w-separator size_small\"><\/div><div class=\"wpb_text_column\"><div class=\"wpb_wrapper\"><p>3D Atrio Graphics SL n&rsquo;autorise pas les mineurs de moins de 14 ans \u00e0 fournir leurs donn\u00e9es personnelles par les moyens propos\u00e9s sur ce site web (formulaires de demande de service, formulaires de contact ou e-mails). Par cons\u00e9quent, toute personne fournissant des donn\u00e9es personnelles par ces moyens d\u00e9clare formellement avoir plus de 14 ans. 3D Atrio Graphics SL d\u00e9cline toute responsabilit\u00e9 en cas de non-respect de cette exigence. <\/p>\n<p>Si votre enfant, qui n&rsquo;a pas atteint la limite d&rsquo;\u00e2ge, a fourni des informations personnelles \u00e0 3D Atrio Graphics SL, veuillez nous contacter afin que nous puissions exercer vos droits applicables.<\/p>\n<p>Dans les cas o\u00f9 les services offerts par 3D Atrio Graphics SL sont destin\u00e9s aux mineurs de moins de 14 ans, les moyens d&rsquo;obtenir l&rsquo;autorisation des parents ou tuteurs l\u00e9gaux du mineur seront activ\u00e9s.<\/p>\n<\/div><\/div><div class=\"w-separator size_medium\"><\/div><div class=\"wpb_text_column\"><div class=\"wpb_wrapper\"><h2>7. Exercice des droits en mati\u00e8re de protection des donn\u00e9es<\/h2>\n<\/div><\/div><div class=\"w-separator size_small\"><\/div><div class=\"wpb_text_column\"><div class=\"wpb_wrapper\"><p>Comment exercer ces droits&nbsp;? Les utilisateurs peuvent adresser une demande au si\u00e8ge social de 3D Atrio Graphics SL ou \u00e0 l&rsquo;adresse \u00e9lectronique <a href=\"mailto:info@atriographics.es\" target=\"_blank\" rel=\"noopener\">info@atriographics.es<\/a> , accompagn\u00e9e d&rsquo;une photocopie de leur pi\u00e8ce d&rsquo;identit\u00e9 ou d&rsquo;un autre document d&rsquo;identification similaire, pour exercer les droits suivants&nbsp;: <\/p>\n<ul>\n<li style=\"font-weight: 400;\" aria-level=\"1\">Acc\u00e8s \u00e0 vos donn\u00e9es personnelles : Vous pouvez demander \u00e0 3D Atrio Graphics SL si elle utilise vos donn\u00e9es personnelles.<\/li>\n<li style=\"font-weight: 400;\" aria-level=\"1\">De demander leur rectification si elles ne sont pas correctes, ou d\u2019exercer le droit \u00e0 l\u2019oubli \u00e0 leur \u00e9gard.<\/li>\n<li style=\"font-weight: 400;\" aria-level=\"1\">Si vous demandez une restriction de traitement, dans ce cas, vos donn\u00e9es personnelles ne seront conserv\u00e9es par 3D Atrio Graphics SL que pour l&rsquo;exercice ou la d\u00e9fense des r\u00e9clamations.<\/li>\n<li style=\"font-weight: 400;\" aria-level=\"1\">Pour vous opposer au traitement : 3D Atrio Graphics SL cessera de traiter vos donn\u00e9es de la mani\u00e8re que vous indiquez, \u00e0 moins qu&rsquo;elles ne doivent continuer \u00e0 \u00eatre trait\u00e9es pour des raisons l\u00e9gitimes ou pour exercer ou d\u00e9fendre d&rsquo;\u00e9ventuelles r\u00e9clamations.<\/li>\n<li style=\"font-weight: 400;\" aria-level=\"1\">Portabilit\u00e9 des donn\u00e9es : Si vous souhaitez que vos donn\u00e9es soient trait\u00e9es par une autre soci\u00e9t\u00e9, 3D Atrio Graphics SL facilitera la portabilit\u00e9 de vos donn\u00e9es vers le nouveau responsable du traitement.<\/li>\n<\/ul>\n<p>Vous pouvez utiliser les formulaires mis \u00e0 votre disposition par l&rsquo;Agence espagnole de protection des donn\u00e9es pour exercer vos droits ci-dessus : <a href=\"https:\/\/www.aepd.es\/reglamento\/derechos\/index.html\" target=\"_blank\" rel=\"noopener\">Ici<\/a> .<\/p>\n<p>D\u00e9poser une plainte aupr\u00e8s de l&rsquo;AEPD : Si vous pensez qu&rsquo;il y a un probl\u00e8me avec la mani\u00e8re dont 3D Atrio Graphics SL traite vos donn\u00e9es, vous pouvez adresser vos plaintes \u00e0 l&rsquo;autorit\u00e9 de contr\u00f4le correspondante, qui en Espagne est l&rsquo;autorit\u00e9 comp\u00e9tente : <a href=\"https:\/\/sedeagpd.gob.es\/sede-electronica-web\/vistas\/formNuevaReclamacion\/solicitudReclamacion.jsf;jsessionid=5085E2038B4210818633610065963C3E\" target=\"_blank\" rel=\"noopener\">l&rsquo;Agence espagnole de protection des donn\u00e9es<\/a> .<\/p>\n<p>Nous vous demanderons des informations sp\u00e9cifiques pour confirmer votre identit\u00e9 et garantir votre droit d&rsquo;acc\u00e8s \u00e0 vos donn\u00e9es personnelles (ou d&rsquo;exercice de tout autre droit mentionn\u00e9 ci-dessus). Il s&rsquo;agit d&rsquo;une mesure de s\u00e9curit\u00e9 visant \u00e0 garantir que vos donn\u00e9es personnelles ne soient pas divulgu\u00e9es \u00e0 des personnes non autoris\u00e9es \u00e0 les recevoir. <\/p>\n<p>Nous traiterons toutes les demandes dans le d\u00e9lai l\u00e9gal d&rsquo;un mois. Toutefois, ce d\u00e9lai peut \u00eatre plus long si votre demande est particuli\u00e8rement complexe. Dans ce cas, nous vous en informerons et vous tiendrons inform\u00e9.<\/p>\n<\/div><\/div><div class=\"w-separator size_medium\"><\/div><div class=\"wpb_text_column\"><div class=\"wpb_wrapper\"><h2>8. Communication de donn\u00e9es : fourniture de services<\/h2>\n<\/div><\/div><div class=\"w-separator size_small\"><\/div><div class=\"wpb_text_column\"><div class=\"wpb_wrapper\"><p>Dans le cadre de nos activit\u00e9s, nous pouvons avoir besoin de l&rsquo;assistance de tiers. Ces derniers traiteront vos donn\u00e9es uniquement pour fournir le service contractuel et nous avons mis en place des mesures appropri\u00e9es pour garantir vos droits&nbsp;:<\/p>\n<ul>\n<li style=\"font-weight: 400;\" aria-level=\"1\">Fournisseurs de services qui fournissent des services d\u2019administration de syst\u00e8mes et de technologies de l\u2019information.<\/li>\n<li style=\"font-weight: 400;\" aria-level=\"1\">Conseillers professionnels, notamment avocats, auditeurs et assureurs, qui fournissent des services de conseil bancaire, juridique, d\u2019assurance et comptable.<\/li>\n<\/ul>\n<p>Tous les sous-traitants de donn\u00e9es auxquels nous transf\u00e9rons vos donn\u00e9es respecteront la s\u00e9curit\u00e9 de vos donn\u00e9es personnelles et les traiteront conform\u00e9ment au RGPD.<\/p>\n<p>Nous autorisons ces sous-traitants \u00e0 traiter vos donn\u00e9es uniquement \u00e0 des fins sp\u00e9cifiques et conform\u00e9ment \u00e0 nos instructions. Cependant, par souci de transparence, vous pouvez demander la liste des entreprises qui nous fournissent des services en envoyant un e-mail \u00e0&nbsp;: <a href=\"mailto:info@atriographics.es\" target=\"_blank\" rel=\"noopener\">info@atriographics.es<\/a> .<\/p>\n<\/div><\/div><div class=\"w-separator size_medium\"><\/div><div class=\"wpb_text_column\"><div class=\"wpb_wrapper\"><h2>9. S\u00e9curit\u00e9 des donn\u00e9es<\/h2>\n<\/div><\/div><div class=\"w-separator size_small\"><\/div><div class=\"wpb_text_column\"><div class=\"wpb_wrapper\"><p>Nous avons mis en place des mesures de s\u00e9curit\u00e9 appropri\u00e9es pour prot\u00e9ger vos donn\u00e9es personnelles contre toute perte accidentelle, utilisation ou acc\u00e8s non autoris\u00e9, alt\u00e9ration ou divulgation. De plus, nous limitons l&rsquo;acc\u00e8s \u00e0 vos donn\u00e9es personnelles aux employ\u00e9s, agents, sous-traitants et autres tiers qui en ont besoin pour des raisons professionnelles. Ils traiteront vos donn\u00e9es personnelles uniquement selon nos instructions et sont soumis \u00e0 une obligation de confidentialit\u00e9.  <\/p>\n<p>Nous avons mis en place des proc\u00e9dures pour traiter toute suspicion de violation de donn\u00e9es personnelles et nous vous informerons, ainsi que l&rsquo;Autorit\u00e9 de contr\u00f4le, en cas de violation de la s\u00e9curit\u00e9, comme le pr\u00e9voient les articles 33 et 34 du RGPD.<\/p>\n<\/div><\/div><\/div><\/div><\/div><\/div><\/div><\/section>\n","protected":false},"excerpt":{"rendered":"Politique de Confidentialit\u00e91. Responsable du traitement des donn\u00e9es 3D Atrio Graphics SL Nom commercial : Atrio Graphics CIF : B02785558 Adresse : Plaza Ricardo Molina, 2, Bloc 1, 3\u00baB, 14500 Puente Genil (Cordoue) Courriel : info@atriographics.es 2. Quelles donn\u00e9es collectons-nous ? Le R\u00e8glement g\u00e9n\u00e9ral sur la protection des donn\u00e9es d\u00e9finit les donn\u00e9es personnelles comme toute...","protected":false},"author":1,"featured_media":0,"parent":0,"menu_order":0,"comment_status":"closed","ping_status":"open","template":"","meta":{"footnotes":""},"class_list":["post-3511","page","type-page","status-publish","hentry"],"yoast_head":"<!-- This site is optimized with the Yoast SEO plugin v27.4 - https:\/\/yoast.com\/product\/yoast-seo-wordpress\/ -->\n<title>Politique de Confidentialit\u00e9 | Atrio Graphics<\/title>\n<meta name=\"robots\" content=\"index, follow, max-snippet:-1, max-image-preview:large, max-video-preview:-1\" \/>\n<link rel=\"canonical\" href=\"https:\/\/atriographics.es\/fr\/politique-de-confidentialite\/\" \/>\n<meta property=\"og:locale\" content=\"fr_FR\" \/>\n<meta property=\"og:type\" content=\"article\" \/>\n<meta property=\"og:title\" content=\"Politique de Confidentialit\u00e9 | Atrio Graphics\" \/>\n<meta property=\"og:url\" content=\"https:\/\/atriographics.es\/fr\/politique-de-confidentialite\/\" \/>\n<meta property=\"og:site_name\" content=\"Atrio Graphics\" \/>\n<meta property=\"article:modified_time\" content=\"2025-07-08T08:30:21+00:00\" \/>\n<meta name=\"twitter:card\" content=\"summary_large_image\" \/>\n<meta name=\"twitter:label1\" content=\"Dur\u00e9e de lecture estim\u00e9e\" \/>\n\t<meta name=\"twitter:data1\" content=\"8 minutes\" \/>\n<script type=\"application\/ld+json\" class=\"yoast-schema-graph\">{\"@context\":\"https:\\\/\\\/schema.org\",\"@graph\":[{\"@type\":\"WebPage\",\"@id\":\"https:\\\/\\\/atriographics.es\\\/fr\\\/politique-de-confidentialite\\\/\",\"url\":\"https:\\\/\\\/atriographics.es\\\/fr\\\/politique-de-confidentialite\\\/\",\"name\":\"Politique de Confidentialit\u00e9 | Atrio Graphics\",\"isPartOf\":{\"@id\":\"https:\\\/\\\/atriographics.es\\\/#website\"},\"datePublished\":\"2025-05-16T14:29:00+00:00\",\"dateModified\":\"2025-07-08T08:30:21+00:00\",\"breadcrumb\":{\"@id\":\"https:\\\/\\\/atriographics.es\\\/fr\\\/politique-de-confidentialite\\\/#breadcrumb\"},\"inLanguage\":\"fr-FR\",\"potentialAction\":[{\"@type\":\"ReadAction\",\"target\":[\"https:\\\/\\\/atriographics.es\\\/fr\\\/politique-de-confidentialite\\\/\"]}]},{\"@type\":\"BreadcrumbList\",\"@id\":\"https:\\\/\\\/atriographics.es\\\/fr\\\/politique-de-confidentialite\\\/#breadcrumb\",\"itemListElement\":[{\"@type\":\"ListItem\",\"position\":1,\"name\":\"Inicio\",\"item\":\"https:\\\/\\\/atriographics.es\\\/fr\\\/\"},{\"@type\":\"ListItem\",\"position\":2,\"name\":\"Politique de Confidentialit\u00e9\"}]},{\"@type\":\"WebSite\",\"@id\":\"https:\\\/\\\/atriographics.es\\\/#website\",\"url\":\"https:\\\/\\\/atriographics.es\\\/\",\"name\":\"Atrio Graphics\",\"description\":\"Dise\u00f1o de espacios en la nube.\",\"publisher\":{\"@id\":\"https:\\\/\\\/atriographics.es\\\/#organization\"},\"potentialAction\":[{\"@type\":\"SearchAction\",\"target\":{\"@type\":\"EntryPoint\",\"urlTemplate\":\"https:\\\/\\\/atriographics.es\\\/?s={search_term_string}\"},\"query-input\":{\"@type\":\"PropertyValueSpecification\",\"valueRequired\":true,\"valueName\":\"search_term_string\"}}],\"inLanguage\":\"fr-FR\"},{\"@type\":\"Organization\",\"@id\":\"https:\\\/\\\/atriographics.es\\\/#organization\",\"name\":\"Atrio Graphics\",\"url\":\"https:\\\/\\\/atriographics.es\\\/\",\"logo\":{\"@type\":\"ImageObject\",\"inLanguage\":\"fr-FR\",\"@id\":\"https:\\\/\\\/atriographics.es\\\/#\\\/schema\\\/logo\\\/image\\\/\",\"url\":\"https:\\\/\\\/dev.atriographics.es\\\/wp-content\\\/uploads\\\/2025\\\/06\\\/logo_Atriographics.svg\",\"contentUrl\":\"https:\\\/\\\/dev.atriographics.es\\\/wp-content\\\/uploads\\\/2025\\\/06\\\/logo_Atriographics.svg\",\"width\":\"1024\",\"height\":\"1024\",\"caption\":\"Atrio Graphics\"},\"image\":{\"@id\":\"https:\\\/\\\/atriographics.es\\\/#\\\/schema\\\/logo\\\/image\\\/\"}}]}<\/script>\n<!-- \/ Yoast SEO plugin. -->","yoast_head_json":{"title":"Politique de Confidentialit\u00e9 | Atrio Graphics","robots":{"index":"index","follow":"follow","max-snippet":"max-snippet:-1","max-image-preview":"max-image-preview:large","max-video-preview":"max-video-preview:-1"},"canonical":"https:\/\/atriographics.es\/fr\/politique-de-confidentialite\/","og_locale":"fr_FR","og_type":"article","og_title":"Politique de Confidentialit\u00e9 | Atrio Graphics","og_url":"https:\/\/atriographics.es\/fr\/politique-de-confidentialite\/","og_site_name":"Atrio Graphics","article_modified_time":"2025-07-08T08:30:21+00:00","twitter_card":"summary_large_image","twitter_misc":{"Dur\u00e9e de lecture estim\u00e9e":"8 minutes"},"schema":{"@context":"https:\/\/schema.org","@graph":[{"@type":"WebPage","@id":"https:\/\/atriographics.es\/fr\/politique-de-confidentialite\/","url":"https:\/\/atriographics.es\/fr\/politique-de-confidentialite\/","name":"Politique de Confidentialit\u00e9 | Atrio Graphics","isPartOf":{"@id":"https:\/\/atriographics.es\/#website"},"datePublished":"2025-05-16T14:29:00+00:00","dateModified":"2025-07-08T08:30:21+00:00","breadcrumb":{"@id":"https:\/\/atriographics.es\/fr\/politique-de-confidentialite\/#breadcrumb"},"inLanguage":"fr-FR","potentialAction":[{"@type":"ReadAction","target":["https:\/\/atriographics.es\/fr\/politique-de-confidentialite\/"]}]},{"@type":"BreadcrumbList","@id":"https:\/\/atriographics.es\/fr\/politique-de-confidentialite\/#breadcrumb","itemListElement":[{"@type":"ListItem","position":1,"name":"Inicio","item":"https:\/\/atriographics.es\/fr\/"},{"@type":"ListItem","position":2,"name":"Politique de Confidentialit\u00e9"}]},{"@type":"WebSite","@id":"https:\/\/atriographics.es\/#website","url":"https:\/\/atriographics.es\/","name":"Atrio Graphics","description":"Dise\u00f1o de espacios en la nube.","publisher":{"@id":"https:\/\/atriographics.es\/#organization"},"potentialAction":[{"@type":"SearchAction","target":{"@type":"EntryPoint","urlTemplate":"https:\/\/atriographics.es\/?s={search_term_string}"},"query-input":{"@type":"PropertyValueSpecification","valueRequired":true,"valueName":"search_term_string"}}],"inLanguage":"fr-FR"},{"@type":"Organization","@id":"https:\/\/atriographics.es\/#organization","name":"Atrio Graphics","url":"https:\/\/atriographics.es\/","logo":{"@type":"ImageObject","inLanguage":"fr-FR","@id":"https:\/\/atriographics.es\/#\/schema\/logo\/image\/","url":"https:\/\/dev.atriographics.es\/wp-content\/uploads\/2025\/06\/logo_Atriographics.svg","contentUrl":"https:\/\/dev.atriographics.es\/wp-content\/uploads\/2025\/06\/logo_Atriographics.svg","width":"1024","height":"1024","caption":"Atrio Graphics"},"image":{"@id":"https:\/\/atriographics.es\/#\/schema\/logo\/image\/"}}]}},"_links":{"self":[{"href":"https:\/\/atriographics.es\/fr\/wp-json\/wp\/v2\/pages\/3511","targetHints":{"allow":["GET"]}}],"collection":[{"href":"https:\/\/atriographics.es\/fr\/wp-json\/wp\/v2\/pages"}],"about":[{"href":"https:\/\/atriographics.es\/fr\/wp-json\/wp\/v2\/types\/page"}],"author":[{"embeddable":true,"href":"https:\/\/atriographics.es\/fr\/wp-json\/wp\/v2\/users\/1"}],"replies":[{"embeddable":true,"href":"https:\/\/atriographics.es\/fr\/wp-json\/wp\/v2\/comments?post=3511"}],"version-history":[{"count":4,"href":"https:\/\/atriographics.es\/fr\/wp-json\/wp\/v2\/pages\/3511\/revisions"}],"predecessor-version":[{"id":3555,"href":"https:\/\/atriographics.es\/fr\/wp-json\/wp\/v2\/pages\/3511\/revisions\/3555"}],"wp:attachment":[{"href":"https:\/\/atriographics.es\/fr\/wp-json\/wp\/v2\/media?parent=3511"}],"curies":[{"name":"wp","href":"https:\/\/api.w.org\/{rel}","templated":true}]}}