{"id":3466,"date":"2021-11-21T17:21:10","date_gmt":"2021-11-21T16:21:10","guid":{"rendered":"https:\/\/dev.atriographics.es\/nous\/"},"modified":"2025-07-08T10:15:08","modified_gmt":"2025-07-08T08:15:08","slug":"nous","status":"publish","type":"page","link":"https:\/\/atriographics.es\/fr\/nous\/","title":{"rendered":"Nous"},"content":{"rendered":"<section class=\"l-section wpb_row height_medium\"><div class=\"l-section-h i-cf\"><div class=\"g-cols vc_row via_flex valign_top type_default stacking_default\"><div class=\"vc_col-sm-12 wpb_column vc_column_container\"><div class=\"vc_column-inner\"><div class=\"wpb_wrapper\"><h1 class=\"w-text us_custom_df3b3b1a\"><span class=\"w-text-h\"><span class=\"w-text-value\">Nous proposons des solutions de conception 3D pour cr\u00e9er l&#039;espace de vos r\u00eaves.<\/span><\/span><\/h1><div class=\"w-separator size_small\"><\/div><div class=\"wpb_text_column us_custom_7a339e96\"><div class=\"wpb_wrapper\"><p>Chez Atrio Graphics, nous vous offrons les outils pour transformer vos id\u00e9es en espaces uniques. Concevez des int\u00e9rieurs 3D rapidement, avec pr\u00e9cision et sans installation. Personnalisez murs, finitions et meubles gr\u00e2ce \u00e0 des catalogues \u00e0 jour et visualisez les r\u00e9sultats en temps r\u00e9el.<\/p>\n<\/div><\/div><div class=\"w-separator size_medium\"><\/div><div class=\"w-btn-wrapper default_align_center laptops_align_center tablets_align_none mobiles_align_center\"><a class=\"w-btn us-btn-style_1 us_custom_14373e58\" target=\"_blank\" href=\"https:\/\/clientes.atriographics.es\/AtrioGraphics\/\"><span class=\"w-btn-label\">Clients<\/span><\/a><\/div><div class=\"w-separator size_medium\"><\/div><div class=\"w-gallery fit_cover type_grid action_popup_image ratio_4x3 count_9\" style=\"--columns:3;--items-gap:10px;\"><div class=\"w-gallery-list\"><div class=\"w-gallery-item\"><div class=\"w-gallery-item-img\"><img decoding=\"async\" width=\"2118\" height=\"1188\" src=\"https:\/\/atriographics.es\/wp-content\/uploads\/2025\/07\/Diseno-AZOR-Juvenil-7_7_2025-13_39_07.png\" class=\"attachment-full size-full\" alt=\"\" srcset=\"https:\/\/atriographics.es\/wp-content\/uploads\/2025\/07\/Diseno-AZOR-Juvenil-7_7_2025-13_39_07.png 2118w, https:\/\/atriographics.es\/wp-content\/uploads\/2025\/07\/Diseno-AZOR-Juvenil-7_7_2025-13_39_07-300x168.png 300w, https:\/\/atriographics.es\/wp-content\/uploads\/2025\/07\/Diseno-AZOR-Juvenil-7_7_2025-13_39_07-1024x574.png 1024w, https:\/\/atriographics.es\/wp-content\/uploads\/2025\/07\/Diseno-AZOR-Juvenil-7_7_2025-13_39_07-600x337.png 600w\" sizes=\"(max-width: 2118px) 100vw, 2118px\" \/><\/div><a class=\"w-gallery-item-link\" aria-label=\"Dise\u00f1o - AZOR Juvenil - 7_7_2025, 13_39_07\" href=\"https:\/\/atriographics.es\/wp-content\/uploads\/2025\/07\/Diseno-AZOR-Juvenil-7_7_2025-13_39_07.png\"><\/a><\/div><div class=\"w-gallery-item\"><div class=\"w-gallery-item-img\"><img decoding=\"async\" width=\"2118\" height=\"1188\" src=\"https:\/\/atriographics.es\/wp-content\/uploads\/2025\/07\/Diseno-Dormitorio-GLICERIO-ECI-7_7_2025-13_35_44.png\" class=\"attachment-full size-full\" alt=\"\" srcset=\"https:\/\/atriographics.es\/wp-content\/uploads\/2025\/07\/Diseno-Dormitorio-GLICERIO-ECI-7_7_2025-13_35_44.png 2118w, https:\/\/atriographics.es\/wp-content\/uploads\/2025\/07\/Diseno-Dormitorio-GLICERIO-ECI-7_7_2025-13_35_44-300x168.png 300w, https:\/\/atriographics.es\/wp-content\/uploads\/2025\/07\/Diseno-Dormitorio-GLICERIO-ECI-7_7_2025-13_35_44-1024x574.png 1024w, https:\/\/atriographics.es\/wp-content\/uploads\/2025\/07\/Diseno-Dormitorio-GLICERIO-ECI-7_7_2025-13_35_44-600x337.png 600w\" sizes=\"(max-width: 2118px) 100vw, 2118px\" \/><\/div><a class=\"w-gallery-item-link\" aria-label=\"Dise\u00f1o - Dormitorio GLICERIO ECI - 7_7_2025, 13_35_44\" href=\"https:\/\/atriographics.es\/wp-content\/uploads\/2025\/07\/Diseno-Dormitorio-GLICERIO-ECI-7_7_2025-13_35_44.png\"><\/a><\/div><div class=\"w-gallery-item\"><div class=\"w-gallery-item-img\"><img decoding=\"async\" width=\"2118\" height=\"1188\" src=\"https:\/\/atriographics.es\/wp-content\/uploads\/2025\/07\/Diseno-EJEMPLO-Salon-7_7_2025-13_37_50.png\" class=\"attachment-full size-full\" alt=\"\" srcset=\"https:\/\/atriographics.es\/wp-content\/uploads\/2025\/07\/Diseno-EJEMPLO-Salon-7_7_2025-13_37_50.png 2118w, https:\/\/atriographics.es\/wp-content\/uploads\/2025\/07\/Diseno-EJEMPLO-Salon-7_7_2025-13_37_50-300x168.png 300w, https:\/\/atriographics.es\/wp-content\/uploads\/2025\/07\/Diseno-EJEMPLO-Salon-7_7_2025-13_37_50-1024x574.png 1024w, https:\/\/atriographics.es\/wp-content\/uploads\/2025\/07\/Diseno-EJEMPLO-Salon-7_7_2025-13_37_50-600x337.png 600w\" sizes=\"(max-width: 2118px) 100vw, 2118px\" \/><\/div><a class=\"w-gallery-item-link\" aria-label=\"Dise\u00f1o - EJEMPLO Sal\u00f3n - 7_7_2025, 13_37_50\" href=\"https:\/\/atriographics.es\/wp-content\/uploads\/2025\/07\/Diseno-EJEMPLO-Salon-7_7_2025-13_37_50.png\"><\/a><\/div><div class=\"w-gallery-item\"><div class=\"w-gallery-item-img\"><img decoding=\"async\" width=\"2118\" height=\"1188\" src=\"https:\/\/atriographics.es\/wp-content\/uploads\/2025\/07\/Diseno-EJEMPLO-Salon-7_7_2025-13_38_23.png\" class=\"attachment-full size-full\" alt=\"\" srcset=\"https:\/\/atriographics.es\/wp-content\/uploads\/2025\/07\/Diseno-EJEMPLO-Salon-7_7_2025-13_38_23.png 2118w, https:\/\/atriographics.es\/wp-content\/uploads\/2025\/07\/Diseno-EJEMPLO-Salon-7_7_2025-13_38_23-300x168.png 300w, https:\/\/atriographics.es\/wp-content\/uploads\/2025\/07\/Diseno-EJEMPLO-Salon-7_7_2025-13_38_23-1024x574.png 1024w, https:\/\/atriographics.es\/wp-content\/uploads\/2025\/07\/Diseno-EJEMPLO-Salon-7_7_2025-13_38_23-600x337.png 600w\" sizes=\"(max-width: 2118px) 100vw, 2118px\" \/><\/div><a class=\"w-gallery-item-link\" aria-label=\"Dise\u00f1o - EJEMPLO Sal\u00f3n - 7_7_2025, 13_38_23\" href=\"https:\/\/atriographics.es\/wp-content\/uploads\/2025\/07\/Diseno-EJEMPLO-Salon-7_7_2025-13_38_23.png\"><\/a><\/div><div class=\"w-gallery-item\"><div class=\"w-gallery-item-img\"><img decoding=\"async\" width=\"2118\" height=\"1188\" src=\"https:\/\/atriographics.es\/wp-content\/uploads\/2025\/07\/Diseno-EL-CORTE-INGLES-juvenil-7_7_2025-13_39_56.png\" class=\"attachment-full size-full\" alt=\"\" srcset=\"https:\/\/atriographics.es\/wp-content\/uploads\/2025\/07\/Diseno-EL-CORTE-INGLES-juvenil-7_7_2025-13_39_56.png 2118w, https:\/\/atriographics.es\/wp-content\/uploads\/2025\/07\/Diseno-EL-CORTE-INGLES-juvenil-7_7_2025-13_39_56-300x168.png 300w, https:\/\/atriographics.es\/wp-content\/uploads\/2025\/07\/Diseno-EL-CORTE-INGLES-juvenil-7_7_2025-13_39_56-1024x574.png 1024w, https:\/\/atriographics.es\/wp-content\/uploads\/2025\/07\/Diseno-EL-CORTE-INGLES-juvenil-7_7_2025-13_39_56-600x337.png 600w\" sizes=\"(max-width: 2118px) 100vw, 2118px\" \/><\/div><a class=\"w-gallery-item-link\" aria-label=\"Dise\u00f1o - EL CORTE INGL\u00c9S juvenil - 7_7_2025, 13_39_56\" href=\"https:\/\/atriographics.es\/wp-content\/uploads\/2025\/07\/Diseno-EL-CORTE-INGLES-juvenil-7_7_2025-13_39_56.png\"><\/a><\/div><div class=\"w-gallery-item\"><div class=\"w-gallery-item-img\"><img decoding=\"async\" width=\"2118\" height=\"1188\" src=\"https:\/\/atriographics.es\/wp-content\/uploads\/2025\/07\/Diseno-GALLARDO-Salon-Cocina-7_7_2025-13_47_37.png\" class=\"attachment-full size-full\" alt=\"\" srcset=\"https:\/\/atriographics.es\/wp-content\/uploads\/2025\/07\/Diseno-GALLARDO-Salon-Cocina-7_7_2025-13_47_37.png 2118w, https:\/\/atriographics.es\/wp-content\/uploads\/2025\/07\/Diseno-GALLARDO-Salon-Cocina-7_7_2025-13_47_37-300x168.png 300w, https:\/\/atriographics.es\/wp-content\/uploads\/2025\/07\/Diseno-GALLARDO-Salon-Cocina-7_7_2025-13_47_37-1024x574.png 1024w, https:\/\/atriographics.es\/wp-content\/uploads\/2025\/07\/Diseno-GALLARDO-Salon-Cocina-7_7_2025-13_47_37-600x337.png 600w\" sizes=\"(max-width: 2118px) 100vw, 2118px\" \/><\/div><a class=\"w-gallery-item-link\" aria-label=\"Dise\u00f1o - GALLARDO Sal\u00f3n Cocina - 7_7_2025, 13_47_37\" href=\"https:\/\/atriographics.es\/wp-content\/uploads\/2025\/07\/Diseno-GALLARDO-Salon-Cocina-7_7_2025-13_47_37.png\"><\/a><\/div><div class=\"w-gallery-item\"><div class=\"w-gallery-item-img\"><img decoding=\"async\" width=\"2118\" height=\"1188\" src=\"https:\/\/atriographics.es\/wp-content\/uploads\/2025\/07\/Diseno-GRUPO-SEYS-Banos-7_7_2025-13_49_56.png\" class=\"attachment-full size-full\" alt=\"\" srcset=\"https:\/\/atriographics.es\/wp-content\/uploads\/2025\/07\/Diseno-GRUPO-SEYS-Banos-7_7_2025-13_49_56.png 2118w, https:\/\/atriographics.es\/wp-content\/uploads\/2025\/07\/Diseno-GRUPO-SEYS-Banos-7_7_2025-13_49_56-300x168.png 300w, https:\/\/atriographics.es\/wp-content\/uploads\/2025\/07\/Diseno-GRUPO-SEYS-Banos-7_7_2025-13_49_56-1024x574.png 1024w, https:\/\/atriographics.es\/wp-content\/uploads\/2025\/07\/Diseno-GRUPO-SEYS-Banos-7_7_2025-13_49_56-600x337.png 600w\" sizes=\"(max-width: 2118px) 100vw, 2118px\" \/><\/div><a class=\"w-gallery-item-link\" aria-label=\"Dise\u00f1o - GRUPO SEYS Ba\u00f1os - 7_7_2025, 13_49_56\" href=\"https:\/\/atriographics.es\/wp-content\/uploads\/2025\/07\/Diseno-GRUPO-SEYS-Banos-7_7_2025-13_49_56.png\"><\/a><\/div><div class=\"w-gallery-item\"><div class=\"w-gallery-item-img\"><img decoding=\"async\" width=\"2118\" height=\"1188\" src=\"https:\/\/atriographics.es\/wp-content\/uploads\/2025\/07\/Diseno-EJEMPLO-Dormitorio-7_7_2025-13_37_04.png\" class=\"attachment-full size-full\" alt=\"\" srcset=\"https:\/\/atriographics.es\/wp-content\/uploads\/2025\/07\/Diseno-EJEMPLO-Dormitorio-7_7_2025-13_37_04.png 2118w, https:\/\/atriographics.es\/wp-content\/uploads\/2025\/07\/Diseno-EJEMPLO-Dormitorio-7_7_2025-13_37_04-300x168.png 300w, https:\/\/atriographics.es\/wp-content\/uploads\/2025\/07\/Diseno-EJEMPLO-Dormitorio-7_7_2025-13_37_04-1024x574.png 1024w, https:\/\/atriographics.es\/wp-content\/uploads\/2025\/07\/Diseno-EJEMPLO-Dormitorio-7_7_2025-13_37_04-600x337.png 600w\" sizes=\"(max-width: 2118px) 100vw, 2118px\" \/><\/div><a class=\"w-gallery-item-link\" aria-label=\"Dise\u00f1o - EJEMPLO Dormitorio - 7_7_2025, 13_37_04\" href=\"https:\/\/atriographics.es\/wp-content\/uploads\/2025\/07\/Diseno-EJEMPLO-Dormitorio-7_7_2025-13_37_04.png\"><\/a><\/div><div class=\"w-gallery-item\"><div class=\"w-gallery-item-img\"><img decoding=\"async\" width=\"2118\" height=\"1188\" src=\"https:\/\/atriographics.es\/wp-content\/uploads\/2025\/07\/Diseno-GALLARDO-Salon-Cocina-7_7_2025-13_48_54.png\" class=\"attachment-full size-full\" alt=\"\" srcset=\"https:\/\/atriographics.es\/wp-content\/uploads\/2025\/07\/Diseno-GALLARDO-Salon-Cocina-7_7_2025-13_48_54.png 2118w, https:\/\/atriographics.es\/wp-content\/uploads\/2025\/07\/Diseno-GALLARDO-Salon-Cocina-7_7_2025-13_48_54-300x168.png 300w, https:\/\/atriographics.es\/wp-content\/uploads\/2025\/07\/Diseno-GALLARDO-Salon-Cocina-7_7_2025-13_48_54-1024x574.png 1024w, https:\/\/atriographics.es\/wp-content\/uploads\/2025\/07\/Diseno-GALLARDO-Salon-Cocina-7_7_2025-13_48_54-600x337.png 600w\" sizes=\"(max-width: 2118px) 100vw, 2118px\" \/><\/div><a class=\"w-gallery-item-link\" aria-label=\"Dise\u00f1o - GALLARDO Sal\u00f3n Cocina - 7_7_2025, 13_48_54\" href=\"https:\/\/atriographics.es\/wp-content\/uploads\/2025\/07\/Diseno-GALLARDO-Salon-Cocina-7_7_2025-13_48_54.png\"><\/a><\/div><\/div><\/div><\/div><\/div><\/div><\/div><\/div><\/section><section class=\"l-section wpb_row us_custom_887a049b height_medium\"><div class=\"l-section-h i-cf\"><div class=\"g-cols vc_row via_flex valign_top type_default stacking_default\"><div class=\"vc_col-sm-12 wpb_column vc_column_container\"><div class=\"vc_column-inner\"><div class=\"wpb_wrapper\"><div class=\"g-cols wpb_row us_custom_70fa8e0f via_flex valign_top type_default stacking_default\"><div class=\"vc_col-sm-12 wpb_column vc_column_container\"><div class=\"vc_column-inner\"><div class=\"wpb_wrapper\"><h2 class=\"w-text\"><span class=\"w-text-h\"><span class=\"w-text-value\">Travaillez avec nous<\/span><\/span><\/h2><div class=\"w-separator size_small\"><\/div><div class=\"wpb_text_column\"><div class=\"wpb_wrapper\"><p>Envie de rejoindre notre \u00e9quipe&nbsp;? Contactez-nous&nbsp;!<\/p>\n<\/div><\/div><div class=\"w-separator size_medium\"><\/div><div class=\"w-btn-wrapper default_align_none laptops_align_none tablets_align_none mobiles_align_center\"><a class=\"w-btn us-btn-style_1 us_custom_14373e58\" href=\"https:\/\/dev.atriographics.es\/fr\/contact\/\"><span class=\"w-btn-label\">Contactez-nous<\/span><\/a><\/div><\/div><\/div><\/div><\/div><\/div><\/div><\/div><\/div><\/div><\/section>\n","protected":false},"excerpt":{"rendered":"Nous proposons des solutions de conception 3D pour cr\u00e9er l&#039;espace de vos r\u00eaves.Chez Atrio Graphics, nous vous offrons les outils pour transformer vos id\u00e9es en espaces uniques. Concevez des int\u00e9rieurs 3D rapidement, avec pr\u00e9cision et sans installation. Personnalisez murs, finitions et meubles gr\u00e2ce \u00e0 des catalogues \u00e0 jour et visualisez les r\u00e9sultats en temps r\u00e9el....","protected":false},"author":1,"featured_media":0,"parent":0,"menu_order":0,"comment_status":"closed","ping_status":"closed","template":"","meta":{"footnotes":""},"class_list":["post-3466","page","type-page","status-publish","hentry"],"yoast_head":"<!-- This site is optimized with the Yoast SEO plugin v27.4 - https:\/\/yoast.com\/product\/yoast-seo-wordpress\/ -->\n<title>Nous | Atrio Graphics<\/title>\n<meta name=\"robots\" content=\"index, follow, max-snippet:-1, max-image-preview:large, max-video-preview:-1\" \/>\n<link rel=\"canonical\" href=\"https:\/\/atriographics.es\/fr\/nous\/\" \/>\n<meta property=\"og:locale\" content=\"fr_FR\" \/>\n<meta property=\"og:type\" content=\"article\" \/>\n<meta property=\"og:title\" content=\"Nous | Atrio Graphics\" \/>\n<meta property=\"og:url\" content=\"https:\/\/atriographics.es\/fr\/nous\/\" \/>\n<meta property=\"og:site_name\" content=\"Atrio Graphics\" \/>\n<meta property=\"article:modified_time\" content=\"2025-07-08T08:15:08+00:00\" \/>\n<meta name=\"twitter:card\" content=\"summary_large_image\" \/>\n<meta name=\"twitter:label1\" content=\"Dur\u00e9e de lecture estim\u00e9e\" \/>\n\t<meta name=\"twitter:data1\" content=\"5 minutes\" \/>\n<script type=\"application\/ld+json\" class=\"yoast-schema-graph\">{\"@context\":\"https:\\\/\\\/schema.org\",\"@graph\":[{\"@type\":\"WebPage\",\"@id\":\"https:\\\/\\\/atriographics.es\\\/fr\\\/nous\\\/\",\"url\":\"https:\\\/\\\/atriographics.es\\\/fr\\\/nous\\\/\",\"name\":\"Nous | Atrio Graphics\",\"isPartOf\":{\"@id\":\"https:\\\/\\\/atriographics.es\\\/#website\"},\"datePublished\":\"2021-11-21T16:21:10+00:00\",\"dateModified\":\"2025-07-08T08:15:08+00:00\",\"breadcrumb\":{\"@id\":\"https:\\\/\\\/atriographics.es\\\/fr\\\/nous\\\/#breadcrumb\"},\"inLanguage\":\"fr-FR\",\"potentialAction\":[{\"@type\":\"ReadAction\",\"target\":[\"https:\\\/\\\/atriographics.es\\\/fr\\\/nous\\\/\"]}]},{\"@type\":\"BreadcrumbList\",\"@id\":\"https:\\\/\\\/atriographics.es\\\/fr\\\/nous\\\/#breadcrumb\",\"itemListElement\":[{\"@type\":\"ListItem\",\"position\":1,\"name\":\"Inicio\",\"item\":\"https:\\\/\\\/atriographics.es\\\/fr\\\/\"},{\"@type\":\"ListItem\",\"position\":2,\"name\":\"Nous\"}]},{\"@type\":\"WebSite\",\"@id\":\"https:\\\/\\\/atriographics.es\\\/#website\",\"url\":\"https:\\\/\\\/atriographics.es\\\/\",\"name\":\"Atrio Graphics\",\"description\":\"Dise\u00f1o de espacios en la nube.\",\"publisher\":{\"@id\":\"https:\\\/\\\/atriographics.es\\\/#organization\"},\"potentialAction\":[{\"@type\":\"SearchAction\",\"target\":{\"@type\":\"EntryPoint\",\"urlTemplate\":\"https:\\\/\\\/atriographics.es\\\/?s={search_term_string}\"},\"query-input\":{\"@type\":\"PropertyValueSpecification\",\"valueRequired\":true,\"valueName\":\"search_term_string\"}}],\"inLanguage\":\"fr-FR\"},{\"@type\":\"Organization\",\"@id\":\"https:\\\/\\\/atriographics.es\\\/#organization\",\"name\":\"Atrio Graphics\",\"url\":\"https:\\\/\\\/atriographics.es\\\/\",\"logo\":{\"@type\":\"ImageObject\",\"inLanguage\":\"fr-FR\",\"@id\":\"https:\\\/\\\/atriographics.es\\\/#\\\/schema\\\/logo\\\/image\\\/\",\"url\":\"https:\\\/\\\/dev.atriographics.es\\\/wp-content\\\/uploads\\\/2025\\\/06\\\/logo_Atriographics.svg\",\"contentUrl\":\"https:\\\/\\\/dev.atriographics.es\\\/wp-content\\\/uploads\\\/2025\\\/06\\\/logo_Atriographics.svg\",\"width\":\"1024\",\"height\":\"1024\",\"caption\":\"Atrio Graphics\"},\"image\":{\"@id\":\"https:\\\/\\\/atriographics.es\\\/#\\\/schema\\\/logo\\\/image\\\/\"}}]}<\/script>\n<!-- \/ Yoast SEO plugin. -->","yoast_head_json":{"title":"Nous | Atrio Graphics","robots":{"index":"index","follow":"follow","max-snippet":"max-snippet:-1","max-image-preview":"max-image-preview:large","max-video-preview":"max-video-preview:-1"},"canonical":"https:\/\/atriographics.es\/fr\/nous\/","og_locale":"fr_FR","og_type":"article","og_title":"Nous | Atrio Graphics","og_url":"https:\/\/atriographics.es\/fr\/nous\/","og_site_name":"Atrio Graphics","article_modified_time":"2025-07-08T08:15:08+00:00","twitter_card":"summary_large_image","twitter_misc":{"Dur\u00e9e de lecture estim\u00e9e":"5 minutes"},"schema":{"@context":"https:\/\/schema.org","@graph":[{"@type":"WebPage","@id":"https:\/\/atriographics.es\/fr\/nous\/","url":"https:\/\/atriographics.es\/fr\/nous\/","name":"Nous | Atrio Graphics","isPartOf":{"@id":"https:\/\/atriographics.es\/#website"},"datePublished":"2021-11-21T16:21:10+00:00","dateModified":"2025-07-08T08:15:08+00:00","breadcrumb":{"@id":"https:\/\/atriographics.es\/fr\/nous\/#breadcrumb"},"inLanguage":"fr-FR","potentialAction":[{"@type":"ReadAction","target":["https:\/\/atriographics.es\/fr\/nous\/"]}]},{"@type":"BreadcrumbList","@id":"https:\/\/atriographics.es\/fr\/nous\/#breadcrumb","itemListElement":[{"@type":"ListItem","position":1,"name":"Inicio","item":"https:\/\/atriographics.es\/fr\/"},{"@type":"ListItem","position":2,"name":"Nous"}]},{"@type":"WebSite","@id":"https:\/\/atriographics.es\/#website","url":"https:\/\/atriographics.es\/","name":"Atrio Graphics","description":"Dise\u00f1o de espacios en la nube.","publisher":{"@id":"https:\/\/atriographics.es\/#organization"},"potentialAction":[{"@type":"SearchAction","target":{"@type":"EntryPoint","urlTemplate":"https:\/\/atriographics.es\/?s={search_term_string}"},"query-input":{"@type":"PropertyValueSpecification","valueRequired":true,"valueName":"search_term_string"}}],"inLanguage":"fr-FR"},{"@type":"Organization","@id":"https:\/\/atriographics.es\/#organization","name":"Atrio Graphics","url":"https:\/\/atriographics.es\/","logo":{"@type":"ImageObject","inLanguage":"fr-FR","@id":"https:\/\/atriographics.es\/#\/schema\/logo\/image\/","url":"https:\/\/dev.atriographics.es\/wp-content\/uploads\/2025\/06\/logo_Atriographics.svg","contentUrl":"https:\/\/dev.atriographics.es\/wp-content\/uploads\/2025\/06\/logo_Atriographics.svg","width":"1024","height":"1024","caption":"Atrio Graphics"},"image":{"@id":"https:\/\/atriographics.es\/#\/schema\/logo\/image\/"}}]}},"_links":{"self":[{"href":"https:\/\/atriographics.es\/fr\/wp-json\/wp\/v2\/pages\/3466","targetHints":{"allow":["GET"]}}],"collection":[{"href":"https:\/\/atriographics.es\/fr\/wp-json\/wp\/v2\/pages"}],"about":[{"href":"https:\/\/atriographics.es\/fr\/wp-json\/wp\/v2\/types\/page"}],"author":[{"embeddable":true,"href":"https:\/\/atriographics.es\/fr\/wp-json\/wp\/v2\/users\/1"}],"replies":[{"embeddable":true,"href":"https:\/\/atriographics.es\/fr\/wp-json\/wp\/v2\/comments?post=3466"}],"version-history":[{"count":6,"href":"https:\/\/atriographics.es\/fr\/wp-json\/wp\/v2\/pages\/3466\/revisions"}],"predecessor-version":[{"id":3483,"href":"https:\/\/atriographics.es\/fr\/wp-json\/wp\/v2\/pages\/3466\/revisions\/3483"}],"wp:attachment":[{"href":"https:\/\/atriographics.es\/fr\/wp-json\/wp\/v2\/media?parent=3466"}],"curies":[{"name":"wp","href":"https:\/\/api.w.org\/{rel}","templated":true}]}}