{"id":3450,"date":"2025-06-03T11:12:36","date_gmt":"2025-06-03T09:12:36","guid":{"rendered":"https:\/\/dev.atriographics.es\/politique-relative-aux-cookies\/"},"modified":"2025-07-08T10:31:06","modified_gmt":"2025-07-08T08:31:06","slug":"politique-relative-aux-cookies","status":"publish","type":"page","link":"https:\/\/atriographics.es\/fr\/politique-relative-aux-cookies\/","title":{"rendered":"Politique Cookies"},"content":{"rendered":"<section class=\"l-section wpb_row height_medium\"><div class=\"l-section-h i-cf\"><div class=\"g-cols vc_row via_flex valign_top type_default stacking_default\"><div class=\"vc_col-sm-12 wpb_column vc_column_container\"><div class=\"vc_column-inner\"><div class=\"wpb_wrapper\"><h1 class=\"w-post-elm post_title entry-title\">Politique Cookies<\/h1><div class=\"w-separator size_medium\"><\/div><div class=\"wpb_text_column\"><div class=\"wpb_wrapper\"><h2>1. Que sont les cookies ?<\/h2>\n<\/div><\/div><div class=\"w-separator size_small\"><\/div><div class=\"wpb_text_column\"><div class=\"wpb_wrapper\"><p>3D Atrio Graphics SL est responsable du site Web atriographics.es et utilise des cookies et\/ou d&rsquo;autres fichiers ayant des fonctionnalit\u00e9s similaires (ci-apr\u00e8s \u00ab Cookies \u00bb).<\/p>\n<p>Les cookies sont de petits fichiers de donn\u00e9es envoy\u00e9s sur l&rsquo;ordinateur, le t\u00e9l\u00e9phone portable ou tout autre appareil d&rsquo;un utilisateur lorsqu&rsquo;il visite un site web. Ces fichiers nous permettent d&rsquo;obtenir des informations sur sa navigation ou un code permettant d&rsquo;identifier l&rsquo;utilisateur de mani\u00e8re unique.<\/p>\n<\/div><\/div><div class=\"w-separator size_medium\"><\/div><div class=\"wpb_text_column\"><div class=\"wpb_wrapper\"><h2>2. Types de cookies et finalit\u00e9s d&rsquo;utilisation<\/h2>\n<\/div><\/div><div class=\"w-separator size_small\"><\/div><div class=\"wpb_text_column\"><div class=\"wpb_wrapper\"><p>Le site Web atriographics.es utilise des cookies de session et\/ou des cookies persistants, qui peuvent \u00e9galement \u00eatre ses propres cookies et\/ou des cookies tiers.<\/p>\n<p>Les cookies de session sont con\u00e7us pour collecter et stocker des donn\u00e9es pendant que l&rsquo;utilisateur acc\u00e8de \u00e0 un site web. Ils sont g\u00e9n\u00e9ralement utilis\u00e9s pour stocker les informations n\u00e9cessaires \u00e0 la fourniture ponctuelle du service demand\u00e9 par l&rsquo;utilisateur. <\/p>\n<p>Les cookies persistants sont un type de cookie dans lequel les donn\u00e9es restent stock\u00e9es sur le terminal et peuvent \u00eatre consult\u00e9es et trait\u00e9es pendant une p\u00e9riode d\u00e9finie par le responsable du cookie, qui peut aller de quelques minutes \u00e0 plusieurs ann\u00e9es.<\/p>\n<p><strong>Cookies internes<\/strong>&nbsp;: ceux cr\u00e9\u00e9s ou g\u00e9r\u00e9s par le propri\u00e9taire du site web. Le site web atriographics.es utilise ses propres cookies aux fins suivantes&nbsp;: <\/p>\n<ul>\n<li><strong>Techniques<\/strong> : permettent \u00e0 l&rsquo;utilisateur de naviguer et d&rsquo;utiliser les diff\u00e9rentes options ou services disponibles, tels que le contr\u00f4le du trafic et de la communication de donn\u00e9es, l&rsquo;identification de la session, l&rsquo;acc\u00e8s aux zones restreintes, l&rsquo;utilisation d&rsquo;\u00e9l\u00e9ments de s\u00e9curit\u00e9 lors de la navigation et le stockage de contenu.<\/li>\n<li><strong>Personnalisation<\/strong> : Elles permettent \u00e0 l&rsquo;utilisateur d&rsquo;acc\u00e9der au service avec certaines caract\u00e9ristiques g\u00e9n\u00e9rales pr\u00e9d\u00e9finies en fonction d&rsquo;une s\u00e9rie de crit\u00e8res sur le terminal de l&rsquo;utilisateur, comme la m\u00e9morisation des pr\u00e9f\u00e9rences de lecture vid\u00e9o.<\/li>\n<\/ul>\n<p><strong>Cookies tiers<\/strong> : ceux g\u00e9r\u00e9s par des prestataires de services autres que 3D Atrio Graphics SL<\/p>\n<\/div><\/div><div class=\"w-separator size_medium\"><\/div><div class=\"wpb_text_column\"><div class=\"wpb_wrapper\"><h2>3. D\u00e9sactiver ou supprimer les cookies<\/h2>\n<\/div><\/div><div class=\"w-separator size_small\"><\/div><div class=\"wpb_text_column\"><div class=\"wpb_wrapper\"><p>La plupart des navigateurs web vous permettent de g\u00e9rer \u00e0 tout moment vos pr\u00e9f\u00e9rences concernant l&rsquo;utilisation des cookies. Vous pouvez configurer votre navigateur pour refuser les cookies ou supprimer certains cookies \u00e0 votre convenance. <\/p>\n<p>Pour configurer les Cookies, l&rsquo;utilisateur peut acc\u00e9der :<\/p>\n<p><a href=\"https:\/\/support.google.com\/chrome\/answer\/95647?co=GENIE.Platform=Desktop&amp;&amp;hl=es\" target=\"_blank\" rel=\"noopener\">Google Chrome<\/a><br \/>\n<a href=\"https:\/\/support.mozilla.org\/es\/kb\/impedir-que-los-sitios-web-guarden-sus-preferencia\" target=\"_blank\" rel=\"noopener\">Mozilla Firefox<\/a><br \/>\n<a href=\"https:\/\/support.microsoft.com\/es-es\/windows\/eliminar-y-administrar-cookies-168dab11-0753-043d-7c16-ede5947fc64d\" target=\"_blank\" rel=\"noopener\">Internet Explorer<\/a><br \/>\n<a href=\"https:\/\/support.microsoft.com\/es-es\/windows\/microsoft-edge-datos-de-exploraci%C3%B3n-y-privacidad-bb8174ba-9d73-dcf2-9b4a-c582b4e640dd\" target=\"_blank\" rel=\"noopener\">Microsoft Edge<\/a><br \/>\n<a href=\"https:\/\/support.apple.com\/es-es\/HT201265\" target=\"_blank\" rel=\"noopener\">Safari<\/a><br \/>\n<a href=\"https:\/\/help.opera.com\/en\/latest\/web-preferences\/#cookies\" target=\"_blank\" rel=\"noopener\">Op\u00e9ra<\/a><\/p>\n<p>L&rsquo;utilisateur peut r\u00e9voquer son consentement \u00e0 l&rsquo;utilisation de cookies dans son navigateur en suivant les instructions ci-dessus ou en installant un syst\u00e8me de d\u00e9sactivation dans son navigateur Web.<\/p>\n<p>Dans le cas des cookies Google Analytics, la d\u00e9sactivation peut \u00eatre effectu\u00e9e via le <a href=\"https:\/\/tools.google.com\/dlpage\/gaoptout?hl=None\" target=\"_blank\" rel=\"noopener\">lien suivant<\/a> .<\/p>\n<p>Les utilisateurs doivent \u00eatre conscients que certaines fonctionnalit\u00e9s du site web atriographics.es ne sont disponibles que s&rsquo;ils autorisent l&rsquo;installation de cookies dans leur navigateur. Le refus ou le blocage de certains cookies (selon leur finalit\u00e9) peut affecter, en tout ou en partie, le fonctionnement normal du site web ou emp\u00eacher l&rsquo;acc\u00e8s \u00e0 certains de ses services.<\/p>\n<\/div><\/div><div class=\"w-separator size_medium\"><\/div><div class=\"wpb_text_column\"><div class=\"wpb_wrapper\"><h2>4. Mises \u00e0 jour et modifications de la politique relative aux cookies<\/h2>\n<\/div><\/div><div class=\"w-separator size_small\"><\/div><div class=\"wpb_text_column\"><div class=\"wpb_wrapper\"><p>3D Atrio Graphics SL peut modifier cette politique de cookies en fonction de nouvelles exigences l\u00e9gislatives ou r\u00e9glementaires, ou afin d&rsquo;adapter ladite politique aux instructions \u00e9mises par l&rsquo;Agence espagnole de protection des donn\u00e9es.<\/p>\n<p> Si vous souhaitez plus d&rsquo;informations sur la fa\u00e7on dont nous utilisons les cookies, vous pouvez nous envoyer un e-mail \u00e0 : <a href=\"mailto:info@atriographics.es\" target=\"_blank\" rel=\"noopener\">info@atriographics.es<\/a> .<\/p>\n<\/div><\/div><\/div><\/div><\/div><\/div><\/div><\/section>\n","protected":false},"excerpt":{"rendered":"Politique Cookies1. Que sont les cookies ? 3D Atrio Graphics SL est responsable du site Web atriographics.es et utilise des cookies et\/ou d&rsquo;autres fichiers ayant des fonctionnalit\u00e9s similaires (ci-apr\u00e8s \u00ab Cookies \u00bb). Les cookies sont de petits fichiers de donn\u00e9es envoy\u00e9s sur l&rsquo;ordinateur, le t\u00e9l\u00e9phone portable ou tout autre appareil d&rsquo;un utilisateur lorsqu&rsquo;il visite un...","protected":false},"author":1,"featured_media":0,"parent":0,"menu_order":0,"comment_status":"closed","ping_status":"open","template":"","meta":{"footnotes":""},"class_list":["post-3450","page","type-page","status-publish","hentry"],"yoast_head":"<!-- This site is optimized with the Yoast SEO plugin v27.4 - https:\/\/yoast.com\/product\/yoast-seo-wordpress\/ -->\n<title>Politique Cookies | Atrio Graphics<\/title>\n<meta name=\"robots\" content=\"index, follow, max-snippet:-1, max-image-preview:large, max-video-preview:-1\" \/>\n<link rel=\"canonical\" href=\"https:\/\/atriographics.es\/fr\/politique-relative-aux-cookies\/\" \/>\n<meta property=\"og:locale\" content=\"fr_FR\" \/>\n<meta property=\"og:type\" content=\"article\" \/>\n<meta property=\"og:title\" content=\"Politique Cookies | Atrio Graphics\" \/>\n<meta property=\"og:url\" content=\"https:\/\/atriographics.es\/fr\/politique-relative-aux-cookies\/\" \/>\n<meta property=\"og:site_name\" content=\"Atrio Graphics\" \/>\n<meta property=\"article:modified_time\" content=\"2025-07-08T08:31:06+00:00\" \/>\n<meta name=\"twitter:card\" content=\"summary_large_image\" \/>\n<meta name=\"twitter:label1\" content=\"Dur\u00e9e de lecture estim\u00e9e\" \/>\n\t<meta name=\"twitter:data1\" content=\"3 minutes\" \/>\n<script type=\"application\/ld+json\" class=\"yoast-schema-graph\">{\"@context\":\"https:\\\/\\\/schema.org\",\"@graph\":[{\"@type\":\"WebPage\",\"@id\":\"https:\\\/\\\/atriographics.es\\\/fr\\\/politique-relative-aux-cookies\\\/\",\"url\":\"https:\\\/\\\/atriographics.es\\\/fr\\\/politique-relative-aux-cookies\\\/\",\"name\":\"Politique Cookies | Atrio Graphics\",\"isPartOf\":{\"@id\":\"https:\\\/\\\/atriographics.es\\\/#website\"},\"datePublished\":\"2025-06-03T09:12:36+00:00\",\"dateModified\":\"2025-07-08T08:31:06+00:00\",\"breadcrumb\":{\"@id\":\"https:\\\/\\\/atriographics.es\\\/fr\\\/politique-relative-aux-cookies\\\/#breadcrumb\"},\"inLanguage\":\"fr-FR\",\"potentialAction\":[{\"@type\":\"ReadAction\",\"target\":[\"https:\\\/\\\/atriographics.es\\\/fr\\\/politique-relative-aux-cookies\\\/\"]}]},{\"@type\":\"BreadcrumbList\",\"@id\":\"https:\\\/\\\/atriographics.es\\\/fr\\\/politique-relative-aux-cookies\\\/#breadcrumb\",\"itemListElement\":[{\"@type\":\"ListItem\",\"position\":1,\"name\":\"Inicio\",\"item\":\"https:\\\/\\\/atriographics.es\\\/fr\\\/\"},{\"@type\":\"ListItem\",\"position\":2,\"name\":\"Politique Cookies\"}]},{\"@type\":\"WebSite\",\"@id\":\"https:\\\/\\\/atriographics.es\\\/#website\",\"url\":\"https:\\\/\\\/atriographics.es\\\/\",\"name\":\"Atrio Graphics\",\"description\":\"Dise\u00f1o de espacios en la nube.\",\"publisher\":{\"@id\":\"https:\\\/\\\/atriographics.es\\\/#organization\"},\"potentialAction\":[{\"@type\":\"SearchAction\",\"target\":{\"@type\":\"EntryPoint\",\"urlTemplate\":\"https:\\\/\\\/atriographics.es\\\/?s={search_term_string}\"},\"query-input\":{\"@type\":\"PropertyValueSpecification\",\"valueRequired\":true,\"valueName\":\"search_term_string\"}}],\"inLanguage\":\"fr-FR\"},{\"@type\":\"Organization\",\"@id\":\"https:\\\/\\\/atriographics.es\\\/#organization\",\"name\":\"Atrio Graphics\",\"url\":\"https:\\\/\\\/atriographics.es\\\/\",\"logo\":{\"@type\":\"ImageObject\",\"inLanguage\":\"fr-FR\",\"@id\":\"https:\\\/\\\/atriographics.es\\\/#\\\/schema\\\/logo\\\/image\\\/\",\"url\":\"https:\\\/\\\/dev.atriographics.es\\\/wp-content\\\/uploads\\\/2025\\\/06\\\/logo_Atriographics.svg\",\"contentUrl\":\"https:\\\/\\\/dev.atriographics.es\\\/wp-content\\\/uploads\\\/2025\\\/06\\\/logo_Atriographics.svg\",\"width\":\"1024\",\"height\":\"1024\",\"caption\":\"Atrio Graphics\"},\"image\":{\"@id\":\"https:\\\/\\\/atriographics.es\\\/#\\\/schema\\\/logo\\\/image\\\/\"}}]}<\/script>\n<!-- \/ Yoast SEO plugin. -->","yoast_head_json":{"title":"Politique Cookies | Atrio Graphics","robots":{"index":"index","follow":"follow","max-snippet":"max-snippet:-1","max-image-preview":"max-image-preview:large","max-video-preview":"max-video-preview:-1"},"canonical":"https:\/\/atriographics.es\/fr\/politique-relative-aux-cookies\/","og_locale":"fr_FR","og_type":"article","og_title":"Politique Cookies | Atrio Graphics","og_url":"https:\/\/atriographics.es\/fr\/politique-relative-aux-cookies\/","og_site_name":"Atrio Graphics","article_modified_time":"2025-07-08T08:31:06+00:00","twitter_card":"summary_large_image","twitter_misc":{"Dur\u00e9e de lecture estim\u00e9e":"3 minutes"},"schema":{"@context":"https:\/\/schema.org","@graph":[{"@type":"WebPage","@id":"https:\/\/atriographics.es\/fr\/politique-relative-aux-cookies\/","url":"https:\/\/atriographics.es\/fr\/politique-relative-aux-cookies\/","name":"Politique Cookies | Atrio Graphics","isPartOf":{"@id":"https:\/\/atriographics.es\/#website"},"datePublished":"2025-06-03T09:12:36+00:00","dateModified":"2025-07-08T08:31:06+00:00","breadcrumb":{"@id":"https:\/\/atriographics.es\/fr\/politique-relative-aux-cookies\/#breadcrumb"},"inLanguage":"fr-FR","potentialAction":[{"@type":"ReadAction","target":["https:\/\/atriographics.es\/fr\/politique-relative-aux-cookies\/"]}]},{"@type":"BreadcrumbList","@id":"https:\/\/atriographics.es\/fr\/politique-relative-aux-cookies\/#breadcrumb","itemListElement":[{"@type":"ListItem","position":1,"name":"Inicio","item":"https:\/\/atriographics.es\/fr\/"},{"@type":"ListItem","position":2,"name":"Politique Cookies"}]},{"@type":"WebSite","@id":"https:\/\/atriographics.es\/#website","url":"https:\/\/atriographics.es\/","name":"Atrio Graphics","description":"Dise\u00f1o de espacios en la nube.","publisher":{"@id":"https:\/\/atriographics.es\/#organization"},"potentialAction":[{"@type":"SearchAction","target":{"@type":"EntryPoint","urlTemplate":"https:\/\/atriographics.es\/?s={search_term_string}"},"query-input":{"@type":"PropertyValueSpecification","valueRequired":true,"valueName":"search_term_string"}}],"inLanguage":"fr-FR"},{"@type":"Organization","@id":"https:\/\/atriographics.es\/#organization","name":"Atrio Graphics","url":"https:\/\/atriographics.es\/","logo":{"@type":"ImageObject","inLanguage":"fr-FR","@id":"https:\/\/atriographics.es\/#\/schema\/logo\/image\/","url":"https:\/\/dev.atriographics.es\/wp-content\/uploads\/2025\/06\/logo_Atriographics.svg","contentUrl":"https:\/\/dev.atriographics.es\/wp-content\/uploads\/2025\/06\/logo_Atriographics.svg","width":"1024","height":"1024","caption":"Atrio Graphics"},"image":{"@id":"https:\/\/atriographics.es\/#\/schema\/logo\/image\/"}}]}},"_links":{"self":[{"href":"https:\/\/atriographics.es\/fr\/wp-json\/wp\/v2\/pages\/3450","targetHints":{"allow":["GET"]}}],"collection":[{"href":"https:\/\/atriographics.es\/fr\/wp-json\/wp\/v2\/pages"}],"about":[{"href":"https:\/\/atriographics.es\/fr\/wp-json\/wp\/v2\/types\/page"}],"author":[{"embeddable":true,"href":"https:\/\/atriographics.es\/fr\/wp-json\/wp\/v2\/users\/1"}],"replies":[{"embeddable":true,"href":"https:\/\/atriographics.es\/fr\/wp-json\/wp\/v2\/comments?post=3450"}],"version-history":[{"count":5,"href":"https:\/\/atriographics.es\/fr\/wp-json\/wp\/v2\/pages\/3450\/revisions"}],"predecessor-version":[{"id":3558,"href":"https:\/\/atriographics.es\/fr\/wp-json\/wp\/v2\/pages\/3450\/revisions\/3558"}],"wp:attachment":[{"href":"https:\/\/atriographics.es\/fr\/wp-json\/wp\/v2\/media?parent=3450"}],"curies":[{"name":"wp","href":"https:\/\/api.w.org\/{rel}","templated":true}]}}