{"id":3447,"date":"2025-06-17T18:21:05","date_gmt":"2025-06-17T16:21:05","guid":{"rendered":"https:\/\/dev.atriographics.es\/tutoriels\/"},"modified":"2025-07-08T11:52:11","modified_gmt":"2025-07-08T09:52:11","slug":"tutoriels","status":"publish","type":"page","link":"https:\/\/atriographics.es\/fr\/tutoriels\/","title":{"rendered":"Tutoriels"},"content":{"rendered":"<section class=\"l-section wpb_row height_medium\"><div class=\"l-section-h i-cf\"><div class=\"g-cols vc_row via_flex valign_top type_default stacking_default\"><div class=\"vc_col-sm-12 wpb_column vc_column_container\"><div class=\"vc_column-inner\"><div class=\"wpb_wrapper\"><h1 class=\"w-text us_custom_df3b3b1a\"><span class=\"w-text-h\"><span class=\"w-text-value\">Bienvenue dans notre section tutoriels<\/span><\/span><\/h1><\/div><\/div><\/div><\/div><\/div><\/section><section class=\"l-section wpb_row height_medium\"><div class=\"l-section-h i-cf\"><div class=\"g-cols vc_row via_flex valign_middle type_default stacking_default\"><div class=\"vc_col-sm-12 vc_col-lg-2\/5 vc_col-md-2\/5 wpb_column vc_column_container\"><div class=\"vc_column-inner\"><div class=\"wpb_wrapper\"><div class=\"w-text us_custom_799c2bf6 has_text_color\"><span class=\"w-text-h\"><span class=\"w-text-value\">Tutoriel 1<\/span><\/span><\/div><h2 class=\"w-text\"><span class=\"w-text-h\"><span class=\"w-text-value\">Notions de base<\/span><\/span><\/h2><div class=\"w-separator size_small\"><\/div><div class=\"wpb_text_column\"><div class=\"wpb_wrapper\"><p>Dans ce tutoriel, nous allons apprendre les premi\u00e8res \u00e9tapes pour utiliser cette application : Cr\u00e9er des pi\u00e8ces, des portes, des fen\u00eatres, des installations, etc.<\/p>\n<\/div><\/div><div class=\"w-separator size_small\"><\/div><div class=\"w-btn-wrapper default_align_none laptops_align_none tablets_align_none mobiles_align_center\"><a class=\"w-btn us-btn-style_1 us_custom_14373e58 icon_atright\" target=\"_blank\" href=\"https:\/\/www.youtube.com\/watch?v=lUwWKqsEeaE\"><span class=\"w-btn-label\">Regardez la vid\u00e9o compl\u00e8te<\/span><i class=\"fab fa-youtube\"><\/i><\/a><\/div><\/div><\/div><\/div><div class=\"vc_col-sm-12 vc_col-lg-3\/5 vc_col-md-3\/5 wpb_column vc_column_container\"><div class=\"vc_column-inner\"><div class=\"wpb_wrapper\"><div class=\"w-video us_custom_fca8cc99 align_none ratio_16x9 has_border_radius\"><div class=\"w-video-h\"><video  preload=\"metadata\" playsinline autoplay loop muted><source type=\"video\/mp4\" src=\"\/wp-content\/uploads\/2025\/06\/Miniatura1.mp4\" \/><\/video><\/div><\/div><\/div><\/div><\/div><\/div><\/div><\/section><section class=\"l-section wpb_row height_auto\"><div class=\"l-section-h i-cf\"><div class=\"g-cols vc_row via_flex valign_middle type_default reversed stacking_default\"><div class=\"vc_col-sm-12 vc_col-lg-3\/5 vc_col-md-3\/5 vc_hidden-sm wpb_column vc_column_container\"><div class=\"vc_column-inner\"><div class=\"wpb_wrapper\"><div class=\"w-video us_custom_fca8cc99 align_none ratio_16x9 has_border_radius\"><div class=\"w-video-h\"><video  preload=\"metadata\" playsinline autoplay loop muted><source type=\"video\/mp4\" src=\"\/wp-content\/uploads\/2025\/06\/Miniatura2.mp4\" \/><\/video><\/div><\/div><\/div><\/div><\/div><div class=\"vc_col-sm-12 vc_col-lg-2\/5 vc_col-md-2\/5 wpb_column vc_column_container\"><div class=\"vc_column-inner\"><div class=\"wpb_wrapper\"><div class=\"w-text us_custom_799c2bf6 has_text_color\"><span class=\"w-text-h\"><span class=\"w-text-value\">Tutoriel 2<\/span><\/span><\/div><h2 class=\"w-text\"><span class=\"w-text-h\"><span class=\"w-text-value\">Introduction des objets<\/span><\/span><\/h2><div class=\"w-separator size_small\"><\/div><div class=\"wpb_text_column\"><div class=\"wpb_wrapper\"><p>Dans ce didacticiel, nous apprendrons \u00e0 ajouter des meubles et des d\u00e9corations \u00e0 la sc\u00e8ne, ainsi qu&rsquo;\u00e0 choisir les finitions, les options de poign\u00e9es, les portes, etc.<\/p>\n<\/div><\/div><div class=\"w-separator size_small\"><\/div><div class=\"w-btn-wrapper default_align_none laptops_align_none tablets_align_none mobiles_align_center\"><a class=\"w-btn us-btn-style_1 us_custom_14373e58 icon_atright\" target=\"_blank\" href=\"https:\/\/www.youtube.com\/watch?v=m0MaOVyTAfk\"><span class=\"w-btn-label\">Regardez la vid\u00e9o compl\u00e8te<\/span><i class=\"fab fa-youtube\"><\/i><\/a><\/div><div class=\"w-video us_custom_ca6fefed hide_on_default hide_on_laptops hide_on_mobiles align_none ratio_16x9 has_border_radius\"><div class=\"w-video-h\"><video  preload=\"metadata\" playsinline autoplay loop muted><source type=\"video\/mp4\" src=\"\/wp-content\/uploads\/2025\/06\/Miniatura2.mp4\" \/><\/video><\/div><\/div><\/div><\/div><\/div><\/div><\/div><\/section><section class=\"l-section wpb_row height_medium\"><div class=\"l-section-h i-cf\"><div class=\"g-cols vc_row via_flex valign_middle type_default stacking_default\"><div class=\"vc_col-sm-12 vc_col-lg-2\/5 vc_col-md-2\/5 wpb_column vc_column_container\"><div class=\"vc_column-inner\"><div class=\"wpb_wrapper\"><div class=\"w-text us_custom_799c2bf6 has_text_color\"><span class=\"w-text-h\"><span class=\"w-text-value\">Tutoriel 3<\/span><\/span><\/div><h2 class=\"w-text\"><span class=\"w-text-h\"><span class=\"w-text-value\">Gestion du budget et des commandes<\/span><\/span><\/h2><div class=\"w-separator size_small\"><\/div><div class=\"wpb_text_column\"><div class=\"wpb_wrapper\"><p>Dans ce tutoriel, nous apprendrons \u00e0 choisir les pr\u00e9f\u00e9rences des utilisateurs, ainsi qu&rsquo;\u00e0 g\u00e9rer les budgets et les commandes pour les sc\u00e8nes cr\u00e9\u00e9es.<\/p>\n<\/div><\/div><div class=\"w-separator size_small\"><\/div><div class=\"w-btn-wrapper default_align_none laptops_align_none tablets_align_none mobiles_align_center\"><a class=\"w-btn us-btn-style_1 us_custom_14373e58 icon_atright\" target=\"_blank\" href=\"https:\/\/www.youtube.com\/watch?v=jUPd16sDqxQ\"><span class=\"w-btn-label\">Regardez la vid\u00e9o compl\u00e8te<\/span><i class=\"fab fa-youtube\"><\/i><\/a><\/div><\/div><\/div><\/div><div class=\"vc_col-sm-12 vc_col-lg-3\/5 vc_col-md-3\/5 wpb_column vc_column_container\"><div class=\"vc_column-inner\"><div class=\"wpb_wrapper\"><div class=\"w-video us_custom_fca8cc99 align_none ratio_16x9 has_border_radius\"><div class=\"w-video-h\"><video  preload=\"metadata\" playsinline autoplay loop muted><source type=\"video\/mp4\" src=\"\/wp-content\/uploads\/2025\/06\/Miniatura3.mp4\" \/><\/video><\/div><\/div><\/div><\/div><\/div><\/div><\/div><\/section>\n","protected":false},"excerpt":{"rendered":"Bienvenue dans notre section tutorielsTutoriel 1Notions de baseDans ce tutoriel, nous allons apprendre les premi\u00e8res \u00e9tapes pour utiliser cette application : Cr\u00e9er des pi\u00e8ces, des portes, des fen\u00eatres, des installations, etc. Regardez la vid\u00e9o compl\u00e8teTutoriel 2Introduction des objetsDans ce didacticiel, nous apprendrons \u00e0 ajouter des meubles et des d\u00e9corations \u00e0 la sc\u00e8ne, ainsi qu&rsquo;\u00e0 choisir...","protected":false},"author":1,"featured_media":0,"parent":0,"menu_order":0,"comment_status":"closed","ping_status":"closed","template":"","meta":{"footnotes":""},"class_list":["post-3447","page","type-page","status-publish","hentry"],"yoast_head":"<!-- This site is optimized with the Yoast SEO plugin v27.4 - https:\/\/yoast.com\/product\/yoast-seo-wordpress\/ -->\n<title>Tutoriels | Atrio Graphics<\/title>\n<meta name=\"robots\" content=\"index, follow, max-snippet:-1, max-image-preview:large, max-video-preview:-1\" \/>\n<link rel=\"canonical\" href=\"https:\/\/atriographics.es\/fr\/tutoriels\/\" \/>\n<meta property=\"og:locale\" content=\"fr_FR\" \/>\n<meta property=\"og:type\" content=\"article\" \/>\n<meta property=\"og:title\" content=\"Tutoriels | Atrio Graphics\" \/>\n<meta property=\"og:url\" content=\"https:\/\/atriographics.es\/fr\/tutoriels\/\" \/>\n<meta property=\"og:site_name\" content=\"Atrio Graphics\" \/>\n<meta property=\"article:modified_time\" content=\"2025-07-08T09:52:11+00:00\" \/>\n<meta name=\"twitter:card\" content=\"summary_large_image\" \/>\n<meta name=\"twitter:label1\" content=\"Dur\u00e9e de lecture estim\u00e9e\" \/>\n\t<meta name=\"twitter:data1\" content=\"4 minutes\" \/>\n<script type=\"application\/ld+json\" class=\"yoast-schema-graph\">{\"@context\":\"https:\\\/\\\/schema.org\",\"@graph\":[{\"@type\":\"WebPage\",\"@id\":\"https:\\\/\\\/atriographics.es\\\/fr\\\/tutoriels\\\/\",\"url\":\"https:\\\/\\\/atriographics.es\\\/fr\\\/tutoriels\\\/\",\"name\":\"Tutoriels | Atrio Graphics\",\"isPartOf\":{\"@id\":\"https:\\\/\\\/atriographics.es\\\/#website\"},\"datePublished\":\"2025-06-17T16:21:05+00:00\",\"dateModified\":\"2025-07-08T09:52:11+00:00\",\"breadcrumb\":{\"@id\":\"https:\\\/\\\/atriographics.es\\\/fr\\\/tutoriels\\\/#breadcrumb\"},\"inLanguage\":\"fr-FR\",\"potentialAction\":[{\"@type\":\"ReadAction\",\"target\":[\"https:\\\/\\\/atriographics.es\\\/fr\\\/tutoriels\\\/\"]}]},{\"@type\":\"BreadcrumbList\",\"@id\":\"https:\\\/\\\/atriographics.es\\\/fr\\\/tutoriels\\\/#breadcrumb\",\"itemListElement\":[{\"@type\":\"ListItem\",\"position\":1,\"name\":\"Inicio\",\"item\":\"https:\\\/\\\/atriographics.es\\\/fr\\\/\"},{\"@type\":\"ListItem\",\"position\":2,\"name\":\"Tutoriels\"}]},{\"@type\":\"WebSite\",\"@id\":\"https:\\\/\\\/atriographics.es\\\/#website\",\"url\":\"https:\\\/\\\/atriographics.es\\\/\",\"name\":\"Atrio Graphics\",\"description\":\"Dise\u00f1o de espacios en la nube.\",\"publisher\":{\"@id\":\"https:\\\/\\\/atriographics.es\\\/#organization\"},\"potentialAction\":[{\"@type\":\"SearchAction\",\"target\":{\"@type\":\"EntryPoint\",\"urlTemplate\":\"https:\\\/\\\/atriographics.es\\\/?s={search_term_string}\"},\"query-input\":{\"@type\":\"PropertyValueSpecification\",\"valueRequired\":true,\"valueName\":\"search_term_string\"}}],\"inLanguage\":\"fr-FR\"},{\"@type\":\"Organization\",\"@id\":\"https:\\\/\\\/atriographics.es\\\/#organization\",\"name\":\"Atrio Graphics\",\"url\":\"https:\\\/\\\/atriographics.es\\\/\",\"logo\":{\"@type\":\"ImageObject\",\"inLanguage\":\"fr-FR\",\"@id\":\"https:\\\/\\\/atriographics.es\\\/#\\\/schema\\\/logo\\\/image\\\/\",\"url\":\"https:\\\/\\\/dev.atriographics.es\\\/wp-content\\\/uploads\\\/2025\\\/06\\\/logo_Atriographics.svg\",\"contentUrl\":\"https:\\\/\\\/dev.atriographics.es\\\/wp-content\\\/uploads\\\/2025\\\/06\\\/logo_Atriographics.svg\",\"width\":\"1024\",\"height\":\"1024\",\"caption\":\"Atrio Graphics\"},\"image\":{\"@id\":\"https:\\\/\\\/atriographics.es\\\/#\\\/schema\\\/logo\\\/image\\\/\"}}]}<\/script>\n<!-- \/ Yoast SEO plugin. -->","yoast_head_json":{"title":"Tutoriels | Atrio Graphics","robots":{"index":"index","follow":"follow","max-snippet":"max-snippet:-1","max-image-preview":"max-image-preview:large","max-video-preview":"max-video-preview:-1"},"canonical":"https:\/\/atriographics.es\/fr\/tutoriels\/","og_locale":"fr_FR","og_type":"article","og_title":"Tutoriels | Atrio Graphics","og_url":"https:\/\/atriographics.es\/fr\/tutoriels\/","og_site_name":"Atrio Graphics","article_modified_time":"2025-07-08T09:52:11+00:00","twitter_card":"summary_large_image","twitter_misc":{"Dur\u00e9e de lecture estim\u00e9e":"4 minutes"},"schema":{"@context":"https:\/\/schema.org","@graph":[{"@type":"WebPage","@id":"https:\/\/atriographics.es\/fr\/tutoriels\/","url":"https:\/\/atriographics.es\/fr\/tutoriels\/","name":"Tutoriels | Atrio Graphics","isPartOf":{"@id":"https:\/\/atriographics.es\/#website"},"datePublished":"2025-06-17T16:21:05+00:00","dateModified":"2025-07-08T09:52:11+00:00","breadcrumb":{"@id":"https:\/\/atriographics.es\/fr\/tutoriels\/#breadcrumb"},"inLanguage":"fr-FR","potentialAction":[{"@type":"ReadAction","target":["https:\/\/atriographics.es\/fr\/tutoriels\/"]}]},{"@type":"BreadcrumbList","@id":"https:\/\/atriographics.es\/fr\/tutoriels\/#breadcrumb","itemListElement":[{"@type":"ListItem","position":1,"name":"Inicio","item":"https:\/\/atriographics.es\/fr\/"},{"@type":"ListItem","position":2,"name":"Tutoriels"}]},{"@type":"WebSite","@id":"https:\/\/atriographics.es\/#website","url":"https:\/\/atriographics.es\/","name":"Atrio Graphics","description":"Dise\u00f1o de espacios en la nube.","publisher":{"@id":"https:\/\/atriographics.es\/#organization"},"potentialAction":[{"@type":"SearchAction","target":{"@type":"EntryPoint","urlTemplate":"https:\/\/atriographics.es\/?s={search_term_string}"},"query-input":{"@type":"PropertyValueSpecification","valueRequired":true,"valueName":"search_term_string"}}],"inLanguage":"fr-FR"},{"@type":"Organization","@id":"https:\/\/atriographics.es\/#organization","name":"Atrio Graphics","url":"https:\/\/atriographics.es\/","logo":{"@type":"ImageObject","inLanguage":"fr-FR","@id":"https:\/\/atriographics.es\/#\/schema\/logo\/image\/","url":"https:\/\/dev.atriographics.es\/wp-content\/uploads\/2025\/06\/logo_Atriographics.svg","contentUrl":"https:\/\/dev.atriographics.es\/wp-content\/uploads\/2025\/06\/logo_Atriographics.svg","width":"1024","height":"1024","caption":"Atrio Graphics"},"image":{"@id":"https:\/\/atriographics.es\/#\/schema\/logo\/image\/"}}]}},"_links":{"self":[{"href":"https:\/\/atriographics.es\/fr\/wp-json\/wp\/v2\/pages\/3447","targetHints":{"allow":["GET"]}}],"collection":[{"href":"https:\/\/atriographics.es\/fr\/wp-json\/wp\/v2\/pages"}],"about":[{"href":"https:\/\/atriographics.es\/fr\/wp-json\/wp\/v2\/types\/page"}],"author":[{"embeddable":true,"href":"https:\/\/atriographics.es\/fr\/wp-json\/wp\/v2\/users\/1"}],"replies":[{"embeddable":true,"href":"https:\/\/atriographics.es\/fr\/wp-json\/wp\/v2\/comments?post=3447"}],"version-history":[{"count":3,"href":"https:\/\/atriographics.es\/fr\/wp-json\/wp\/v2\/pages\/3447\/revisions"}],"predecessor-version":[{"id":3568,"href":"https:\/\/atriographics.es\/fr\/wp-json\/wp\/v2\/pages\/3447\/revisions\/3568"}],"wp:attachment":[{"href":"https:\/\/atriographics.es\/fr\/wp-json\/wp\/v2\/media?parent=3447"}],"curies":[{"name":"wp","href":"https:\/\/api.w.org\/{rel}","templated":true}]}}